{"id":51726,"date":"2020-02-10T16:58:14","date_gmt":"2020-02-10T16:58:14","guid":{"rendered":"https:\/\/donaulife-new.ogrisdigital.at\/produkt\/fluence-spydr2x\/"},"modified":"2024-07-01T00:37:05","modified_gmt":"2024-07-01T00:37:05","slug":"fluence-spydr2x","status":"publish","type":"product","link":"https:\/\/donaulife-new.ogrisdigital.at\/fi\/fluence-spydr2x\/","title":{"rendered":"FLUENCE &#8216;Spydr 2X&#8217; Pflanzenlampe | 345 Watt"},"content":{"rendered":"<p>Die SPYDR 2x von Fluence ist der erfolgreiche Nachfolger der SPYDRx und (wie ihr Vorg\u00e4nger) f\u00fcr den Einsatz in konventionellen Anbausituationen vorgesehen. In Bezug auf das Aussehen gibt es keinen Unterschied zu den an anderer Stelle besprochenen 2i und 2p. Der Unterschied liegt vor allem in der Lichtst\u00e4rke und damit im Stromverbrauch. Mit einem PPF von 860 \u00b5mol\/s erzeugt diese Lampe immer noch ein sehr leistungsstarkes Licht, das bei einer bescheidenen H\u00e4ngeh\u00f6he von 16 bis maximal 30 cm f\u00fcr Ihre Pflanzen absolut sicher ist, ohne dass Sie der Luft in Ihrem Zuchtraum zus\u00e4tzliches\u00a0CO2\u00a0hinzuf\u00fcgen m\u00fcssen. Auch der Stromverbrauch ist proportional viel geringer, n\u00e4mlich 345 Watt.<\/p>\n<p>Die Fluence SPYDR 2x ist mit dem von Fluence selbst entwickelten PhysioSpec Indoor-Spektrum ausgestattet. Dieses Spektrum ist ma\u00dfgeschneidert f\u00fcr den Indoor-Anbau und auf den gesamten Lebenszyklus Ihrer Pflanzen ausgelegt. So f\u00fchlen sich auch S\u00e4mlinge, Stecklinge und Klone im Licht dieser Lampe wohl. Das PhysioSpec Indoor-Spektrum erreicht einen Wert von 85 auf der CRI-Skala, was darauf hindeutet, dass das ausgestrahlte Licht hervorragend f\u00fcr Arbeits- und Forschungsbedingungen geeignet ist, bei denen nat\u00fcrliche, lebendige Farben und guter Kontrast wichtig sind. Die Fluence SPYDR 2x verf\u00fcgt nicht \u00fcber einen eingebauten Dimmer. Sie k\u00f6nnen mehrere SPYDRs 2 an einen Dimmer anschlie\u00dfen.<\/p>\n<p>Die Fluence SPYDR 2x ist eine professionelle LED-Zuchtlampe, die ihre Energie sehr sparsam einsetzt. Die gro\u00dfe Lichtfl\u00e4che verteilt das Licht extrem gleichm\u00e4\u00dfig auf die Anbaufl\u00e4che und dringt hervorragend zu den Bl\u00e4ttern durch. Die von Fluence verwendeten Materialien, das schlichte Design und der Verzicht auf L\u00fcfter machen die Fluence SPYDR 2x zu einer leisen, soliden Zuchtlampe, die viele Jahre h\u00e4lt. Die Fluence SPYDR 2x kann einzeln oder in Reihe an das Netz angeschlossen werden. Diese LED-Zuchtlampe ist f\u00fcr den Einsatz in Regalen (Vertical Farming), Zuchttischen und in Zuchtzelten geeignet. Eine Aufh\u00e4ngevorrichtung ist im Lieferumfang enthalten.<\/p>\n","protected":false},"excerpt":{"rendered":"<p>Die SPYDR 2x von Fluence ist der erfolgreiche Nachfolger der SPYDRx und (wie ihr Vorg\u00e4nger) f\u00fcr den Einsatz in konventionellen<\/p>\n","protected":false},"featured_media":24888,"comment_status":"open","ping_status":"open","template":"","meta":{"_acf_changed":false},"product_cat":[3106,3075],"product_tag":[3129,3108,3109,3110,3111,3130],"acf":[],"_links":{"self":[{"href":"https:\/\/donaulife-new.ogrisdigital.at\/fi\/wp-json\/wp\/v2\/product\/51726"}],"collection":[{"href":"https:\/\/donaulife-new.ogrisdigital.at\/fi\/wp-json\/wp\/v2\/product"}],"about":[{"href":"https:\/\/donaulife-new.ogrisdigital.at\/fi\/wp-json\/wp\/v2\/types\/product"}],"replies":[{"embeddable":true,"href":"https:\/\/donaulife-new.ogrisdigital.at\/fi\/wp-json\/wp\/v2\/comments?post=51726"}],"wp:featuredmedia":[{"embeddable":true,"href":"https:\/\/donaulife-new.ogrisdigital.at\/fi\/wp-json\/wp\/v2\/media\/24888"}],"wp:attachment":[{"href":"https:\/\/donaulife-new.ogrisdigital.at\/fi\/wp-json\/wp\/v2\/media?parent=51726"}],"wp:term":[{"taxonomy":"product_cat","embeddable":true,"href":"https:\/\/donaulife-new.ogrisdigital.at\/fi\/wp-json\/wp\/v2\/product_cat?post=51726"},{"taxonomy":"product_tag","embeddable":true,"href":"https:\/\/donaulife-new.ogrisdigital.at\/fi\/wp-json\/wp\/v2\/product_tag?post=51726"}],"curies":[{"name":"wp","href":"https:\/\/api.w.org\/{rel}","templated":true}]}}