{"id":51680,"date":"2020-01-12T23:18:41","date_gmt":"2020-01-12T23:18:41","guid":{"rendered":"https:\/\/donaulife-new.ogrisdigital.at\/produkt\/grace-glass-amsterdam-serie-blue-spirit-37-cm\/"},"modified":"2025-01-15T07:13:16","modified_gmt":"2025-01-15T07:13:16","slug":"grace-glass-amsterdam-serie-blue-spirit-37-cm","status":"publish","type":"product","link":"https:\/\/donaulife-new.ogrisdigital.at\/fi\/grace-glass-amsterdam-serie-blue-spirit-37-cm\/","title":{"rendered":"GRACE GLASS Amsterdam Series &#8216;blue Spirit&#8217; | 37 cm"},"content":{"rendered":"<p>Diese Beaker Bong entstammt einer besonders gelungen Amsterdam Serie aus dem Hause Grace Glass.\u00a0Sie kommt mit coolen blauen Akzenten auf dem hitzebest\u00e4ndigen Borosilikatglas. Die Bong besitzt einen Spiralpercolator den Rauch verwirbelt, filtert und somit gleichzeitig k\u00fchlt. Dar\u00fcber hinaus verf\u00fcgt sie \u00fcber ein gro\u00dfz\u00fcgig gestaltetes Eisfach und einen Normschliff von 18,8 mm. Ein Kickloch ist vorhanden. Chillum und Bonkopf k\u00f6nnen entfernt werden was die Reinigung erleichtert.<\/p>\n","protected":false},"excerpt":{"rendered":"<p>Diese Beaker Bong entstammt einer besonders gelungen Amsterdam Serie aus dem Hause Grace Glass.\u00a0Sie kommt mit coolen blauen Akzenten auf<\/p>\n","protected":false},"featured_media":24645,"comment_status":"open","ping_status":"open","template":"","meta":{"_acf_changed":false},"product_cat":[2514,2459,2613,2523,2635,2577,2506,2463],"product_tag":[],"acf":[],"_links":{"self":[{"href":"https:\/\/donaulife-new.ogrisdigital.at\/fi\/wp-json\/wp\/v2\/product\/51680"}],"collection":[{"href":"https:\/\/donaulife-new.ogrisdigital.at\/fi\/wp-json\/wp\/v2\/product"}],"about":[{"href":"https:\/\/donaulife-new.ogrisdigital.at\/fi\/wp-json\/wp\/v2\/types\/product"}],"replies":[{"embeddable":true,"href":"https:\/\/donaulife-new.ogrisdigital.at\/fi\/wp-json\/wp\/v2\/comments?post=51680"}],"wp:featuredmedia":[{"embeddable":true,"href":"https:\/\/donaulife-new.ogrisdigital.at\/fi\/wp-json\/wp\/v2\/media\/24645"}],"wp:attachment":[{"href":"https:\/\/donaulife-new.ogrisdigital.at\/fi\/wp-json\/wp\/v2\/media?parent=51680"}],"wp:term":[{"taxonomy":"product_cat","embeddable":true,"href":"https:\/\/donaulife-new.ogrisdigital.at\/fi\/wp-json\/wp\/v2\/product_cat?post=51680"},{"taxonomy":"product_tag","embeddable":true,"href":"https:\/\/donaulife-new.ogrisdigital.at\/fi\/wp-json\/wp\/v2\/product_tag?post=51680"}],"curies":[{"name":"wp","href":"https:\/\/api.w.org\/{rel}","templated":true}]}}