{"id":51635,"date":"2019-12-17T10:06:19","date_gmt":"2019-12-17T10:06:19","guid":{"rendered":"https:\/\/donaulife-new.ogrisdigital.at\/produkt\/black-leaf-stahlhaengesiebe-15-18-mm-3er-pack\/"},"modified":"2024-07-01T00:35:57","modified_gmt":"2024-07-01T00:35:57","slug":"black-leaf-stahlhaengesiebe-15-18-mm-3er-pack","status":"publish","type":"product","link":"https:\/\/donaulife-new.ogrisdigital.at\/fi\/black-leaf-stahlhaengesiebe-15-18-mm-3er-pack\/","title":{"rendered":"BLACK LEAF Stahlh\u00e4ngesiebe 12\/15\/18 mm | 3er Pack"},"content":{"rendered":"<h2>Black Leaf Stahlh\u00e4ngesiebe 3er Pack<\/h2>\n<p>Diese Black Leaf Stahlh\u00e4ngesiebe kommen in den Gr\u00f6\u00dfen 12 mm, 15 mm oder 18 mm.<\/p>\n<h3><span style=\"font-size: 20.16px;\">\u00dcber Black Leaf:<\/span><\/h3>\n<div>\n<p>In Weed We Trust ? Smoking\u00a0<em>Paraphernalia<\/em> seit 1988: Bongs, Pfeifen, Vaporizer, Grinder, Dabbing Zubeh\u00f6r, Paper &amp; Filter, Lifestyle Produkte. Es gibt viele Innovative Produkte der Marke die auch die ein oder andere Weltneuheit erschaffen haben. Im Shop bieten wir von allen Produkten die beste Auswahl.<\/p>\n<\/div>\n","protected":false},"excerpt":{"rendered":"<p>Black Leaf Stahlh\u00e4ngesiebe 3er Pack Diese Black Leaf Stahlh\u00e4ngesiebe kommen in den Gr\u00f6\u00dfen 12 mm, 15 mm oder 18 mm.<\/p>\n","protected":false},"featured_media":24287,"comment_status":"open","ping_status":"closed","template":"","meta":{"_acf_changed":false},"product_cat":[2459,2527,2460],"product_tag":[2521],"acf":[],"_links":{"self":[{"href":"https:\/\/donaulife-new.ogrisdigital.at\/fi\/wp-json\/wp\/v2\/product\/51635"}],"collection":[{"href":"https:\/\/donaulife-new.ogrisdigital.at\/fi\/wp-json\/wp\/v2\/product"}],"about":[{"href":"https:\/\/donaulife-new.ogrisdigital.at\/fi\/wp-json\/wp\/v2\/types\/product"}],"replies":[{"embeddable":true,"href":"https:\/\/donaulife-new.ogrisdigital.at\/fi\/wp-json\/wp\/v2\/comments?post=51635"}],"wp:featuredmedia":[{"embeddable":true,"href":"https:\/\/donaulife-new.ogrisdigital.at\/fi\/wp-json\/wp\/v2\/media\/24287"}],"wp:attachment":[{"href":"https:\/\/donaulife-new.ogrisdigital.at\/fi\/wp-json\/wp\/v2\/media?parent=51635"}],"wp:term":[{"taxonomy":"product_cat","embeddable":true,"href":"https:\/\/donaulife-new.ogrisdigital.at\/fi\/wp-json\/wp\/v2\/product_cat?post=51635"},{"taxonomy":"product_tag","embeddable":true,"href":"https:\/\/donaulife-new.ogrisdigital.at\/fi\/wp-json\/wp\/v2\/product_tag?post=51635"}],"curies":[{"name":"wp","href":"https:\/\/api.w.org\/{rel}","templated":true}]}}