{"id":51584,"date":"2019-11-27T17:04:40","date_gmt":"2019-11-27T17:04:40","guid":{"rendered":"https:\/\/donaulife-new.ogrisdigital.at\/produkt\/kanamu-pacha-hortisol-terra-preta-erde\/"},"modified":"2024-07-01T00:35:18","modified_gmt":"2024-07-01T00:35:18","slug":"kanamu-pacha-hortisol-terra-preta-erde","status":"publish","type":"product","link":"https:\/\/donaulife-new.ogrisdigital.at\/fi\/kanamu-pacha-hortisol-terra-preta-erde\/","title":{"rendered":"KA\u00d1AMU PACHA &#8216;Hortisol&#8217; | Terra Preta Erde"},"content":{"rendered":"<h2>Ka\u00f1amu Pacha Hortisol Terra Preta Blumenerde<\/h2>\n<p>Ka\u00f1amu Pacha &#8220;Hortisol&#8221; ist ein nat\u00fcrliches, \u00f6kologisch nachhaltiges, torffreies Kultursubstrat, konzipiert f\u00fcr das Urban Gardening und die Kultivierung von medizinischen Heilpflanzen. Es basiert auf dem jahrtausendealten, wiederentdeckten Terra Preta. Auf Grund seiner einzigartigen Eigenschaften ist es in der Lage die Pflanzen langfristig mit N\u00e4hrstoffen zu versorgen und sorgt gleichzeitig daf\u00fcr, dass diese nicht ausgewaschen werden. Es ist auf nat\u00fcrliche Weise frei von mineralischen D\u00fcngemitteln. Der Gehalt an Pestiziden, Herbiziden, Fungiziden, Antibiotika, Hormonen und Schwermetallen liegt unterhalb der gesetzlichen Grenzen. Ein aufwendiges Nachd\u00fcngen w\u00e4hrend des Wachstums mit komplizierten D\u00fcngeschemata entf\u00e4llt und dadurch ist eine \u00dcber- oder Unterd\u00fcngung unm\u00f6glich. Ka\u00f1amu Pacha \u201eHortisol\u201c ist ein \u201eready to grow\u201c-System, bei welchem einfach nur mit Wasser gegossen wird. Es wird aus regionalen, nachwachsenden, recycelten Rohstoffen hergestellt und ist somit frei von Torf, Kokos und Perlite. Ka\u00f1amu Pacha \u201eHortisol\u201c verbindet Qualit\u00e4t mit Quantit\u00e4t und verhilft dem Anf\u00e4nger bis hin zum Profi zu einer neuartigen und innovativen M\u00f6glichkeit des Urban Gardenings mit einer reichhaltigen Entfaltung aller Inhalts- und Wirkstoffe, in erstklassiger Bio-Qualit\u00e4t. Kurz gesagt, die SUPERSOIL f\u00fcr den Urban Gardener.<\/p>\n<p>Ka\u00f1amu Pacha Hortisol ist ein nachhaltiges \u201eready to grow\u201c-System, welches die Pflanzen \u00fcber die kompletten Vegetations-, Bl\u00fcte- und Fruchtbildungsphase mit allen wichtigen N\u00e4hrstoffen und Spurenelementen versorgt. Eine Nachd\u00fcngung ist w\u00e4hrend der gesamten Kultur nicht erforderlich. Es verhilft den Pflanzen zu einem optimalen Wachstum und einer reichhaltigen Entfaltung aller Wirk- und Inhaltsstoffe. Alles, was der Anwender tun muss, ist die Wasserversorgung der Pflanze zu gew\u00e4hrleisten, Das reichhaltige Bodenleben in Form von Mikroorganismen,Pilzen und Kleinstlebewesen sorgt f\u00fcr ges\u00fcndere Pflanzen, welche so auf nat\u00fcrliche Weise resistenter gegen Sch\u00e4dlinge und Krankheiten sind. Durch die Pufferwirkung des Hortisols werden Schwankungen und Anbaufehler ausgeglichen und dadurch eine konstant hohe Qualit\u00e4t mit gleichbleibenden Ertr\u00e4gen gew\u00e4hrleistet.<\/p>\n<h3>Anwendung<\/h3>\n<p>Ka\u00f1amu Pacha Hortisol ist ein hoch spezialisiertes, auf Terra Preta basierendes Kultursubstrat f\u00fcr das Urban Gardening und den Anbau von medizinischen Heilpflanzen. Es kann im Topf, dem Smartpot, dem Pflanzk\u00fcbel oder einfach im Gew\u00e4chshaus verwendet werden. Trocken (langfristig unter Dach) lagern.<\/p>\n<p>&nbsp;<\/p>\n<h3>\u00dcber Ka\u00f1amu Pacha<\/h3>\n<p>Ka\u00f1amu Pacha verbindet Qualit\u00e4t mit Quantit\u00e4t und verhilft dem Anf\u00e4nger bis hin zum Profi zu einer neuartigen und innovativen M\u00f6glichkeit des Urban Gardening eines biologischen und medizinisch einwandfreien Endproduktes mit einer reichhaltigen Entfaltung aller Inhalts- und Wirkstoffe.<\/p>\n<p>Viele haben zuhause einen kleinen Garten oder bauen Pflanzen auf der Terrasse, dem Balkon oder in anderer Form an. Dabei stellt sich die Frage, welche Erde man eigentlich benutzen m\u00f6chte. Viele fahren einfach in den Baumarkt und kaufen sich dort irgendeinen Sack Blumen- oder Gartenerde. Aber hat man sich je gefragt: \u201eWas kaufe ich da eigentlich und wie wird diese \u201eErde\u201c \u00fcberhaupt hergestellt?\u201c Genau das haben wir getan und uns einmal ganz genau angeschaut, was eigentlich in dieser angeblichen Erde so alles darin steckt. Schnell erkennt man beim Blick auf die R\u00fcckseite des Sackes, dass hier haupts\u00e4chlich zersetztes Torf in allen Variationen eingesetzt wird. Torfanteile von 80 % und mehr sind keine Seltenheit.<\/p>\n<h3>Was ist Torf?<\/h3>\n<div id=\"cc-m-14352843596\" class=\"j-module n j-text \">\n<p>Torf entsteht nur unter ganz bestimmten Umweltbedingungen in Mooren und es handelt sich hierbei um sehr komplexe und einzigartige Lebensr\u00e4ume, welche \u00fcber einen Zeitraum von tausenden von Jahren entstanden sind. Um das Torf abzubauen, werden weitl\u00e4ufige Moorfl\u00e4chen trockengelegt und dieses empfindliche \u00d6kosystem f\u00fcr immer zerst\u00f6rt. Nun wird das trockene Torf mit riesigen Baggern abgebaut und \u00fcbrig bleibt eine karge, \u00f6de W\u00fcste, welche sich langsam wieder mit Wasser f\u00fcllt. Ein einzigartiger Lebensraum ist dadurch f\u00fcr immer zerst\u00f6rt.<\/p>\n<\/div>\n<div id=\"cc-m-14352848996\" class=\"j-module n j-hr \">Was macht man nun mit dem Torf? Es wird aufbereitet, bestenfalls noch ein wenig Kompost aus konventioneller Landwirtschaft untergemischt und dann wird mit allerlei k\u00fcnstlichen und organischen D\u00fcngern nachgeholfen, um den eigentlich fast n\u00e4hrstofflosen Torffasern Leben einzuhauchen. Weltweit werden die Rohstoffe dieser D\u00fcngemittel in riesigen Mienen und Tagebauen im hunderte Tonnen Ma\u00dfstab abgebaut, was verw\u00fcstete Mondlandschaften hinterl\u00e4sst. Das Problem, das dadurch entsteht: Ein paar dieser Rohstoffe haben wir fast aufgebraucht! Phosphor zum Beispiel wird noch ca. 50 Jahre reichen, ist aber f\u00fcr die Bl\u00fcte der Pflanzen und die Fruchtbildung essentiell. Andere organische D\u00fcnger sind h\u00e4ufig Tiermehle oder Granulate aus Schlachtabf\u00e4llen oder F\u00e4kalien der Massentierhaltung, welche durchsetzt mit Antibiotika und Hormonen sind.<\/div>\n<p>Zusammenfassend ist das in dem Sack aus dem Baumarkt also ein Gemisch aus n\u00e4hrstoffarmen Faserh\u00e4ckseln und unn\u00f6tige Chemie. Guten Appetit kann man da nur sagen, zu den leckeren Tomaten, welche wir so gerne darauf anbauen. Der Hobbyg\u00e4rtner wird nun denken, dass er ja die gute Erde aus dem Fachhandel gekauft hat und namhafte Hersteller erwecken mit der Verwendung von Namen wie \u201eBio&#8230;\u201c und \u201eNatural\u201c schnell den Eindruck eines nachhaltigen, biologisch unbedenklichen Produktes. Aber weit gefehlt! Die Verwendung dieser Begriffe im Produktnamen unterliegen leider keinerlei rechtlicher Beschr\u00e4nkung. Das alles ist jedoch reines Marketing, die Erde im Inneren des Sackes unterscheidet sich kaum von der Baumarkterde nur, dass hier der D\u00fcngemittelanteil deutlich erh\u00f6ht wurde, um auch stark zehrende Pflanze mit N\u00e4hrstoffen zu versorgen.<\/p>\n<h3>Die Hortisole<\/h3>\n<p>Aber es gibt eine Alternative, die Hortisole. Hortisole sind teils \u00fcber Jahrhunderte nachhaltig kultivierte B\u00f6den. Beispiele daf\u00fcr sind alte Klosterg\u00e4rten, alte Bauerng\u00e4rten, aber auch die Terra preta-Felder der Indios in S\u00fcdamerika und die k\u00fcrzlich entdeckte Nordic Dark Earth der Elbslaven in Deutschland. Hier wurden sehr fruchtbare, n\u00e4hrstoffreiche Erden erschaffen, welche andere B\u00f6den v\u00f6llig in den Schatten stellen. Diese Erden entstanden durch den gezielten Einsatz von Kompost, Mist, Holzkohle und Tonresten. Wir haben uns gefragt: \u201eKann man dieses hunderte Jahre alte Wissen nutzbar machen?\u201c Das Ergebnis ist Ka\u00f1amu Pacha, ein hundertprozentig torffreies, nachhaltiges, fruchtbares, biologisches und lebendiges Hortisol.<\/p>\n<h3>Regionale Herstellung und biozertifizierung<\/h3>\n<p>Ka\u00f1amu Pacha wird zum Gro\u00dfteil aus recycelten, regionalen Rohstoffe hergestellt und viele dieser erf\u00fcllen bereits die EU-Biozertifizierung. Als Grundstoffe verwenden wir kompostiertes Pflanzenmaterial aus biologischer Landwirtschaft, Pflanzenkohle und recycelten Ziegelsplitt. Der Hauptteil der N\u00e4hrstoffe kommt aus dem Terra-Preta Kompost, zum Anheben des Stickstoffgehalts wird eine kleine Menge Hornsp\u00e4ne aus biologischer Landwirtschaft zugesetzt. Das Ergebnis ist ein schwarzer, n\u00e4hrstoffreicher Boden, welcher alle wichtigen Mikroorganismen und Pilze enth\u00e4lt, um eine ausdauernde Versorgung der Pflanzen mit allen wichtigen N\u00e4hrstoffen zu gew\u00e4hrleisten. Durch die ausgezeichnete Speicherf\u00e4higkeit des Substrats entsteht ein N\u00e4hrstoffpuffer, aus welchem sich die Pflanze konstant bedienen kann, w\u00e4hrend Mikroorganismen den Puffer wieder auff\u00fcllen.<\/p>\n<h3>Die Vorteile<\/h3>\n<p>Die Vorteile f\u00fcr den Anwender liegen klar auf der Hand, kein aufwendiges Nachd\u00fcngen mit komplizierten D\u00fcngeschemas, keine Probleme mit \u00dcber- oder Unterd\u00fcngung und ein reduzierter Wasserverbrauch bei optimaler Versorgung der Pflanze. Zudem ist Ka\u00f1amu Pacha nahezu frei von Pestiziden, Herbiziden, Fungiziden, Antibiotika, Hormonen und Schwermetallen. Ka\u00f1amu Pacha ist ein nachhaltiges \u201eready to grow\u201c-System, welches die Pflanzen \u00fcber die kompletten Vegetations-, Bl\u00fcte- und Fruchtbildungsphase mit allen wichtigen N\u00e4hrstoffen und Spurenelementen versorgt. Es verhilft den Pflanzen zu einem optimalen Wachstum und einer reichhaltigen Entfaltung aller Wirk- und Inhaltsstoffe. Alles was der Anwender tun muss ist die Wasserversorgung der Pflanze zu gew\u00e4hrleisten.<\/p>\n<p>Versandkosten in H\u00f6he von 6,9\u20ac pro 30L Sack ist im Preis enthalten!<\/p>\n<p>&nbsp;<\/p>\n<p><iframe title=\"Nature Is Speaking: Oliver Mommsen ist Der Boden\" width=\"500\" height=\"281\" src=\"https:\/\/www.youtube.com\/embed\/E6pK4sTdw6Y?feature=oembed\" frameborder=\"0\" allow=\"accelerometer; autoplay; clipboard-write; encrypted-media; gyroscope; picture-in-picture; web-share\" referrerpolicy=\"strict-origin-when-cross-origin\" allowfullscreen><\/iframe><\/p>\n","protected":false},"excerpt":{"rendered":"<p>Ka\u00f1amu Pacha Hortisol Terra Preta Blumenerde Ka\u00f1amu Pacha &#8220;Hortisol&#8221; ist ein nat\u00fcrliches, \u00f6kologisch nachhaltiges, torffreies Kultursubstrat, konzipiert f\u00fcr das Urban<\/p>\n","protected":false},"featured_media":23469,"comment_status":"open","ping_status":"open","template":"","meta":{"_acf_changed":false},"product_cat":[3079,3078,3075],"product_tag":[],"acf":[],"_links":{"self":[{"href":"https:\/\/donaulife-new.ogrisdigital.at\/fi\/wp-json\/wp\/v2\/product\/51584"}],"collection":[{"href":"https:\/\/donaulife-new.ogrisdigital.at\/fi\/wp-json\/wp\/v2\/product"}],"about":[{"href":"https:\/\/donaulife-new.ogrisdigital.at\/fi\/wp-json\/wp\/v2\/types\/product"}],"replies":[{"embeddable":true,"href":"https:\/\/donaulife-new.ogrisdigital.at\/fi\/wp-json\/wp\/v2\/comments?post=51584"}],"wp:featuredmedia":[{"embeddable":true,"href":"https:\/\/donaulife-new.ogrisdigital.at\/fi\/wp-json\/wp\/v2\/media\/23469"}],"wp:attachment":[{"href":"https:\/\/donaulife-new.ogrisdigital.at\/fi\/wp-json\/wp\/v2\/media?parent=51584"}],"wp:term":[{"taxonomy":"product_cat","embeddable":true,"href":"https:\/\/donaulife-new.ogrisdigital.at\/fi\/wp-json\/wp\/v2\/product_cat?post=51584"},{"taxonomy":"product_tag","embeddable":true,"href":"https:\/\/donaulife-new.ogrisdigital.at\/fi\/wp-json\/wp\/v2\/product_tag?post=51584"}],"curies":[{"name":"wp","href":"https:\/\/api.w.org\/{rel}","templated":true}]}}