{"id":51566,"date":"2019-11-21T17:11:51","date_gmt":"2019-11-21T17:11:51","guid":{"rendered":"https:\/\/donaulife-new.ogrisdigital.at\/produkt\/qnubu-rosin-presse-manuell-300-kg-12x6-cm\/"},"modified":"2024-07-01T00:35:03","modified_gmt":"2024-07-01T00:35:03","slug":"qnubu-rosin-presse-manuell-300-kg-12x6-cm","status":"publish","type":"product","link":"https:\/\/donaulife-new.ogrisdigital.at\/fi\/qnubu-rosin-presse-manuell-300-kg-12x6-cm\/","title":{"rendered":"QNUBU Rosin Presse Manuell V 2.0 600 kg | 12&#215;6 cm"},"content":{"rendered":"<p>Diese manuelle Presse von Qnubu schafft bis zu 300 kg Kraft um deine Kr\u00e4uter zu pressen. Die Platten haben eine Gr\u00f6\u00dfe von 12&#215;6 cm. Die Temperatur beider Platten kann von 0 bis 250 C\u00b0 pr\u00e4zise eingestellt werden. Auch hier gibts einen Timer mit Akustischem Signal.<\/p>\n<p>Die Presse hat einen 220V EU Stecker und verbraucht 550 Watt pro Stunde.<\/p>\n<p>Gewicht: 5kg<\/p>\n<p>Rosin-tech: eine kleine Revolution im Bereich der Extraktion!<\/p>\n<p>Wenn Du nicht \u00fcber die richtige Maschinerie verf\u00fcgst, um aus deinen Kr\u00e4utern \u00d6le herzustellen \u2013 wie sie es f\u00fcr gew\u00f6hnlich in Laboren tun \u2013 dann ist diese Technik genau das richtige f\u00fcr Dich.<br \/>\nEin riesiger Vorteil hierbei ist, dass diese neuartige Technik ein l\u00f6sungsmittelfreies Extrakt produziert.<\/p>\n<p>Rosin-Tech \u2013 was ist das \u00fcberhaupt?<br \/>\nDie Rosin-Tech ist eine innovative und sehr leichte Methode zur Extraktion.<br \/>\nDer Prozess besteht aus dem Pressen von Kr\u00e4utern zwischen Pergamentpapier mit Hilfe einer Hitzepresse, um m\u00f6glichst viel und m\u00f6glichst effizient das wertvolle Harz zu extrahieren.<\/p>\n<p>Die jeweilige Ausbeute dieses Voganges h\u00e4ngt von 4 Dingen ab:<\/p>\n<ul>\n<li>Temperatur: Es h\u00e4ngt sehr stark davon, wie hei\u00df die Presse wird.<\/li>\n<li>Zeitraum: Die Zeit, also wie lange ihr diesen Prozess durchf\u00fchrt.<\/li>\n<li>Kraft: Welche Kraft ihr bei der Durchf\u00fchrung des Vorgangens aufgewendet habt.<\/li>\n<li>Eigenschaften der Kr\u00e4uter: Wie gro\u00df und wie schwer die verwendeten Kr\u00e4uter sind.<\/li>\n<\/ul>\n<p>Funktionsweise des Rosin-tech:<\/p>\n<p>Die beiden Hauptfaktoren von Rosin-tech f\u00fcr das Dabbing sind Hitze und Druck.<\/p>\n<p>Die Kombination aus diesen beiden Faktoren vereint, f\u00fchrt dazu, dass die Trichome beginnen zu schmelzen und sich diese dann auf dem Pergamentpapier sammeln.<br \/>\nDas daraus resultierende Ergebnis ist ein wachsartiges Produkt.<\/p>\n<p>Die Gr\u00fcnde daf\u00fcr liegen auf der Hand:<\/p>\n<p>Es gibt kein ungewolltes Pflanzenmaterial in dem Produkt, da der Verbrennungspunkt bei 500-700 C\u00b0 liegt und der Rosin-Tech-Prozess nicht einmal ann\u00e4hernd an diesen Wert herankommt.<br \/>\nIm Gegensatz zu \u00d6len und Wachsen, die mit Hilfe von L\u00f6sungsmitteln extrahiert wurden, gibt es bei dieser Methode keine L\u00f6sungsmittel, welche sich in dem Resultat befinden. Somit kann ausgeschlossen werden, dass irgendwelche L\u00f6sungsmittel in dem Extrakt vorhanden sind. Somit kann auch garantiert werden, dass bei dem Konsum von diesem \u201epuren\u201c Extrakt, L\u00f6sungsmittel irgendeiner Art f\u00e4lschlicherweise konsumiert werden.<\/p>\n<p>&nbsp;<\/p>\n<p><strong>Bitte beachte wir haben nicht alle Pressen lagernd. Diese werden direkt vom Hersteller an dich versendet. Die Lieferzeit betr\u00e4gt 1-2 Wochen innerhalb Europas.<\/strong><\/p>\n","protected":false},"excerpt":{"rendered":"<p>Diese manuelle Presse von Qnubu schafft bis zu 300 kg Kraft um deine Kr\u00e4uter zu pressen. Die Platten haben eine<\/p>\n","protected":false},"featured_media":23388,"comment_status":"open","ping_status":"closed","template":"","meta":{"_acf_changed":false},"product_cat":[2549,2571],"product_tag":[3066],"acf":[],"_links":{"self":[{"href":"https:\/\/donaulife-new.ogrisdigital.at\/fi\/wp-json\/wp\/v2\/product\/51566"}],"collection":[{"href":"https:\/\/donaulife-new.ogrisdigital.at\/fi\/wp-json\/wp\/v2\/product"}],"about":[{"href":"https:\/\/donaulife-new.ogrisdigital.at\/fi\/wp-json\/wp\/v2\/types\/product"}],"replies":[{"embeddable":true,"href":"https:\/\/donaulife-new.ogrisdigital.at\/fi\/wp-json\/wp\/v2\/comments?post=51566"}],"wp:featuredmedia":[{"embeddable":true,"href":"https:\/\/donaulife-new.ogrisdigital.at\/fi\/wp-json\/wp\/v2\/media\/23388"}],"wp:attachment":[{"href":"https:\/\/donaulife-new.ogrisdigital.at\/fi\/wp-json\/wp\/v2\/media?parent=51566"}],"wp:term":[{"taxonomy":"product_cat","embeddable":true,"href":"https:\/\/donaulife-new.ogrisdigital.at\/fi\/wp-json\/wp\/v2\/product_cat?post=51566"},{"taxonomy":"product_tag","embeddable":true,"href":"https:\/\/donaulife-new.ogrisdigital.at\/fi\/wp-json\/wp\/v2\/product_tag?post=51566"}],"curies":[{"name":"wp","href":"https:\/\/api.w.org\/{rel}","templated":true}]}}