{"id":51558,"date":"2019-11-18T14:36:59","date_gmt":"2019-11-18T14:36:59","guid":{"rendered":"https:\/\/donaulife-new.ogrisdigital.at\/produkt\/purize-papers-brown-rolls-4-m\/"},"modified":"2024-07-01T00:34:53","modified_gmt":"2024-07-01T00:34:53","slug":"purize-papers-brown-rolls-4-m","status":"publish","type":"product","link":"https:\/\/donaulife-new.ogrisdigital.at\/fi\/purize-papers-brown-rolls-4-m\/","title":{"rendered":"PURIZE KKS Rolls &#8216;Brown&#8217; Papers | 4 m"},"content":{"rendered":"<h2>Purize Endlos Paper ungebleicht<\/h2>\n<p>PURIZE\u00ae Papers Brown Rolls Endless Edition \u2013 4 Meter l\u00e4nge \u2013 unbleached mit nat\u00fcrlicher Gummierung.<\/p>\n<p>Gleichm\u00e4\u00dfige und langsame, sowie fast r\u00fcckstandsfreie Verbrennung.<\/p>\n<h2>\u00dcber Purize:<\/h2>\n<p>PURIZE\u00ae Filters verfolgt die Vision, genussorientierten Rauchern \u2013 mit Hilfe eines PURIZE\u00ae Aktivkohlefilters \u2013 ein deutlich schadstoffreduziertes und angenehmeres Raucherlebnis aufzuzeigen.<\/p>\n<p><a href=\"https:\/\/www.donaulife.com\/beliebte-marken\/purize-filters\/\" target=\"_blank\" rel=\"noopener\"><img decoding=\"async\" class=\"wp-image-31747 alignleft\" src=\"https:\/\/www.donaulife.com\/wp-content\/uploads\/2021\/02\/Purize-filter-300x206.png\" sizes=\"(max-width: 262px) 100vw, 262px\" srcset=\"https:\/\/www.donaulife.com\/wp-content\/uploads\/2021\/02\/Purize-filter-300x206.png 300w, https:\/\/www.donaulife.com\/wp-content\/uploads\/2021\/02\/Purize-filter-280x192.png 280w, https:\/\/www.donaulife.com\/wp-content\/uploads\/2021\/02\/Purize-filter.png 661w\" alt=\"\" width=\"262\" height=\"180\" \/><\/a><\/p>\n<p>Mit den zwei Gr\u00f6\u00dfenvarianten und den verschiedenen Farb-Specials kommt jeder auf seine Kosten. Die XTRA Slim Size-Aktivkohlefilter haben einen Durchmesser von 5,9 mm und waren damit Vorreiter in Bezug auf Design und Gr\u00f6\u00dfe. Unsere Regular-Version besticht durch ihren sauberen Durchzug, der durch den Durchmesser von 9 mm garantiert wird.So kommen auch nur die Wirkstoffe und Aromen die Ihr Euch beim Rauchen w\u00fcnscht,letzten Endes auch in der Lunge an. Kratzige Mischungen schmecken deutlich milder, selbst das Pur rauchen wird sp\u00fcrbar angenehmer und milder. Egal wie herum Ihr unsere Filter eindreht oder einsetzt, es gibt keine Verwechslungen mehr, ob richtig oder falsch, PURIZE\u00ae passt immer! L\u00e4stiges Halskratzen &amp; Husten geh\u00f6rt ab jetzt zur Vergangenheit.<\/p>\n<div><\/div>\n<p><strong>Egal ob XTRA Slim oder Regular such dir einfach eine Farbe deiner Wahl aus und genie\u00dfe k\u00fchlen, milden Rauchgenuss!<\/strong><\/p>\n","protected":false},"excerpt":{"rendered":"<p>Purize Endlos Paper ungebleicht PURIZE\u00ae Papers Brown Rolls Endless Edition \u2013 4 Meter l\u00e4nge \u2013 unbleached mit nat\u00fcrlicher Gummierung. Gleichm\u00e4\u00dfige<\/p>\n","protected":false},"featured_media":23343,"comment_status":"open","ping_status":"open","template":"","meta":{"_acf_changed":false},"product_cat":[2489,2630,2451,2452,2861,2492],"product_tag":[],"acf":[],"_links":{"self":[{"href":"https:\/\/donaulife-new.ogrisdigital.at\/fi\/wp-json\/wp\/v2\/product\/51558"}],"collection":[{"href":"https:\/\/donaulife-new.ogrisdigital.at\/fi\/wp-json\/wp\/v2\/product"}],"about":[{"href":"https:\/\/donaulife-new.ogrisdigital.at\/fi\/wp-json\/wp\/v2\/types\/product"}],"replies":[{"embeddable":true,"href":"https:\/\/donaulife-new.ogrisdigital.at\/fi\/wp-json\/wp\/v2\/comments?post=51558"}],"wp:featuredmedia":[{"embeddable":true,"href":"https:\/\/donaulife-new.ogrisdigital.at\/fi\/wp-json\/wp\/v2\/media\/23343"}],"wp:attachment":[{"href":"https:\/\/donaulife-new.ogrisdigital.at\/fi\/wp-json\/wp\/v2\/media?parent=51558"}],"wp:term":[{"taxonomy":"product_cat","embeddable":true,"href":"https:\/\/donaulife-new.ogrisdigital.at\/fi\/wp-json\/wp\/v2\/product_cat?post=51558"},{"taxonomy":"product_tag","embeddable":true,"href":"https:\/\/donaulife-new.ogrisdigital.at\/fi\/wp-json\/wp\/v2\/product_tag?post=51558"}],"curies":[{"name":"wp","href":"https:\/\/api.w.org\/{rel}","templated":true}]}}