{"id":51551,"date":"2019-11-12T12:26:09","date_gmt":"2019-11-12T12:26:09","guid":{"rendered":"https:\/\/donaulife-new.ogrisdigital.at\/produkt\/joshs-digitalwaage-mr1\/"},"modified":"2024-07-01T00:34:47","modified_gmt":"2024-07-01T00:34:47","slug":"joshs-digitalwaage-mr1","status":"publish","type":"product","link":"https:\/\/donaulife-new.ogrisdigital.at\/fi\/joshs-digitalwaage-mr1\/","title":{"rendered":"JOSHS Digitalwaage &#8216;MR1&#8217;"},"content":{"rendered":"<h3>MR1 &#8211; digitale Tischwaage von Joshs<\/h3>\n<p>Die MR Serie von Joshs ist die beste Wahl im Budgetbereich. Die MR Taschenwaage ist in<br \/>\nzwei unterschiedlichen W\u00e4gebereichen und Teilungen erh\u00e4ltlich. Das Auff\u00e4lligste an der<br \/>\nMR Serie ist aber die Gr\u00f6\u00dfe. Diese Taschenwaage passt bequem in die Handfl\u00e4che. Dennoch<br \/>\nweist die MR Taschenwaage von Joshs eine hohe Robustheit und Bedienungsfreundlichkeit auf.<br \/>\nDie MR1 Taschenwaage wiegt mit einer Teilung von 0,01g f\u00fcr hochpr\u00e4zise Ergebnisse. Das<br \/>\nModel MR5 besitzt eine Teilung von 0,1g bei einem H\u00f6chstgewicht von 500g.<br \/>\nDie Wiegefl\u00e4che, Anzeige und Funktiontasten der MR Serie werden durch einen Deckel gesch\u00fctzt,<br \/>\nder auch als Wiegeschale nutzbar ist.<\/p>\n<p><a href=\"https:\/\/www.donaulife.com\/wp-content\/uploads\/2019\/11\/vergleich_org_joshs_mr-100_feinwaage_testsieger.png\" target=\"_blank\" rel=\"noopener\"><img fetchpriority=\"high\" decoding=\"async\" class=\"alignnone size-full wp-image-18489\" src=\"https:\/\/www.donaulife.com\/wp-content\/uploads\/2019\/11\/vergleich_org_joshs_mr-100_feinwaage_testsieger.png\" alt=\"\" width=\"300\" height=\"300\" \/><\/a><\/p>\n<p>Weitere Eigenschaften der M-Serie Taschenwaage:<\/p>\n<ul>\n<li>0,01g x 100g (MR1).<\/li>\n<li>0,1g x\u00a0 500g (MR5).<\/li>\n<li>Ultra kompaktes Design.<\/li>\n<\/ul>\n","protected":false},"excerpt":{"rendered":"<p>MR1 &#8211; digitale Tischwaage von Joshs Die MR Serie von Joshs ist die beste Wahl im Budgetbereich. Die MR Taschenwaage<\/p>\n","protected":false},"featured_media":23251,"comment_status":"open","ping_status":"closed","template":"","meta":{"_acf_changed":false},"product_cat":[2767,2451],"product_tag":[],"acf":[],"_links":{"self":[{"href":"https:\/\/donaulife-new.ogrisdigital.at\/fi\/wp-json\/wp\/v2\/product\/51551"}],"collection":[{"href":"https:\/\/donaulife-new.ogrisdigital.at\/fi\/wp-json\/wp\/v2\/product"}],"about":[{"href":"https:\/\/donaulife-new.ogrisdigital.at\/fi\/wp-json\/wp\/v2\/types\/product"}],"replies":[{"embeddable":true,"href":"https:\/\/donaulife-new.ogrisdigital.at\/fi\/wp-json\/wp\/v2\/comments?post=51551"}],"wp:featuredmedia":[{"embeddable":true,"href":"https:\/\/donaulife-new.ogrisdigital.at\/fi\/wp-json\/wp\/v2\/media\/23251"}],"wp:attachment":[{"href":"https:\/\/donaulife-new.ogrisdigital.at\/fi\/wp-json\/wp\/v2\/media?parent=51551"}],"wp:term":[{"taxonomy":"product_cat","embeddable":true,"href":"https:\/\/donaulife-new.ogrisdigital.at\/fi\/wp-json\/wp\/v2\/product_cat?post=51551"},{"taxonomy":"product_tag","embeddable":true,"href":"https:\/\/donaulife-new.ogrisdigital.at\/fi\/wp-json\/wp\/v2\/product_tag?post=51551"}],"curies":[{"name":"wp","href":"https:\/\/api.w.org\/{rel}","templated":true}]}}