{"id":51542,"date":"2019-11-11T20:20:06","date_gmt":"2019-11-11T20:20:06","guid":{"rendered":"https:\/\/donaulife-new.ogrisdigital.at\/produkt\/black-leaf-high-end-edelstahl-schuesselsiebe-15-mm\/"},"modified":"2024-07-01T00:34:38","modified_gmt":"2024-07-01T00:34:38","slug":"black-leaf-high-end-edelstahl-schuesselsiebe-15-mm","status":"publish","type":"product","link":"https:\/\/donaulife-new.ogrisdigital.at\/fi\/black-leaf-high-end-edelstahl-schuesselsiebe-15-mm\/","title":{"rendered":"BLACK LEAF Edelstahl Sch\u00fcsselsiebe &#8216;High End&#8217; | \u00d8 15 mm"},"content":{"rendered":"<h2>Black Leaf Edelstahl Sch\u00fcsselsiebe \u00d8 15 mm<\/h2>\n<p>Dieses Black Leaf Stahl-sieb mit einer Vertiefung und eingefasstem Rand eignet sich hervorragend f\u00fcr kleine konische Pipes oder auch in so manchem Bongkopf. In der Packung befinden sich 5 St\u00fcck.<\/p>\n<h3><span style=\"font-size: 20.16px;\">\u00dcber Black Leaf:<\/span><\/h3>\n<div>\n<p>In Weed We Trust ? Smoking\u00a0<em>Paraphernalia<\/em> seit 1988: Bongs, Pfeifen, Vaporizer, Grinder, Dabbing Zubeh\u00f6r, Paper &amp; Filter, Lifestyle Produkte. Es gibt viele Innovative Produkte der Marke die auch die ein oder andere Weltneuheit erschaffen haben. Im Shop bieten wir von allen Produkten die beste Auswahl.<\/p>\n<\/div>\n","protected":false},"excerpt":{"rendered":"<p>Black Leaf Edelstahl Sch\u00fcsselsiebe \u00d8 15 mm Dieses Black Leaf Stahl-sieb mit einer Vertiefung und eingefasstem Rand eignet sich hervorragend<\/p>\n","protected":false},"featured_media":20344,"comment_status":"open","ping_status":"open","template":"","meta":{"_acf_changed":false},"product_cat":[2459,2527,2460],"product_tag":[2521],"acf":[],"_links":{"self":[{"href":"https:\/\/donaulife-new.ogrisdigital.at\/fi\/wp-json\/wp\/v2\/product\/51542"}],"collection":[{"href":"https:\/\/donaulife-new.ogrisdigital.at\/fi\/wp-json\/wp\/v2\/product"}],"about":[{"href":"https:\/\/donaulife-new.ogrisdigital.at\/fi\/wp-json\/wp\/v2\/types\/product"}],"replies":[{"embeddable":true,"href":"https:\/\/donaulife-new.ogrisdigital.at\/fi\/wp-json\/wp\/v2\/comments?post=51542"}],"wp:featuredmedia":[{"embeddable":true,"href":"https:\/\/donaulife-new.ogrisdigital.at\/fi\/wp-json\/wp\/v2\/media\/20344"}],"wp:attachment":[{"href":"https:\/\/donaulife-new.ogrisdigital.at\/fi\/wp-json\/wp\/v2\/media?parent=51542"}],"wp:term":[{"taxonomy":"product_cat","embeddable":true,"href":"https:\/\/donaulife-new.ogrisdigital.at\/fi\/wp-json\/wp\/v2\/product_cat?post=51542"},{"taxonomy":"product_tag","embeddable":true,"href":"https:\/\/donaulife-new.ogrisdigital.at\/fi\/wp-json\/wp\/v2\/product_tag?post=51542"}],"curies":[{"name":"wp","href":"https:\/\/api.w.org\/{rel}","templated":true}]}}