{"id":51532,"date":"2019-10-29T14:45:11","date_gmt":"2019-10-29T14:45:11","guid":{"rendered":"https:\/\/donaulife-new.ogrisdigital.at\/produkt\/dynavap-vapcap-the-m-edelstahl\/"},"modified":"2024-07-01T00:34:29","modified_gmt":"2024-07-01T00:34:29","slug":"dynavap-vapcap-the-m-edelstahl","status":"publish","type":"product","link":"https:\/\/donaulife-new.ogrisdigital.at\/fi\/dynavap-vapcap-the-m-edelstahl\/","title":{"rendered":"DYNAVAP VapCap The M Plus | Edelstahl 2024 Edition"},"content":{"rendered":"<div class=\"grid12-6\">\n<div class=\"grid12-12\">\n<h2>DynaVap Vaporizer ohne Akku<\/h2>\n<p>DynaVap bringt derzeit drei Neuausgaben bestehender VapCaps-Modelle heraus, einschlie\u00dflich des VapCap M!<\/p>\n<p>Das Modell M 2021 optimiert dank des noch strukturierteren Geh\u00e4uses die haptische Navigation. Das neue Endst\u00fcck mit zunehmendem Septa-Rippenprofil \u00e4hnelt einer Krone und verbessert Luftdurchzug und W\u00e4rmeschutz. Au\u00dferdem verf\u00fcgt der Vape \u00fcber eine voll modellierte Kr\u00e4uterkammer, die auch als integrierte M\u00fchle genutzt werden kann.<\/p>\n<p>Neben seinem neuen und haptischerem Geh\u00e4use hat der VapCap M 2021 alle von DynaVap entwickelten Hauptmerkmale behalten, die den VapCap M zu dem ikonischen, tragbaren Vaporizer machen, der er heute ist: die funktionale \u201eCaptive Cap\u201d-Geometrie, das Facettenendst\u00fcck mit Luftstromverzahnung, regelbare Kammertechnik zur Verkleinerung der Extraktionskammer um 50 %, doppelte Luftl\u00f6cher f\u00fcr individuellen Luftstrom und ein 10 mm konisches Mundst\u00fcck, das zu jedem 10-mm-Anschluss passt.<\/p>\n<div class=\"grid12-4\">\n<div class=\"grid12-6\">\n<h2><strong>VapCap M 2021 Features<\/strong><\/h2>\n<ul>\n<li>Ohne Batterie, mit integrierter Klicktemperaturanzeige<\/li>\n<li>\u201eCaptive Cap\u201d<\/li>\n<li>2 Positionen \u201eadjust-a-bowl\u201d zur einfachen Mikrodosierung<\/li>\n<li>Geh\u00e4use aus medizinischem Edelstahl<\/li>\n<li>Next-gen doppelte Luftl\u00f6cher<\/li>\n<li>10 mm konisches Mundst\u00fcck<\/li>\n<li>F\u00fcr Konzentrate (Zubeh\u00f6r ben\u00f6tigt)<\/li>\n<li>Personalisieren Sie Ihr Erlebnis mit einer gro\u00dfen Auswahl an Zubeh\u00f6r<\/li>\n<li>Gr\u00f6\u00dfe: 92 mm<\/li>\n<\/ul>\n<p>Der VapCap M 2021 wird in einer 100 % recycelbaren Kartonverpackung geliefert.<\/p>\n<\/div>\n<h3><strong>Highlights<\/strong><\/h3>\n<ul>\n<li>Rostfreier Stahl<\/li>\n<li>L\u00e4nge: 92mm<\/li>\n<li>Kr\u00e4uter, \u00d6le, Wachse<\/li>\n<\/ul>\n<\/div>\n<\/div>\n<\/div>\n","protected":false},"excerpt":{"rendered":"<p>DynaVap Vaporizer ohne Akku DynaVap bringt derzeit drei Neuausgaben bestehender VapCaps-Modelle heraus, einschlie\u00dflich des VapCap M! Das Modell M 2021<\/p>\n","protected":false},"featured_media":23101,"comment_status":"open","ping_status":"closed","template":"","meta":{"_acf_changed":false},"product_cat":[2625,2623],"product_tag":[],"acf":[],"_links":{"self":[{"href":"https:\/\/donaulife-new.ogrisdigital.at\/fi\/wp-json\/wp\/v2\/product\/51532"}],"collection":[{"href":"https:\/\/donaulife-new.ogrisdigital.at\/fi\/wp-json\/wp\/v2\/product"}],"about":[{"href":"https:\/\/donaulife-new.ogrisdigital.at\/fi\/wp-json\/wp\/v2\/types\/product"}],"replies":[{"embeddable":true,"href":"https:\/\/donaulife-new.ogrisdigital.at\/fi\/wp-json\/wp\/v2\/comments?post=51532"}],"wp:featuredmedia":[{"embeddable":true,"href":"https:\/\/donaulife-new.ogrisdigital.at\/fi\/wp-json\/wp\/v2\/media\/23101"}],"wp:attachment":[{"href":"https:\/\/donaulife-new.ogrisdigital.at\/fi\/wp-json\/wp\/v2\/media?parent=51532"}],"wp:term":[{"taxonomy":"product_cat","embeddable":true,"href":"https:\/\/donaulife-new.ogrisdigital.at\/fi\/wp-json\/wp\/v2\/product_cat?post=51532"},{"taxonomy":"product_tag","embeddable":true,"href":"https:\/\/donaulife-new.ogrisdigital.at\/fi\/wp-json\/wp\/v2\/product_tag?post=51532"}],"curies":[{"name":"wp","href":"https:\/\/api.w.org\/{rel}","templated":true}]}}