{"id":51531,"date":"2019-10-29T14:37:20","date_gmt":"2019-10-29T14:37:20","guid":{"rendered":"https:\/\/donaulife-new.ogrisdigital.at\/produkt\/smono-no-4-schwarz\/"},"modified":"2024-07-01T00:34:28","modified_gmt":"2024-07-01T00:34:28","slug":"smono-no-4-schwarz","status":"publish","type":"product","link":"https:\/\/donaulife-new.ogrisdigital.at\/fi\/smono-no-4-schwarz\/","title":{"rendered":"SMONO No. 4.4 | schwarz"},"content":{"rendered":"<div class=\"grid12-12\">\n<p>Der neue Smono 4.4 ist der beste Vaporizer f\u00fcr die Nutzung unterwegs. Mit einer Gr\u00f6\u00dfe von 5,5cm x 2,6cm x 11,8cm kann er schnell im Rucksack verstaut werden. Seine spezielle Break-StepTM Technologie macht ihn unempfindlich gegen St\u00f6\u00dfe, leichte Feuchtigkeit und heftigen Wind. Das kratzfeste Geh\u00e4use aus rostfreiem Edelstahl h\u00e4lt auch gr\u00f6\u00dften Belastungen stand und sch\u00fctzt das Kraut vor \u00e4u\u00dferen Einfl\u00fcssen.<\/p>\n<p>Der Smono 4.4 enth\u00e4lt ein patentiertes Hightech Verdampfungssystem, das die erhitzte Luft durch den lebensmittelechten Metall-Pfad leitet. Von hier aus str\u00f6mt die hei\u00dfe Luft durch die vielen Luftl\u00f6cher, welche in die Keramikkammer eingelassen sind, zum Material. Der Dampf ist durch diese schonende Erhitzung sehr aromatisch und das Kraut muss nicht umger\u00fchrt werden.<\/p>\n<p>Die Temperatur des Smono 4.4 l\u00e4sst sich in 8 Temperaturstufen regulieren. W\u00e4hlbar sind 160\u00b0C, 170\u00b0C, 180\u00b0C, 190\u00b0C, 200\u00b0C, 210\u00b0C, 220\u00b0C und 230\u00b0C. F\u00fcr eine konstante Performance sorgen Temperatursensoren und ein blitzschneller Regelungsprozessor. Neben der Temperatur kann sogar der Luftstrom, mittels Drehknauf an der Unterseite des Ger\u00e4tes, angepasst werden. F\u00fcr die Bedienung reicht dem Abenteuer-Smono ein einziger Mutlifunktionsknopf. Keine komplizierten Tastenkombinationen \u2013 keine Ablenkung unterwegs.<\/p>\n<p>Alle wichtigen Informationen werden auf dem integrierten OLED Display an der Oberseite des Ger\u00e4tes angezeigt. Die Kr\u00e4uterkammer selbst besteht aus hitzebest\u00e4ndiger, schmutzabweisender Keramik.<\/p>\n<p>Der Pflegeaufwand ist minimal. Ein sehr starker 2300 mAh Akku reicht f\u00fcr 8 intensive Anwendungen aus und kann blitzschnell an jedem USB Port wieder aufgeladen werden. Der Smono 4 ist tats\u00e4chlich Ready for Adventure!<\/p>\n<\/div>\n<div class=\"grid12-4\">\n<h3><strong>Lieferumfang<\/strong><\/h3>\n<ul class=\"a-unordered-list a-vertical\">\n<li><span class=\"a-list-item\">Smono 4.4 Vaporizer<\/span><\/li>\n<li><span class=\"a-list-item\">Geschenkbox<\/span><\/li>\n<li><span class=\"a-list-item\">Reinigungsb\u00fcrste<\/span><\/li>\n<li><span class=\"a-list-item\">Pinzette<\/span><\/li>\n<li><span class=\"a-list-item\">F\u00fcllwerkzeug<\/span><\/li>\n<li><span class=\"a-list-item\">USB Kabel<\/span><\/li>\n<li><span class=\"a-list-item\">Anleitung in deutscher und englischer Sprache<\/span><\/li>\n<\/ul>\n<\/div>\n","protected":false},"excerpt":{"rendered":"<p>Der neue Smono 4.4 ist der beste Vaporizer f\u00fcr die Nutzung unterwegs. Mit einer Gr\u00f6\u00dfe von 5,5cm x 2,6cm x<\/p>\n","protected":false},"featured_media":23102,"comment_status":"open","ping_status":"closed","template":"","meta":{"_acf_changed":false},"product_cat":[2625,2623],"product_tag":[],"acf":[],"_links":{"self":[{"href":"https:\/\/donaulife-new.ogrisdigital.at\/fi\/wp-json\/wp\/v2\/product\/51531"}],"collection":[{"href":"https:\/\/donaulife-new.ogrisdigital.at\/fi\/wp-json\/wp\/v2\/product"}],"about":[{"href":"https:\/\/donaulife-new.ogrisdigital.at\/fi\/wp-json\/wp\/v2\/types\/product"}],"replies":[{"embeddable":true,"href":"https:\/\/donaulife-new.ogrisdigital.at\/fi\/wp-json\/wp\/v2\/comments?post=51531"}],"wp:featuredmedia":[{"embeddable":true,"href":"https:\/\/donaulife-new.ogrisdigital.at\/fi\/wp-json\/wp\/v2\/media\/23102"}],"wp:attachment":[{"href":"https:\/\/donaulife-new.ogrisdigital.at\/fi\/wp-json\/wp\/v2\/media?parent=51531"}],"wp:term":[{"taxonomy":"product_cat","embeddable":true,"href":"https:\/\/donaulife-new.ogrisdigital.at\/fi\/wp-json\/wp\/v2\/product_cat?post=51531"},{"taxonomy":"product_tag","embeddable":true,"href":"https:\/\/donaulife-new.ogrisdigital.at\/fi\/wp-json\/wp\/v2\/product_tag?post=51531"}],"curies":[{"name":"wp","href":"https:\/\/api.w.org\/{rel}","templated":true}]}}