{"id":51521,"date":"2019-10-14T11:28:59","date_gmt":"2019-10-14T11:28:59","guid":{"rendered":"https:\/\/donaulife-new.ogrisdigital.at\/produkt\/d-lux-dab-bong-clear-oil-22-cm\/"},"modified":"2025-01-15T07:13:36","modified_gmt":"2025-01-15T07:13:36","slug":"d-lux-dab-bong-clear-oil-22-cm","status":"publish","type":"product","link":"https:\/\/donaulife-new.ogrisdigital.at\/fi\/d-lux-dab-bong-clear-oil-22-cm\/","title":{"rendered":"D-LUX Bubbler &#8216;Clear Oil&#8217; | 22 cm"},"content":{"rendered":"<p>Diese Bubbler Bong kommt aus dem Hause D-LUX und bietet angenehme Dabs in kompakter Gr\u00f6\u00dfe. Sie punktet mit stylishem Design und besteht hitzebest\u00e4ndigen Borosilikatglas. Die Bong besitzt einen Scheibenpercolator die den Rauch zerteilt, filtert und auch gleichzeitig k\u00fchlt. In der gro\u00dfen Glaskammer zieht er weiter zum Mundst\u00fcck.<\/p>\n<p>Der Bubbler besitzt einen Normschliff von 18,8 mm m\u00e4nnlich.<\/p>\n","protected":false},"excerpt":{"rendered":"<p>Diese Bubbler Bong kommt aus dem Hause D-LUX und bietet angenehme Dabs in kompakter Gr\u00f6\u00dfe. Sie punktet mit stylishem Design<\/p>\n","protected":false},"featured_media":23008,"comment_status":"open","ping_status":"open","template":"","meta":{"_acf_changed":false},"product_cat":[2514,2459,2513,2980,2549,2550,2577,2506,2463,2551],"product_tag":[],"acf":[],"_links":{"self":[{"href":"https:\/\/donaulife-new.ogrisdigital.at\/fi\/wp-json\/wp\/v2\/product\/51521"}],"collection":[{"href":"https:\/\/donaulife-new.ogrisdigital.at\/fi\/wp-json\/wp\/v2\/product"}],"about":[{"href":"https:\/\/donaulife-new.ogrisdigital.at\/fi\/wp-json\/wp\/v2\/types\/product"}],"replies":[{"embeddable":true,"href":"https:\/\/donaulife-new.ogrisdigital.at\/fi\/wp-json\/wp\/v2\/comments?post=51521"}],"wp:featuredmedia":[{"embeddable":true,"href":"https:\/\/donaulife-new.ogrisdigital.at\/fi\/wp-json\/wp\/v2\/media\/23008"}],"wp:attachment":[{"href":"https:\/\/donaulife-new.ogrisdigital.at\/fi\/wp-json\/wp\/v2\/media?parent=51521"}],"wp:term":[{"taxonomy":"product_cat","embeddable":true,"href":"https:\/\/donaulife-new.ogrisdigital.at\/fi\/wp-json\/wp\/v2\/product_cat?post=51521"},{"taxonomy":"product_tag","embeddable":true,"href":"https:\/\/donaulife-new.ogrisdigital.at\/fi\/wp-json\/wp\/v2\/product_tag?post=51521"}],"curies":[{"name":"wp","href":"https:\/\/api.w.org\/{rel}","templated":true}]}}