{"id":51472,"date":"2019-09-10T15:59:31","date_gmt":"2019-09-10T15:59:31","guid":{"rendered":"https:\/\/donaulife-new.ogrisdigital.at\/produkt\/karma-filter-tips-original-xl-edition-32-blatt\/"},"modified":"2024-07-01T00:33:44","modified_gmt":"2024-07-01T00:33:44","slug":"karma-filter-tips-original-xl-edition-32-blatt","status":"publish","type":"product","link":"https:\/\/donaulife-new.ogrisdigital.at\/fi\/karma-filter-tips-original-xl-edition-32-blatt\/","title":{"rendered":"KARMA Filter Tips Original &#8216;XL Edition&#8217; | 32 Blatt"},"content":{"rendered":"<p><strong>Was sind Karma-Filter-Tips?<\/strong><\/p>\n<p>Karma Filter Tips sind speziell entwickelte Zigarettenfilter, die ein sehr gutes Raucherlebnis bieten und gleichzeitig dazu beitragen aus Zigarettenstummeln etwas neues zu erschaffen!<br \/>\nDie Besonderheit der Filter ist, dass sie Samen von exotischen sowie essbaren Pflanzen wie Amaranth, Basilikum, Spinat, Rosmarin, Celosia, Wildblumen usw. enthalten, die nach dem wegwerfen der Zigaretten wachsen.<\/p>\n<p>Pro jahr werden \u00fcber 2,75 Milliarden Kilogramm Zigaretten weggeworfen.<\/p>\n<p>Karma-Filtertips werden in Handarbeit aus nat\u00fcrlichem Baumwoll-, Obst- und Gem\u00fcsemark hergestellt, d.h. es werden keine B\u00e4ume gef\u00e4llt, um dieses Filterpapier herzustellen. Die Tips werden ohne jegliche\u00a0 chemische Zus\u00e4tze hergestellt.<\/p>\n<p>Die originalen Karma Tips enthalten Basilikum, Spinat oder roten Amarant Samen.<\/p>\n<p><iframe title=\"Butts to Buds\" width=\"500\" height=\"281\" src=\"https:\/\/www.youtube.com\/embed\/OR09cAvgwTQ?feature=oembed\" frameborder=\"0\" allow=\"accelerometer; autoplay; clipboard-write; encrypted-media; gyroscope; picture-in-picture; web-share\" referrerpolicy=\"strict-origin-when-cross-origin\" allowfullscreen><\/iframe><\/p>\n","protected":false},"excerpt":{"rendered":"<p>Was sind Karma-Filter-Tips? Karma Filter Tips sind speziell entwickelte Zigarettenfilter, die ein sehr gutes Raucherlebnis bieten und gleichzeitig dazu beitragen<\/p>\n","protected":false},"featured_media":22761,"comment_status":"open","ping_status":"open","template":"","meta":{"_acf_changed":false},"product_cat":[2489,2499,2500,2566,2451],"product_tag":[],"acf":[],"_links":{"self":[{"href":"https:\/\/donaulife-new.ogrisdigital.at\/fi\/wp-json\/wp\/v2\/product\/51472"}],"collection":[{"href":"https:\/\/donaulife-new.ogrisdigital.at\/fi\/wp-json\/wp\/v2\/product"}],"about":[{"href":"https:\/\/donaulife-new.ogrisdigital.at\/fi\/wp-json\/wp\/v2\/types\/product"}],"replies":[{"embeddable":true,"href":"https:\/\/donaulife-new.ogrisdigital.at\/fi\/wp-json\/wp\/v2\/comments?post=51472"}],"wp:featuredmedia":[{"embeddable":true,"href":"https:\/\/donaulife-new.ogrisdigital.at\/fi\/wp-json\/wp\/v2\/media\/22761"}],"wp:attachment":[{"href":"https:\/\/donaulife-new.ogrisdigital.at\/fi\/wp-json\/wp\/v2\/media?parent=51472"}],"wp:term":[{"taxonomy":"product_cat","embeddable":true,"href":"https:\/\/donaulife-new.ogrisdigital.at\/fi\/wp-json\/wp\/v2\/product_cat?post=51472"},{"taxonomy":"product_tag","embeddable":true,"href":"https:\/\/donaulife-new.ogrisdigital.at\/fi\/wp-json\/wp\/v2\/product_tag?post=51472"}],"curies":[{"name":"wp","href":"https:\/\/api.w.org\/{rel}","templated":true}]}}