{"id":51439,"date":"2019-08-16T09:21:00","date_gmt":"2019-08-16T09:21:00","guid":{"rendered":"https:\/\/donaulife-new.ogrisdigital.at\/produkt\/tight-vac-tighpac-zigarren-huelse-vakuumbehaelter\/"},"modified":"2024-07-01T00:33:25","modified_gmt":"2024-07-01T00:33:25","slug":"tight-vac-tighpac-zigarren-huelse-vakuumbehaelter","status":"publish","type":"product","link":"https:\/\/donaulife-new.ogrisdigital.at\/fi\/tight-vac-tighpac-zigarren-huelse-vakuumbehaelter\/","title":{"rendered":"TIGHTVAC Tight Pac Zigarren H\u00fclse &#8216;Fatty&#8217; | Vakuumbeh\u00e4lter"},"content":{"rendered":"<h2>Tightvac Tight Pac H\u00fclle<\/h2>\n<div>Die Tight Vac Zigarrenh\u00fclse in Form eines Stiftes h\u00e4lt deinen gerollten Freund sch\u00f6n gerade. Au\u00dferdem h\u00e4lt Sie extreme Ger\u00fcche da wo Sie niemand riecht bis du die H\u00fclse \u00f6ffnest.<br \/>\nDie H\u00fclse hat einen durchmesser von 16mm.<\/div>\n","protected":false},"excerpt":{"rendered":"<p>Tightvac Tight Pac H\u00fclle Die Tight Vac Zigarrenh\u00fclse in Form eines Stiftes h\u00e4lt deinen gerollten Freund sch\u00f6n gerade. Au\u00dferdem h\u00e4lt<\/p>\n","protected":false},"featured_media":22572,"comment_status":"open","ping_status":"open","template":"","meta":{"_acf_changed":false},"product_cat":[2607,2451,2766],"product_tag":[],"acf":[],"_links":{"self":[{"href":"https:\/\/donaulife-new.ogrisdigital.at\/fi\/wp-json\/wp\/v2\/product\/51439"}],"collection":[{"href":"https:\/\/donaulife-new.ogrisdigital.at\/fi\/wp-json\/wp\/v2\/product"}],"about":[{"href":"https:\/\/donaulife-new.ogrisdigital.at\/fi\/wp-json\/wp\/v2\/types\/product"}],"replies":[{"embeddable":true,"href":"https:\/\/donaulife-new.ogrisdigital.at\/fi\/wp-json\/wp\/v2\/comments?post=51439"}],"wp:featuredmedia":[{"embeddable":true,"href":"https:\/\/donaulife-new.ogrisdigital.at\/fi\/wp-json\/wp\/v2\/media\/22572"}],"wp:attachment":[{"href":"https:\/\/donaulife-new.ogrisdigital.at\/fi\/wp-json\/wp\/v2\/media?parent=51439"}],"wp:term":[{"taxonomy":"product_cat","embeddable":true,"href":"https:\/\/donaulife-new.ogrisdigital.at\/fi\/wp-json\/wp\/v2\/product_cat?post=51439"},{"taxonomy":"product_tag","embeddable":true,"href":"https:\/\/donaulife-new.ogrisdigital.at\/fi\/wp-json\/wp\/v2\/product_tag?post=51439"}],"curies":[{"name":"wp","href":"https:\/\/api.w.org\/{rel}","templated":true}]}}