{"id":51425,"date":"2019-08-09T00:56:18","date_gmt":"2019-08-09T00:56:18","guid":{"rendered":"https:\/\/donaulife-new.ogrisdigital.at\/produkt\/smoking-brown-papers-rolls\/"},"modified":"2024-07-01T00:33:14","modified_gmt":"2024-07-01T00:33:14","slug":"smoking-brown-papers-rolls","status":"publish","type":"product","link":"https:\/\/donaulife-new.ogrisdigital.at\/fi\/smoking-brown-papers-rolls\/","title":{"rendered":"SMOKING Rolls Papers slim &#8216;Brown&#8217;"},"content":{"rendered":"<h2>Smoking Endlos Papers ungebleicht<\/h2>\n<p>Die &#8216;Smoking&#8217; Brown Rolls bestehen aus maximal transparentem und reisfesten mit nat\u00fcrlicher Gummierung versehenen Papier. Diese Papers kommen ohne Farb- und Zusatzstoffe aus, womit der Geschmack nicht verf\u00e4lscht wird und eine 100% biologische Abbaubarkeit gegeben ist. Das Fl\u00e4chengewicht betr\u00e4gt 13g\/m\u00b2.<\/p>\n<h3>\u00dcber Smoking:<\/h3>\n<p>Smoking\u00ae ist derzeit eine der f\u00fchrenden Marken auf dem Markt f\u00fcr Rolling Papers. Au\u00dferdem ist sie einer der f\u00fchrenden spanischen Exporteure mit der Pr\u00e4senz auf 5 Kontinenten und in mehr als 100 L\u00e4ndern weltweit.<\/p>\n<p>Heute sind mehr als drei Viertel der Jahresproduktion von Smoking\u00ae f\u00fcr den Export bestimmt, wobei die Marke im Ausland eine f\u00fchrende Position und einen hohen Bekanntheitsgrad genie\u00dft. Die Marke Smoking\u00ae bietet dir das breiteste Sortiment an Rolling Paper und Zubeh\u00f6r auf dem Markt. \ud83d\ude09<\/p>\n","protected":false},"excerpt":{"rendered":"<p>Smoking Endlos Papers ungebleicht Die &#8216;Smoking&#8217; Brown Rolls bestehen aus maximal transparentem und reisfesten mit nat\u00fcrlicher Gummierung versehenen Papier. Diese<\/p>\n","protected":false},"featured_media":18578,"comment_status":"open","ping_status":"open","template":"","meta":{"_acf_changed":false},"product_cat":[2489,2630,2451,2452,2749,2492],"product_tag":[3004],"acf":[],"_links":{"self":[{"href":"https:\/\/donaulife-new.ogrisdigital.at\/fi\/wp-json\/wp\/v2\/product\/51425"}],"collection":[{"href":"https:\/\/donaulife-new.ogrisdigital.at\/fi\/wp-json\/wp\/v2\/product"}],"about":[{"href":"https:\/\/donaulife-new.ogrisdigital.at\/fi\/wp-json\/wp\/v2\/types\/product"}],"replies":[{"embeddable":true,"href":"https:\/\/donaulife-new.ogrisdigital.at\/fi\/wp-json\/wp\/v2\/comments?post=51425"}],"wp:featuredmedia":[{"embeddable":true,"href":"https:\/\/donaulife-new.ogrisdigital.at\/fi\/wp-json\/wp\/v2\/media\/18578"}],"wp:attachment":[{"href":"https:\/\/donaulife-new.ogrisdigital.at\/fi\/wp-json\/wp\/v2\/media?parent=51425"}],"wp:term":[{"taxonomy":"product_cat","embeddable":true,"href":"https:\/\/donaulife-new.ogrisdigital.at\/fi\/wp-json\/wp\/v2\/product_cat?post=51425"},{"taxonomy":"product_tag","embeddable":true,"href":"https:\/\/donaulife-new.ogrisdigital.at\/fi\/wp-json\/wp\/v2\/product_tag?post=51425"}],"curies":[{"name":"wp","href":"https:\/\/api.w.org\/{rel}","templated":true}]}}