{"id":51423,"date":"2019-08-09T00:23:28","date_gmt":"2019-08-09T00:23:28","guid":{"rendered":"https:\/\/donaulife-new.ogrisdigital.at\/produkt\/ocb-ultimate-slim-rolls\/"},"modified":"2025-01-15T07:13:48","modified_gmt":"2025-01-15T07:13:48","slug":"ocb-ultimate-slim-rolls","status":"publish","type":"product","link":"https:\/\/donaulife-new.ogrisdigital.at\/fi\/ocb-ultimate-slim-rolls\/","title":{"rendered":"OCB Rolls Papers &#8216;Ultimate Slim&#8217;"},"content":{"rendered":"<h2>OCB Endlos Papers slim<\/h2>\n<p>Die OCB Ultimate Rolls Slim hat eine Gummierung aus nat\u00fcrlichen biologisch abbaubaren Rohstoffen und ein kleines Sichtfenster, um feststellen zu k\u00f6nnen, wie viel Papier noch auf der Rolle \u00fcbrig ist. Ultimate ist das d\u00fcnnste Papier das du bekommen kannst.<\/p>\n<h3>\u00dcber OCB:<\/h3>\n<p>1822 begann alles mit der Gr\u00fcndung der ersten Papierfabrik am Ufer des Flusses Odet bei Ergu\u00e9-Gab\u00e9ric, Finist\u00e8re in Frankreich.1918 war dann die Geburtsstunde der Marke &#8220;OCB&#8221; (eingetragene Handelsmarke, registriert beim \u00ab Institut National de la Propri\u00e9t\u00e9 Industrielle \u00bb im Jahr 1923); Die ersten OCB bl\u00e4ttchen gehen in Produktion.1930 produzierten 2 Fabriken schon fast 2.000 Tonnen Papier in sogenannten \u201eBobinen\u201c f\u00fcr 86 Millionen Heftchen Zigarettenpapier. 90% dieser Produktion gingen in den Export, vor allem in die Vereinigten Staaten.Im Jahr 1986 verlagerte die Gruppe die Papierherstellung f\u00fcr Zigaretten zum Selbstdrehen in ihr\u00a0 Werk in Perpignan.Mittlerweile verkauft die Marke OCB ihre Produkte weltweit und erfreut sich vor allem in Europa an gro\u00dfer Beliebtheit.<\/p>\n<p>&nbsp;<\/p>\n","protected":false},"excerpt":{"rendered":"<p>OCB Endlos Papers slim Die OCB Ultimate Rolls Slim hat eine Gummierung aus nat\u00fcrlichen biologisch abbaubaren Rohstoffen und ein kleines<\/p>\n","protected":false},"featured_media":22534,"comment_status":"open","ping_status":"open","template":"","meta":{"_acf_changed":false},"product_cat":[2489,2630,2451,2752,2452],"product_tag":[],"acf":[],"_links":{"self":[{"href":"https:\/\/donaulife-new.ogrisdigital.at\/fi\/wp-json\/wp\/v2\/product\/51423"}],"collection":[{"href":"https:\/\/donaulife-new.ogrisdigital.at\/fi\/wp-json\/wp\/v2\/product"}],"about":[{"href":"https:\/\/donaulife-new.ogrisdigital.at\/fi\/wp-json\/wp\/v2\/types\/product"}],"replies":[{"embeddable":true,"href":"https:\/\/donaulife-new.ogrisdigital.at\/fi\/wp-json\/wp\/v2\/comments?post=51423"}],"wp:featuredmedia":[{"embeddable":true,"href":"https:\/\/donaulife-new.ogrisdigital.at\/fi\/wp-json\/wp\/v2\/media\/22534"}],"wp:attachment":[{"href":"https:\/\/donaulife-new.ogrisdigital.at\/fi\/wp-json\/wp\/v2\/media?parent=51423"}],"wp:term":[{"taxonomy":"product_cat","embeddable":true,"href":"https:\/\/donaulife-new.ogrisdigital.at\/fi\/wp-json\/wp\/v2\/product_cat?post=51423"},{"taxonomy":"product_tag","embeddable":true,"href":"https:\/\/donaulife-new.ogrisdigital.at\/fi\/wp-json\/wp\/v2\/product_tag?post=51423"}],"curies":[{"name":"wp","href":"https:\/\/api.w.org\/{rel}","templated":true}]}}