{"id":51371,"date":"2019-03-27T13:56:04","date_gmt":"2019-03-27T13:56:04","guid":{"rendered":"https:\/\/donaulife-new.ogrisdigital.at\/produkt\/black-leaf-vorkuehler-showerhead-klar-90-145145mm\/"},"modified":"2025-01-15T07:14:03","modified_gmt":"2025-01-15T07:14:03","slug":"black-leaf-vorkuehler-showerhead-klar-90-145145mm","status":"publish","type":"product","link":"https:\/\/donaulife-new.ogrisdigital.at\/fi\/black-leaf-vorkuehler-showerhead-klar-90-145145mm\/","title":{"rendered":"BLACK LEAF Vork\u00fchler &#8216;Showerhead&#8217; klar 90\u00b0 | 14,5>14,5mm"},"content":{"rendered":"<h2>Black Leaf Showerhead Vork\u00fchler<\/h2>\n<p>Vork\u00fchler und Aschef\u00e4nger von\u00a0 &#8216;Black Leaf&#8217; mit einem Duschkopf-Perkolator. Dieser &#8220;Dampf-Reiniger&#8221; sorgt nicht nur f\u00fcr intensive Abk\u00fchlung durch die gro\u00dfe Dampfverwirbelung, sondern filtert gleichzeitig unerw\u00fcnschte Schadstoffe raus. Das Ergebnis: Aromatischer, milder Bong-Genuss ohne Kratzen im Hals. Der Vork\u00fchler hat zwei 14,5 mm Schliffe und einen 90\u00b0 Schliffansatz.<\/p>\n<h3>\u00dcber Black Leaf:<\/h3>\n<div>\n<p>In Weed We Trust ? Smoking\u00a0<em>Paraphernalia<\/em>\u00a0seit 1988: Bongs, Pfeifen, Vaporizer, Grinder, Dabbing Zubeh\u00f6r, Paper &amp; Filter, Lifestyle Produkte. Es gibt viele Innovative Produkte der Marke die auch die ein oder andere Weltneuheit erschaffen haben. Im Shop bieten wir von allen Produkten die beste Auswahl.<\/p>\n<\/div>\n","protected":false},"excerpt":{"rendered":"<p>Black Leaf Showerhead Vork\u00fchler Vork\u00fchler und Aschef\u00e4nger von\u00a0 &#8216;Black Leaf&#8217; mit einem Duschkopf-Perkolator. Dieser &#8220;Dampf-Reiniger&#8221; sorgt nicht nur f\u00fcr intensive<\/p>\n","protected":false},"featured_media":22151,"comment_status":"open","ping_status":"open","template":"","meta":{"_acf_changed":false},"product_cat":[2592,2548,2459,2463,2582,2460],"product_tag":[2521],"acf":[],"_links":{"self":[{"href":"https:\/\/donaulife-new.ogrisdigital.at\/fi\/wp-json\/wp\/v2\/product\/51371"}],"collection":[{"href":"https:\/\/donaulife-new.ogrisdigital.at\/fi\/wp-json\/wp\/v2\/product"}],"about":[{"href":"https:\/\/donaulife-new.ogrisdigital.at\/fi\/wp-json\/wp\/v2\/types\/product"}],"replies":[{"embeddable":true,"href":"https:\/\/donaulife-new.ogrisdigital.at\/fi\/wp-json\/wp\/v2\/comments?post=51371"}],"wp:featuredmedia":[{"embeddable":true,"href":"https:\/\/donaulife-new.ogrisdigital.at\/fi\/wp-json\/wp\/v2\/media\/22151"}],"wp:attachment":[{"href":"https:\/\/donaulife-new.ogrisdigital.at\/fi\/wp-json\/wp\/v2\/media?parent=51371"}],"wp:term":[{"taxonomy":"product_cat","embeddable":true,"href":"https:\/\/donaulife-new.ogrisdigital.at\/fi\/wp-json\/wp\/v2\/product_cat?post=51371"},{"taxonomy":"product_tag","embeddable":true,"href":"https:\/\/donaulife-new.ogrisdigital.at\/fi\/wp-json\/wp\/v2\/product_tag?post=51371"}],"curies":[{"name":"wp","href":"https:\/\/api.w.org\/{rel}","templated":true}]}}