{"id":51352,"date":"2019-03-25T17:53:28","date_gmt":"2019-03-25T17:53:28","guid":{"rendered":"https:\/\/donaulife-new.ogrisdigital.at\/produkt\/pulsar-remedi-1ml-oel-pen-ladegeraet-2\/"},"modified":"2024-07-01T00:32:23","modified_gmt":"2024-07-01T00:32:23","slug":"pulsar-remedi-1ml-oel-pen-ladegeraet-2","status":"publish","type":"product","link":"https:\/\/donaulife-new.ogrisdigital.at\/fi\/pulsar-remedi-1ml-oel-pen-ladegeraet-2\/","title":{"rendered":"PULSAR &#8216;ReMEDi&#8217; Battery | Liquids"},"content":{"rendered":"<h2>Pulsar Ersatz Battery 510er<\/h2>\n<p>Eine Ersatz Batterie mit dem 510er Gewinde.<br \/>\nDer Akku des Pen h\u00e4lt f\u00fcr bis zu 150 Z\u00fcge durch. Die Spitze ist f\u00fcr Touch Displays gedacht. Die LED\u00b4s des Pen leuchten Rot.<\/p>\n","protected":false},"excerpt":{"rendered":"<p>Pulsar Ersatz Battery 510er Eine Ersatz Batterie mit dem 510er Gewinde. Der Akku des Pen h\u00e4lt f\u00fcr bis zu 150<\/p>\n","protected":false},"featured_media":22011,"comment_status":"open","ping_status":"open","template":"","meta":{"_acf_changed":false},"product_cat":[2625,2623],"product_tag":[],"acf":[],"_links":{"self":[{"href":"https:\/\/donaulife-new.ogrisdigital.at\/fi\/wp-json\/wp\/v2\/product\/51352"}],"collection":[{"href":"https:\/\/donaulife-new.ogrisdigital.at\/fi\/wp-json\/wp\/v2\/product"}],"about":[{"href":"https:\/\/donaulife-new.ogrisdigital.at\/fi\/wp-json\/wp\/v2\/types\/product"}],"replies":[{"embeddable":true,"href":"https:\/\/donaulife-new.ogrisdigital.at\/fi\/wp-json\/wp\/v2\/comments?post=51352"}],"wp:featuredmedia":[{"embeddable":true,"href":"https:\/\/donaulife-new.ogrisdigital.at\/fi\/wp-json\/wp\/v2\/media\/22011"}],"wp:attachment":[{"href":"https:\/\/donaulife-new.ogrisdigital.at\/fi\/wp-json\/wp\/v2\/media?parent=51352"}],"wp:term":[{"taxonomy":"product_cat","embeddable":true,"href":"https:\/\/donaulife-new.ogrisdigital.at\/fi\/wp-json\/wp\/v2\/product_cat?post=51352"},{"taxonomy":"product_tag","embeddable":true,"href":"https:\/\/donaulife-new.ogrisdigital.at\/fi\/wp-json\/wp\/v2\/product_tag?post=51352"}],"curies":[{"name":"wp","href":"https:\/\/api.w.org\/{rel}","templated":true}]}}