{"id":51306,"date":"2019-02-20T10:20:16","date_gmt":"2019-02-20T10:20:16","guid":{"rendered":"https:\/\/donaulife-new.ogrisdigital.at\/produkt\/black-leaf-bubbler-bong-mrs-crabs-285-cm\/"},"modified":"2025-01-15T07:14:18","modified_gmt":"2025-01-15T07:14:18","slug":"black-leaf-bubbler-bong-mrs-crabs-285-cm","status":"publish","type":"product","link":"https:\/\/donaulife-new.ogrisdigital.at\/fi\/black-leaf-bubbler-bong-mrs-crabs-285-cm\/","title":{"rendered":"BLACK LEAF Bubbler Bong &#8216;Mrs. Crabs&#8217; | 28,5 cm"},"content":{"rendered":"<div class=\"std\">\n<p>Die robuste, handgemachte Perkolator-Blubber von &#8216;Black Leaf&#8217; hat einen tollen Eyecatcher: Mitten auf dem Duschkopfperkolator sitzt eine kunstvoll und liebevoll gestaltete Krabbe und beobachtet, wie der Rauch vom ebenfalls sehr robusten Kr\u00e4uterkopf durch die Pfeife zieht. Da es kein Kickloch gibt, ist der Kopf mit einem breiten Griff ausgestattet &#8211; so kann man ihn bequem und ohne Gefahr, sich die Finger zu verbrennen, f\u00fcr den finalen Kick hochziehen. Der Bubbler hat einen 18,8 mm Sockel und ist damit auch mit jedem 90\u00b0 Vork\u00fchler kompatibel.<\/p>\n<p>Der Duschkopfperkolator sorgt f\u00fcr ordentliche Luft- und Wasserverwirbelungen, die wiederum den Rauch abk\u00fchlen und filtern. Der Geschmack ist daher lungenfreundlich smooth. Der massive Rundfu\u00df verleiht der sch\u00f6nen Blubber perfekte Standsicherheit.<\/p>\n<p>Wer sich fragt, wie man diese sch\u00f6ne Wasserpfeife ohne Besch\u00e4digung des Innenlebens denn wieder sauber bekommt, dem sei geraten: Schliff mit einem Stopfen f\u00fcr NS 19 verschlie\u00dfen, einen Essl\u00f6ffel eines speziellen Bongreinigers, z. B. &#8216;<a href=\"https:\/\/www.donaulife.com\/black-leaf-bio-reinigungskonzentrat\/\" target=\"_blank\" rel=\"noopener\">Reinigungskonzentrat<\/a>&#8216; oder &#8216;<a href=\"https:\/\/www.donaulife.com\/schmand-weg-bongreiniger\/\" target=\"_blank\" rel=\"noopener\">Schmand Weg<\/a>&#8216; einf\u00fcllen und mit hei\u00dfem Wasser auff\u00fcllen. Ungef\u00e4hr 10 Minuten warten, Blubber sch\u00fctteln, ausgie\u00dfen und so lange mit hei\u00dfen Wasser nachsp\u00fclen, bis alle R\u00fcckst\u00e4nde des Reinigers entfernt sind &#8211; fertig!<\/p>\n<\/div>\n","protected":false},"excerpt":{"rendered":"<p>Die robuste, handgemachte Perkolator-Blubber von &#8216;Black Leaf&#8217; hat einen tollen Eyecatcher: Mitten auf dem Duschkopfperkolator sitzt eine kunstvoll und liebevoll<\/p>\n","protected":false},"featured_media":21441,"comment_status":"open","ping_status":"open","template":"","meta":{"_acf_changed":false},"product_cat":[2514,2548,2459,2513,2577,2506,2463],"product_tag":[2521],"acf":[],"_links":{"self":[{"href":"https:\/\/donaulife-new.ogrisdigital.at\/fi\/wp-json\/wp\/v2\/product\/51306"}],"collection":[{"href":"https:\/\/donaulife-new.ogrisdigital.at\/fi\/wp-json\/wp\/v2\/product"}],"about":[{"href":"https:\/\/donaulife-new.ogrisdigital.at\/fi\/wp-json\/wp\/v2\/types\/product"}],"replies":[{"embeddable":true,"href":"https:\/\/donaulife-new.ogrisdigital.at\/fi\/wp-json\/wp\/v2\/comments?post=51306"}],"wp:featuredmedia":[{"embeddable":true,"href":"https:\/\/donaulife-new.ogrisdigital.at\/fi\/wp-json\/wp\/v2\/media\/21441"}],"wp:attachment":[{"href":"https:\/\/donaulife-new.ogrisdigital.at\/fi\/wp-json\/wp\/v2\/media?parent=51306"}],"wp:term":[{"taxonomy":"product_cat","embeddable":true,"href":"https:\/\/donaulife-new.ogrisdigital.at\/fi\/wp-json\/wp\/v2\/product_cat?post=51306"},{"taxonomy":"product_tag","embeddable":true,"href":"https:\/\/donaulife-new.ogrisdigital.at\/fi\/wp-json\/wp\/v2\/product_tag?post=51306"}],"curies":[{"name":"wp","href":"https:\/\/api.w.org\/{rel}","templated":true}]}}