{"id":51285,"date":"2019-01-28T12:49:59","date_gmt":"2019-01-28T12:49:59","guid":{"rendered":"https:\/\/donaulife-new.ogrisdigital.at\/produkt\/black-leaf-bubbler-bong-octopussy-28-cm\/"},"modified":"2024-02-20T11:54:05","modified_gmt":"2024-02-20T11:54:05","slug":"black-leaf-bubbler-bong-octopussy-28-cm","status":"publish","type":"product","link":"https:\/\/donaulife-new.ogrisdigital.at\/fi\/black-leaf-bubbler-bong-octopussy-28-cm\/","title":{"rendered":"BLACK LEAF Bubbler Bong &#8216;Octopussy&#8217; | 29 cm"},"content":{"rendered":"<div class=\"std\">\n<p>Die robuste, handgemachte Perkolator-Blubber von &#8216;Black Leaf&#8217; hat einen tollen Eyecatcher: Mitten auf dem Duschkopfperkolator sitzt ein kunstvoll gestalteter Oktopus und beobachtet mit einem sehr lebendig wirkenden Auge, wie der Rauch vom ebenfalls sehr robusten Kr\u00e4uterkopf durch die Pfeife zieht. Da es kein Kickloch gibt, ist der Kopf mit einem breiten Griff ausgestattet &#8211; so kann man ihn bequem und ohne Gefahr, sich die Finger zu verbrennen, f\u00fcr den finalen Kick hochziehen.<\/p>\n<p>Der Duschkopfperkolator sorgt f\u00fcr ordentliche Luft- und Wasserverwirbelungen, die wiederum den Rauch abk\u00fchlen und filtern. Der Geschmack ist daher lungenfreundlich smooth. Das pastellige Lila des s\u00fc\u00dfen Kopff\u00fc\u00dflers wiederholt sich im Mundst\u00fcck sowie im standsicheren Blubberfu\u00df und perfektioniert die Optik.<\/p>\n<p>Wer sich fragt, wie man diese sch\u00f6ne Wasserpfeife ohne Besch\u00e4digung des Innenlebens denn wieder sauber bekommt, dem sei geraten: Schliff mit einem Stopfen f\u00fcr NS 19 verschlie\u00dfen, einen Essl\u00f6ffel eines speziellen Bongreinigers, z. B. &#8216;<a href=\"https:\/\/www.donaulife.com\/black-leaf-bio-reinigungskonzentrat\/\" target=\"_blank\" rel=\"noopener\">Reinigungskonzentrat<\/a>&#8216; oder &#8216;<a href=\"https:\/\/www.donaulife.com\/schmand-weg-bongreiniger\/\" target=\"_blank\" rel=\"noopener\">Schmand Weg<\/a>&#8216; einf\u00fcllen und mit hei\u00dfem Wasser auff\u00fcllen. Ungef\u00e4hr 10 Minuten warten, Blubber sch\u00fctteln, ausgie\u00dfen und so lange mit hei\u00dfen Wasser nachsp\u00fclen, bis alle R\u00fcckst\u00e4nde des Reinigers entfernt sind &#8211; fertig!<\/p>\n<\/div>\n","protected":false},"excerpt":{"rendered":"<p>Die robuste, handgemachte Perkolator-Blubber von &#8216;Black Leaf&#8217; hat einen tollen Eyecatcher: Mitten auf dem Duschkopfperkolator sitzt ein kunstvoll gestalteter Oktopus<\/p>\n","protected":false},"featured_media":21246,"comment_status":"open","ping_status":"closed","template":"","meta":{"_acf_changed":false},"product_cat":[2514,2548,2459,2513,2577,2506,2463],"product_tag":[2521],"acf":[],"_links":{"self":[{"href":"https:\/\/donaulife-new.ogrisdigital.at\/fi\/wp-json\/wp\/v2\/product\/51285"}],"collection":[{"href":"https:\/\/donaulife-new.ogrisdigital.at\/fi\/wp-json\/wp\/v2\/product"}],"about":[{"href":"https:\/\/donaulife-new.ogrisdigital.at\/fi\/wp-json\/wp\/v2\/types\/product"}],"replies":[{"embeddable":true,"href":"https:\/\/donaulife-new.ogrisdigital.at\/fi\/wp-json\/wp\/v2\/comments?post=51285"}],"wp:featuredmedia":[{"embeddable":true,"href":"https:\/\/donaulife-new.ogrisdigital.at\/fi\/wp-json\/wp\/v2\/media\/21246"}],"wp:attachment":[{"href":"https:\/\/donaulife-new.ogrisdigital.at\/fi\/wp-json\/wp\/v2\/media?parent=51285"}],"wp:term":[{"taxonomy":"product_cat","embeddable":true,"href":"https:\/\/donaulife-new.ogrisdigital.at\/fi\/wp-json\/wp\/v2\/product_cat?post=51285"},{"taxonomy":"product_tag","embeddable":true,"href":"https:\/\/donaulife-new.ogrisdigital.at\/fi\/wp-json\/wp\/v2\/product_tag?post=51285"}],"curies":[{"name":"wp","href":"https:\/\/api.w.org\/{rel}","templated":true}]}}