{"id":51256,"date":"2019-01-08T10:59:42","date_gmt":"2019-01-08T10:59:42","guid":{"rendered":"https:\/\/donaulife-new.ogrisdigital.at\/produkt\/black-leaf-glasbong-hotshot-mit-6-arm-50-cm\/"},"modified":"2025-01-15T07:14:24","modified_gmt":"2025-01-15T07:14:24","slug":"black-leaf-glasbong-hotshot-mit-6-arm-50-cm","status":"publish","type":"product","link":"https:\/\/donaulife-new.ogrisdigital.at\/fi\/black-leaf-glasbong-hotshot-mit-6-arm-50-cm\/","title":{"rendered":"BLAZE GLASS Percolatorbong &#8216;Hotshot&#8217; mit 6-Arm | 50 cm"},"content":{"rendered":"<h2>Black Leaf Percolatorbong mit 6 Arm Perc<\/h2>\n<div class=\"std\">Die aus hochwertigem Borosilikatglas handgefertigte, zylinderf\u00f6rmige Ice-Bong unserer Premiummarke &#8216;Blaze Glass&#8217; bringt angenehme Abk\u00fchlung auch in hitzigen Zeiten. Daf\u00fcr sorgt zuerst der 6-armige Baumperkolator, dessen kr\u00e4ftige Luft- und Wasserverwirbelungen eine gute Rauchabk\u00fchlung zur Folge haben. Schmutz- und Aschepartikel werden dabei herausgefiltert.<br \/>\nDie Spritzschutzkuppel bewirkt zus\u00e4tzliche Luftwirbel und zur coolen Kr\u00f6nung halten die drei Dornen eingef\u00fcllte Eisw\u00fcrfel. Die Folge: Sanfterer, lungenschonenderer und milderer Rauchspa\u00df bei vollem, aromatischen Geschmack!Das Bl\u00fcten- und Kr\u00e4uterk\u00f6pfchen hat praktischerweise ein fest integriertes Siebchen. Au\u00dferdem l\u00e4sst sich der Kopf durch den fingergerechten Griff, der gleichzeitig ein zuverl\u00e4ssiger Wegrollschutz ist, leicht herausziehen. Ein Bongclip aus Kunststoff sorgt f\u00fcr eine stabile Verbindung von K\u00f6pfchen und Shillum, welches durch Diffusorschlitze ebenfalls f\u00fcr Luft- und Wasserwirbel sorgt.Das Kickloch kann mit dem beiliegenden Schliffstopfen verschlossen werden, damit die Reinigung der Glasbong einfacher ist. Das sandgestrahlte Logo von \u2018Blaze Glass\u2018 ist dezent und befindet sich auf dem Zugrohr. Die Wandst\u00e4rke von 5mm gibt der Wasserpfeife die notwendige Robustheit.<\/p>\n<h3><span style=\"font-size: 20.16px;\">\u00dcber Black Leaf:<\/span><\/h3>\n<div>\n<p>In Weed We Trust ? Smoking\u00a0<em>Paraphernalia<\/em> seit 1988: Bongs, Pfeifen, Vaporizer, Grinder, Dabbing Zubeh\u00f6r, Paper &amp; Filter, Lifestyle Produkte. Es gibt viele Innovative Produkte der Marke die auch die ein oder andere Weltneuheit erschaffen haben. Im Shop bieten wir von allen Produkten die beste Auswahl.<\/p>\n<\/div>\n<\/div>\n","protected":false},"excerpt":{"rendered":"<p>Black Leaf Percolatorbong mit 6 Arm Perc Die aus hochwertigem Borosilikatglas handgefertigte, zylinderf\u00f6rmige Ice-Bong unserer Premiummarke &#8216;Blaze Glass&#8217; bringt angenehme<\/p>\n","protected":false},"featured_media":21041,"comment_status":"open","ping_status":"open","template":"","meta":{"_acf_changed":false},"product_cat":[2514,2545,2459,2510,2523,2515,2577,2506,2463],"product_tag":[2547],"acf":[],"_links":{"self":[{"href":"https:\/\/donaulife-new.ogrisdigital.at\/fi\/wp-json\/wp\/v2\/product\/51256"}],"collection":[{"href":"https:\/\/donaulife-new.ogrisdigital.at\/fi\/wp-json\/wp\/v2\/product"}],"about":[{"href":"https:\/\/donaulife-new.ogrisdigital.at\/fi\/wp-json\/wp\/v2\/types\/product"}],"replies":[{"embeddable":true,"href":"https:\/\/donaulife-new.ogrisdigital.at\/fi\/wp-json\/wp\/v2\/comments?post=51256"}],"wp:featuredmedia":[{"embeddable":true,"href":"https:\/\/donaulife-new.ogrisdigital.at\/fi\/wp-json\/wp\/v2\/media\/21041"}],"wp:attachment":[{"href":"https:\/\/donaulife-new.ogrisdigital.at\/fi\/wp-json\/wp\/v2\/media?parent=51256"}],"wp:term":[{"taxonomy":"product_cat","embeddable":true,"href":"https:\/\/donaulife-new.ogrisdigital.at\/fi\/wp-json\/wp\/v2\/product_cat?post=51256"},{"taxonomy":"product_tag","embeddable":true,"href":"https:\/\/donaulife-new.ogrisdigital.at\/fi\/wp-json\/wp\/v2\/product_tag?post=51256"}],"curies":[{"name":"wp","href":"https:\/\/api.w.org\/{rel}","templated":true}]}}