{"id":51172,"date":"2018-12-08T11:50:11","date_gmt":"2018-12-08T11:50:11","guid":{"rendered":"https:\/\/donaulife-new.ogrisdigital.at\/produkt\/boost-pro-beaker-bong-gruen-44-cm\/"},"modified":"2024-07-01T00:29:56","modified_gmt":"2024-07-01T00:29:56","slug":"boost-pro-beaker-bong-gruen-44-cm","status":"publish","type":"product","link":"https:\/\/donaulife-new.ogrisdigital.at\/fi\/boost-pro-beaker-bong-gruen-44-cm\/","title":{"rendered":"BOOST Pro Beakerbong &#8216;Straight Hit&#8217; | 44 cm"},"content":{"rendered":"<h2>Boost Pro Kolbenbong mit 44 cm<\/h2>\n<p>Diese Ice Beaker Bong ist ein au\u00dfergew\u00f6hnliches St\u00fcck Glaskunst, welche dir exzellente Hits garantiert! Sie besteht aus hitzebest\u00e4ndigem und robusten Borosilikatglas und die Vorderseite ziert das gr\u00fcne oder rote Boost Pro Logo, was einen tollen Akzent zu dem klaren Design der Bong darstellt. Der Bongkopf hat einen Rollstop durch welchen er niemals vom Tisch rollen wird.<\/p>\n<p>Das K\u00f6pfchen steckt in einem 18,8 mm Chillum welches selbst auf einen 18,8 mm Schliff \u00fcbersetzt. Durch die Eiszacken kannst du die Bong bis obenhin mit Eis bef\u00fcllen.\u00a0Ein Kickloch ist vorhanden.<\/p>\n<h3>\u00dcber Boost:<\/h3>\n<p>Die Bongschmiede von Boost zeigt das gute Qualit\u00e4t nicht immer extrem teuer sein muss. Von einfachen geraden Bongs bis hin zu Percolator Bongs und au\u00dfergew\u00f6hlichen Formen bietet Boost f\u00fcr jeden Geschmack die richtige Glasvase. Auch beim Zubeh\u00f6r bietet der Hersteller hochwertige Bong K\u00f6pfe, Vork\u00fchler sowie Diffusor Chillums die mit vielen Modellen kompatibel sind. Wer noch stabilere Glaswaren sucht sollte auf den Zusatz Boost PRO achten. Diese sind dicker und meist mit weiteren Gimmicks wie zum Beispiel einem Eisfach ausgestattet.<\/p>\n","protected":false},"excerpt":{"rendered":"<p>Boost Pro Kolbenbong mit 44 cm Diese Ice Beaker Bong ist ein au\u00dfergew\u00f6hnliches St\u00fcck Glaskunst, welche dir exzellente Hits garantiert!<\/p>\n","protected":false},"featured_media":19217,"comment_status":"open","ping_status":"open","template":"","meta":{"_acf_changed":false},"product_cat":[2514,2459,2706,2566,2507,2523,2515,2635,2506,2463],"product_tag":[2707],"acf":[],"_links":{"self":[{"href":"https:\/\/donaulife-new.ogrisdigital.at\/fi\/wp-json\/wp\/v2\/product\/51172"}],"collection":[{"href":"https:\/\/donaulife-new.ogrisdigital.at\/fi\/wp-json\/wp\/v2\/product"}],"about":[{"href":"https:\/\/donaulife-new.ogrisdigital.at\/fi\/wp-json\/wp\/v2\/types\/product"}],"replies":[{"embeddable":true,"href":"https:\/\/donaulife-new.ogrisdigital.at\/fi\/wp-json\/wp\/v2\/comments?post=51172"}],"wp:featuredmedia":[{"embeddable":true,"href":"https:\/\/donaulife-new.ogrisdigital.at\/fi\/wp-json\/wp\/v2\/media\/19217"}],"wp:attachment":[{"href":"https:\/\/donaulife-new.ogrisdigital.at\/fi\/wp-json\/wp\/v2\/media?parent=51172"}],"wp:term":[{"taxonomy":"product_cat","embeddable":true,"href":"https:\/\/donaulife-new.ogrisdigital.at\/fi\/wp-json\/wp\/v2\/product_cat?post=51172"},{"taxonomy":"product_tag","embeddable":true,"href":"https:\/\/donaulife-new.ogrisdigital.at\/fi\/wp-json\/wp\/v2\/product_tag?post=51172"}],"curies":[{"name":"wp","href":"https:\/\/api.w.org\/{rel}","templated":true}]}}