{"id":51143,"date":"2018-10-26T17:13:18","date_gmt":"2018-10-26T17:13:18","guid":{"rendered":"https:\/\/donaulife-new.ogrisdigital.at\/produkt\/lighter-leash-420-edition\/"},"modified":"2024-07-01T00:29:42","modified_gmt":"2024-07-01T00:29:42","slug":"lighter-leash-420-edition","status":"publish","type":"product","link":"https:\/\/donaulife-new.ogrisdigital.at\/fi\/lighter-leash-420-edition\/","title":{"rendered":"LIGHTER LEASH\u00ae &#8211; 420 Edition"},"content":{"rendered":"<h2>Lighter Leash mit 420 Motiven<\/h2>\n<p>Nie wieder Feuerzeug verlegen! Ein genialer Begleiter f\u00fcr dein Feuerzeug. Einfach Clipper oder Standard Gr\u00f6\u00dfe reinstecken und es geht nicht mehr verloren. Clipper Dieben legst du auch das Handwerk \ud83d\ude09<\/p>\n<p>Motiv zuf\u00e4llig<\/p>\n<h3>\u00dcber Lighter Leash:<\/h3>\n<p>Das ist die beste Erfindung seit dem Clipper. Damit euer geliebtes Feuerzeug nicht einfach verschwindet oder von Freunden ausgeborgt wird hier die L\u00f6sung! Nimm dein Feuerzeug an die kurze Leine. Lighter Leash funktioniert f\u00fcr Clipper Feuerzeuge sowie f\u00fcr BIC oder den meisten anderen Modellen.<\/p>\n","protected":false},"excerpt":{"rendered":"<p>Lighter Leash mit 420 Motiven Nie wieder Feuerzeug verlegen! Ein genialer Begleiter f\u00fcr dein Feuerzeug. Einfach Clipper oder Standard Gr\u00f6\u00dfe<\/p>\n","protected":false},"featured_media":20042,"comment_status":"open","ping_status":"open","template":"","meta":{"_acf_changed":false},"product_cat":[2494,2489,2774,2775,2451],"product_tag":[2776],"acf":[],"_links":{"self":[{"href":"https:\/\/donaulife-new.ogrisdigital.at\/fi\/wp-json\/wp\/v2\/product\/51143"}],"collection":[{"href":"https:\/\/donaulife-new.ogrisdigital.at\/fi\/wp-json\/wp\/v2\/product"}],"about":[{"href":"https:\/\/donaulife-new.ogrisdigital.at\/fi\/wp-json\/wp\/v2\/types\/product"}],"replies":[{"embeddable":true,"href":"https:\/\/donaulife-new.ogrisdigital.at\/fi\/wp-json\/wp\/v2\/comments?post=51143"}],"wp:featuredmedia":[{"embeddable":true,"href":"https:\/\/donaulife-new.ogrisdigital.at\/fi\/wp-json\/wp\/v2\/media\/20042"}],"wp:attachment":[{"href":"https:\/\/donaulife-new.ogrisdigital.at\/fi\/wp-json\/wp\/v2\/media?parent=51143"}],"wp:term":[{"taxonomy":"product_cat","embeddable":true,"href":"https:\/\/donaulife-new.ogrisdigital.at\/fi\/wp-json\/wp\/v2\/product_cat?post=51143"},{"taxonomy":"product_tag","embeddable":true,"href":"https:\/\/donaulife-new.ogrisdigital.at\/fi\/wp-json\/wp\/v2\/product_tag?post=51143"}],"curies":[{"name":"wp","href":"https:\/\/api.w.org\/{rel}","templated":true}]}}