{"id":51130,"date":"2018-09-17T15:28:22","date_gmt":"2018-09-17T15:28:22","guid":{"rendered":"https:\/\/donaulife-new.ogrisdigital.at\/produkt\/black-leaf-archimedes-reactor-steampunk-edition-40-cm\/"},"modified":"2025-01-15T07:14:39","modified_gmt":"2025-01-15T07:14:39","slug":"black-leaf-archimedes-reactor-steampunk-edition-40-cm","status":"publish","type":"product","link":"https:\/\/donaulife-new.ogrisdigital.at\/fi\/black-leaf-archimedes-reactor-steampunk-edition-40-cm\/","title":{"rendered":"BLACK LEAF &#8216;Archimedes Reactor&#8217; Steampunk Edition | 40 cm"},"content":{"rendered":"<h2>Black Leaf Glasbong im Steampunk Design<\/h2>\n<p>Retro-Futurismus par excellence: Die abgefahrene Bong &#8216;Archimedes Reactor&#8217; von &#8216;Black Leaf&#8217; ist nicht nur DER Hingucker schlechthin, sondern auch eine echte Dampfmaschine. Das tolle Steampunk-Design spiegelt mit seiner Liebe zum Detail perfekt den Retro-Look der Technik wieder. Die Ummantelung aus Kupfer sieht aus, als w\u00e4re sie schon in die Jahre gekommen, angerostet und oxidiert. Zusammen mit den technischen Dekoobjekten wie Zahnr\u00e4der, Schrauben und Nitro-Kondensator (enth\u00e4lt eine gef\u00e4rbte Glyzerinl\u00f6sung) wird die bongbastische \u2018Archimedes Reactor\u2018 nicht nur die wahren Steampunks unter uns begeistern!<\/p>\n<p>Unter ihrer dekorativen Schale ist die Ice-Bong eine grundsolide, gewichtige und standsichere Zylinderbong mit massiven Rundfu\u00df, auf dem ganz dezent das \u2018Black Leaf\u2018-Logo gestrahlt ist. Gefertigt ist sie aus bestem Borosilikatglas mit robuster 7mm-Wandst\u00e4rke und hat einen guten Durchzug f\u00fcr vollen Dampf, der sich durch das sanft abgerundete Mundst\u00fcck bequem inhalieren l\u00e4sst. Damit das Rauchgef\u00fchl angenehm smooth ausf\u00e4llt, bieten die tief angesetzten Ice-Dornen vielen, vielen Eisw\u00fcrfeln Platz und \u201aAuftrieb\u2018.<\/p>\n<p>Bei der Passage durch die lange Ice-Kammer k\u00fchlt der auftreibende Rauch sch\u00f6n runter. Der dazugeh\u00f6rige Kopf ist f\u00fcr Kr\u00e4uter und hat ein vern\u00fcnftiges Fassungsverm\u00f6gen.<\/p>\n<p>\u00dcbrigens: Durch die spezielle Einzelfertigung des Kupferdekors ist jede \u2018Archimedes Reactor\u2018 ein Unikat. Damit die Bong auch lange beeindruckend bleibt, empfehlen wir, sie von au\u00dfen nur mit klarem Wasser zu reinigen.<\/p>\n<h3><span style=\"font-size: 20.16px;\">\u00dcber Black Leaf:<\/span><\/h3>\n<div>\n<p>In Weed We Trust ? Smoking\u00a0<em>Paraphernalia<\/em> seit 1988: Bongs, Pfeifen, Vaporizer, Grinder, Dabbing Zubeh\u00f6r, Paper &amp; Filter, Lifestyle Produkte. Es gibt viele Innovative Produkte der Marke die auch die ein oder andere Weltneuheit erschaffen haben. Im Shop bieten wir von allen Produkten die beste Auswahl.<\/p>\n<\/div>\n","protected":false},"excerpt":{"rendered":"<p>Black Leaf Glasbong im Steampunk Design Retro-Futurismus par excellence: Die abgefahrene Bong &#8216;Archimedes Reactor&#8217; von &#8216;Black Leaf&#8217; ist nicht nur<\/p>\n","protected":false},"featured_media":19910,"comment_status":"open","ping_status":"open","template":"","meta":{"_acf_changed":false},"product_cat":[2514,2548,2459,2566,2523,2506,2463,2520],"product_tag":[2521],"acf":[],"_links":{"self":[{"href":"https:\/\/donaulife-new.ogrisdigital.at\/fi\/wp-json\/wp\/v2\/product\/51130"}],"collection":[{"href":"https:\/\/donaulife-new.ogrisdigital.at\/fi\/wp-json\/wp\/v2\/product"}],"about":[{"href":"https:\/\/donaulife-new.ogrisdigital.at\/fi\/wp-json\/wp\/v2\/types\/product"}],"replies":[{"embeddable":true,"href":"https:\/\/donaulife-new.ogrisdigital.at\/fi\/wp-json\/wp\/v2\/comments?post=51130"}],"wp:featuredmedia":[{"embeddable":true,"href":"https:\/\/donaulife-new.ogrisdigital.at\/fi\/wp-json\/wp\/v2\/media\/19910"}],"wp:attachment":[{"href":"https:\/\/donaulife-new.ogrisdigital.at\/fi\/wp-json\/wp\/v2\/media?parent=51130"}],"wp:term":[{"taxonomy":"product_cat","embeddable":true,"href":"https:\/\/donaulife-new.ogrisdigital.at\/fi\/wp-json\/wp\/v2\/product_cat?post=51130"},{"taxonomy":"product_tag","embeddable":true,"href":"https:\/\/donaulife-new.ogrisdigital.at\/fi\/wp-json\/wp\/v2\/product_tag?post=51130"}],"curies":[{"name":"wp","href":"https:\/\/api.w.org\/{rel}","templated":true}]}}