{"id":51001,"date":"2018-06-18T09:29:46","date_gmt":"2018-06-18T09:29:46","guid":{"rendered":"https:\/\/donaulife-new.ogrisdigital.at\/produkt\/clean-u-anti-paranoia-pack-girl-groesse-s\/"},"modified":"2024-07-01T00:28:00","modified_gmt":"2024-07-01T00:28:00","slug":"clean-u-anti-paranoia-pack-girl-groesse-s","status":"publish","type":"product","link":"https:\/\/donaulife-new.ogrisdigital.at\/fi\/clean-u-anti-paranoia-pack-girl-groesse-s\/","title":{"rendered":"CLEAN U SpecialPants Slip Girl mit Geheimfach | Gr\u00f6\u00dfe S-XL"},"content":{"rendered":"<h2>Clean U SpecialPants Slip<\/h2>\n<p>&#8220;Ich bin deine Spezial-Unterw\u00e4sche mit dem weltbesten &amp; sichersten\u00a0<strong>Geheimversteck<\/strong>. Ich verstecke deine Wertsachen an der sichersten Stelle \u2013 deiner privaten Safety-Zone \u2013 hier darf n\u00e4mlich selbst bei Kontrollen nicht durchsucht werden. Auf Festivals, Reisen und Partys\u00a0<strong>h\u00fcte ich ALLE deine Geheimnisse<\/strong>. Ich gebe dir ein sicheres Gef\u00fchl, auf das du nie mehr verzichten m\u00f6chtest. So sch\u00fctze ich deine Privatsph\u00e4re!&#8221;<\/p>\n<p>&nbsp;<\/p>\n<p><a href=\"https:\/\/www.donaulife.com\/wp-content\/uploads\/2018\/06\/sum_frau_1060x596.jpg\" target=\"_blank\" rel=\"noopener\"><img fetchpriority=\"high\" decoding=\"async\" class=\"alignnone wp-image-47022\" src=\"https:\/\/www.donaulife.com\/wp-content\/uploads\/2018\/06\/sum_frau_1060x596-300x169.jpg\" alt=\"\" width=\"351\" height=\"198\" \/><\/a><a href=\"https:\/\/www.donaulife.com\/wp-content\/uploads\/2018\/06\/CleanU-underwear-hidden-pocket-girl-how-to-use_1060x596.jpg\" target=\"_blank\" rel=\"noopener\"><img decoding=\"async\" class=\"alignnone wp-image-47020\" src=\"https:\/\/www.donaulife.com\/wp-content\/uploads\/2018\/06\/CleanU-underwear-hidden-pocket-girl-how-to-use_1060x596-300x200.jpg\" alt=\"\" width=\"296\" height=\"197\" \/><\/a><a href=\"https:\/\/www.donaulife.com\/wp-content\/uploads\/2018\/06\/Girls3u9teYr27puEd_1060x596.png\" target=\"_blank\" rel=\"noopener\"><img decoding=\"async\" class=\"alignnone wp-image-47021\" src=\"https:\/\/www.donaulife.com\/wp-content\/uploads\/2018\/06\/Girls3u9teYr27puEd_1060x596-300x169.png\" alt=\"\" width=\"346\" height=\"195\" \/><\/a><\/p>\n<p><iframe title=\"Mai von Rotzepiml erkl\u00e4rt den SCREENYWEENY von CleanU\" width=\"500\" height=\"281\" src=\"https:\/\/www.youtube.com\/embed\/vwgOSDxy-fQ?feature=oembed\" frameborder=\"0\" allow=\"accelerometer; autoplay; clipboard-write; encrypted-media; gyroscope; picture-in-picture; web-share\" allowfullscreen><\/iframe><\/p>\n<div style=\"position: static !important;\"><\/div>\n<div style=\"position: static !important;\"><\/div>\n","protected":false},"excerpt":{"rendered":"<p>Clean U SpecialPants Slip &#8220;Ich bin deine Spezial-Unterw\u00e4sche mit dem weltbesten &amp; sichersten\u00a0Geheimversteck. Ich verstecke deine Wertsachen an der sichersten<\/p>\n","protected":false},"featured_media":18948,"comment_status":"open","ping_status":"open","template":"","meta":{"_acf_changed":false},"product_cat":[2489,2872,2451],"product_tag":[2873,2874],"acf":[],"_links":{"self":[{"href":"https:\/\/donaulife-new.ogrisdigital.at\/fi\/wp-json\/wp\/v2\/product\/51001"}],"collection":[{"href":"https:\/\/donaulife-new.ogrisdigital.at\/fi\/wp-json\/wp\/v2\/product"}],"about":[{"href":"https:\/\/donaulife-new.ogrisdigital.at\/fi\/wp-json\/wp\/v2\/types\/product"}],"replies":[{"embeddable":true,"href":"https:\/\/donaulife-new.ogrisdigital.at\/fi\/wp-json\/wp\/v2\/comments?post=51001"}],"wp:featuredmedia":[{"embeddable":true,"href":"https:\/\/donaulife-new.ogrisdigital.at\/fi\/wp-json\/wp\/v2\/media\/18948"}],"wp:attachment":[{"href":"https:\/\/donaulife-new.ogrisdigital.at\/fi\/wp-json\/wp\/v2\/media?parent=51001"}],"wp:term":[{"taxonomy":"product_cat","embeddable":true,"href":"https:\/\/donaulife-new.ogrisdigital.at\/fi\/wp-json\/wp\/v2\/product_cat?post=51001"},{"taxonomy":"product_tag","embeddable":true,"href":"https:\/\/donaulife-new.ogrisdigital.at\/fi\/wp-json\/wp\/v2\/product_tag?post=51001"}],"curies":[{"name":"wp","href":"https:\/\/api.w.org\/{rel}","templated":true}]}}