{"id":50963,"date":"2018-06-07T12:46:33","date_gmt":"2018-06-07T12:46:33","guid":{"rendered":"https:\/\/donaulife-new.ogrisdigital.at\/produkt\/smokebuddy-junior-luftfilter\/"},"modified":"2024-07-01T00:27:29","modified_gmt":"2024-07-01T00:27:29","slug":"smokebuddy-junior-luftfilter","status":"publish","type":"product","link":"https:\/\/donaulife-new.ogrisdigital.at\/fi\/smokebuddy-junior-luftfilter\/","title":{"rendered":"SMOKEBUDDY Junior Luftfilter"},"content":{"rendered":"<h2>Smokebuddy Junior zum mitnehmen<\/h2>\n<p>Der hochwirksame Rauch- und Geruchskiller &#8216;Smokebuddy&#8217; wurde in den USA entwickelt. Er verf\u00fcgt \u00fcber einen speziell, patentieren Aktivkohlefilter welcher jegliche Geruchsstoffe einf\u00e4ngt. Wenn der inhalierte Rauch durch den &#8216;Smokebuddy ausgeatmet wird, werden die Geruchs- und Schmutzpartikel herausgefiltert und saubere, frische Luft str\u00f6mt heraus.<\/p>\n<p>Kein Rauch in der Wohnung, keine verr\u00e4terischen Ger\u00fcche und keine Bel\u00e4stigung der Mitmenschen durch Passivrauch. Mit dem Smokebuddy kann so gut wie \u00fcberall unauff\u00e4llig und diskret geraucht werden. Der &#8216;Smokebuddy Original&#8217; kann laut Hersteller bis zu 300x verwendet werden.<\/p>\n<h3>\u00dcber Smokebuddy:<\/h3>\n<p>Smokebuddy wurde 2008 mit dem alleinigen Ziel gegr\u00fcndet, qualitativ hochwertige, pers\u00f6nliche Luftfilter herzustellen, die unseren Kunden die Freiheit geben, zu rauchen, was sie wollen und wann sie wollen. Wir entwerfen und entwickeln einzigartige Produkte, die Rauch, Ger\u00fcche und Schadstoffe beseitigen und gleichzeitig die Auswirkungen auf Nichtraucher und die Umwelt reduzieren.<\/p>\n","protected":false},"excerpt":{"rendered":"<p>Smokebuddy Junior zum mitnehmen Der hochwirksame Rauch- und Geruchskiller &#8216;Smokebuddy&#8217; wurde in den USA entwickelt. Er verf\u00fcgt \u00fcber einen speziell,<\/p>\n","protected":false},"featured_media":18680,"comment_status":"open","ping_status":"open","template":"","meta":{"_acf_changed":false},"product_cat":[2652,2499,2451],"product_tag":[],"acf":[],"_links":{"self":[{"href":"https:\/\/donaulife-new.ogrisdigital.at\/fi\/wp-json\/wp\/v2\/product\/50963"}],"collection":[{"href":"https:\/\/donaulife-new.ogrisdigital.at\/fi\/wp-json\/wp\/v2\/product"}],"about":[{"href":"https:\/\/donaulife-new.ogrisdigital.at\/fi\/wp-json\/wp\/v2\/types\/product"}],"replies":[{"embeddable":true,"href":"https:\/\/donaulife-new.ogrisdigital.at\/fi\/wp-json\/wp\/v2\/comments?post=50963"}],"wp:featuredmedia":[{"embeddable":true,"href":"https:\/\/donaulife-new.ogrisdigital.at\/fi\/wp-json\/wp\/v2\/media\/18680"}],"wp:attachment":[{"href":"https:\/\/donaulife-new.ogrisdigital.at\/fi\/wp-json\/wp\/v2\/media?parent=50963"}],"wp:term":[{"taxonomy":"product_cat","embeddable":true,"href":"https:\/\/donaulife-new.ogrisdigital.at\/fi\/wp-json\/wp\/v2\/product_cat?post=50963"},{"taxonomy":"product_tag","embeddable":true,"href":"https:\/\/donaulife-new.ogrisdigital.at\/fi\/wp-json\/wp\/v2\/product_tag?post=50963"}],"curies":[{"name":"wp","href":"https:\/\/api.w.org\/{rel}","templated":true}]}}