{"id":50954,"date":"2018-06-06T13:28:34","date_gmt":"2018-06-06T13:28:34","guid":{"rendered":"https:\/\/donaulife-new.ogrisdigital.at\/produkt\/smoking-papers-brown\/"},"modified":"2024-02-04T18:14:39","modified_gmt":"2024-02-04T18:14:39","slug":"smoking-papers-brown","status":"publish","type":"product","link":"https:\/\/donaulife-new.ogrisdigital.at\/fi\/smoking-papers-brown\/","title":{"rendered":"SMOKING &#8216;Brown&#8217; KSS Papers  | 33 Blatt"},"content":{"rendered":"<h2>Smoking Papers Kingsize slim ungebleicht<\/h2>\n<p>Die &#8216;Smoking&#8217; &#8216;Deluxe&#8217; King Size Longpapers bestehen aus maximal transparentem und reisfesten mit nat\u00fcrlicher Gummierung versehenen Papier. Diese Papers kommen ohne Farb- und Zusatzstoffe aus, womit der Geschmack nicht verf\u00e4lscht wird und eine 100% biologische Abbaubarkeit gegeben ist. Das Fl\u00e4chengewicht betr\u00e4gt 13g\/m\u00b2.<\/p>\n","protected":false},"excerpt":{"rendered":"<p>Smoking Papers Kingsize slim ungebleicht Die &#8216;Smoking&#8217; &#8216;Deluxe&#8217; King Size Longpapers bestehen aus maximal transparentem und reisfesten mit nat\u00fcrlicher Gummierung<\/p>\n","protected":false},"featured_media":18591,"comment_status":"open","ping_status":"open","template":"","meta":{"_acf_changed":false},"product_cat":[2489,2451,2453,2452,2749,2492],"product_tag":[],"acf":[],"_links":{"self":[{"href":"https:\/\/donaulife-new.ogrisdigital.at\/fi\/wp-json\/wp\/v2\/product\/50954"}],"collection":[{"href":"https:\/\/donaulife-new.ogrisdigital.at\/fi\/wp-json\/wp\/v2\/product"}],"about":[{"href":"https:\/\/donaulife-new.ogrisdigital.at\/fi\/wp-json\/wp\/v2\/types\/product"}],"replies":[{"embeddable":true,"href":"https:\/\/donaulife-new.ogrisdigital.at\/fi\/wp-json\/wp\/v2\/comments?post=50954"}],"wp:featuredmedia":[{"embeddable":true,"href":"https:\/\/donaulife-new.ogrisdigital.at\/fi\/wp-json\/wp\/v2\/media\/18591"}],"wp:attachment":[{"href":"https:\/\/donaulife-new.ogrisdigital.at\/fi\/wp-json\/wp\/v2\/media?parent=50954"}],"wp:term":[{"taxonomy":"product_cat","embeddable":true,"href":"https:\/\/donaulife-new.ogrisdigital.at\/fi\/wp-json\/wp\/v2\/product_cat?post=50954"},{"taxonomy":"product_tag","embeddable":true,"href":"https:\/\/donaulife-new.ogrisdigital.at\/fi\/wp-json\/wp\/v2\/product_tag?post=50954"}],"curies":[{"name":"wp","href":"https:\/\/api.w.org\/{rel}","templated":true}]}}