{"id":50949,"date":"2018-06-06T13:08:13","date_gmt":"2018-06-06T13:08:13","guid":{"rendered":"https:\/\/donaulife-new.ogrisdigital.at\/produkt\/ocb-papers-filter-tips-kingsize-premium-2\/"},"modified":"2025-01-15T07:14:52","modified_gmt":"2025-01-15T07:14:52","slug":"ocb-papers-filter-tips-kingsize-premium-2","status":"publish","type":"product","link":"https:\/\/donaulife-new.ogrisdigital.at\/fi\/ocb-papers-filter-tips-kingsize-premium-2\/","title":{"rendered":"OCB KSS Premium Papers + Filter Tips"},"content":{"rendered":"<h2>OCB Kingsize slim Papers inkl. Tips<\/h2>\n<p>Die &#8216;OCB&#8217; Papers + Filter Tips Premium besitzen eine Gummierung aus biologisch abbaubaren Rohstoffen in der Gr\u00f6\u00dfe Kingsize\/Longpaper. Die Papers sind sehr fein und beinahe transparent &#8211; vermutlich das Referenzprodukt unter dem Zigarettenpapier. Ein Heft enh\u00e4lt 32 Papers\/Filter Tips.<\/p>\n<h3>\u00dcber OCB:<\/h3>\n<p>1822 begann alles mit der Gr\u00fcndung der ersten Papierfabrik am Ufer des Flusses Odet bei Ergu\u00e9-Gab\u00e9ric, Finist\u00e8re in Frankreich.1918 war dann die Geburtsstunde der Marke &#8220;OCB&#8221; (eingetragene Handelsmarke, registriert beim \u00ab Institut National de la Propri\u00e9t\u00e9 Industrielle \u00bb im Jahr 1923); Die ersten OCB bl\u00e4ttchen gehen in Produktion.1930 produzierten 2 Fabriken schon fast 2.000 Tonnen Papier in sogenannten \u201eBobinen\u201c f\u00fcr 86 Millionen Heftchen Zigarettenpapier. 90% dieser Produktion gingen in den Export, vor allem in die Vereinigten Staaten.Im Jahr 1986 verlagerte die Gruppe die Papierherstellung f\u00fcr Zigaretten zum Selbstdrehen in ihr\u00a0 Werk in Perpignan.Mittlerweile verkauft die Marke OCB ihre Produkte weltweit und erfreut sich vor allem in Europa an gro\u00dfer Beliebtheit.<\/p>\n<p>&nbsp;<\/p>\n","protected":false},"excerpt":{"rendered":"<p>OCB Kingsize slim Papers inkl. Tips Die &#8216;OCB&#8217; Papers + Filter Tips Premium besitzen eine Gummierung aus biologisch abbaubaren Rohstoffen<\/p>\n","protected":false},"featured_media":17126,"comment_status":"open","ping_status":"open","template":"","meta":{"_acf_changed":false},"product_cat":[2451,2453,2452],"product_tag":[],"acf":[],"_links":{"self":[{"href":"https:\/\/donaulife-new.ogrisdigital.at\/fi\/wp-json\/wp\/v2\/product\/50949"}],"collection":[{"href":"https:\/\/donaulife-new.ogrisdigital.at\/fi\/wp-json\/wp\/v2\/product"}],"about":[{"href":"https:\/\/donaulife-new.ogrisdigital.at\/fi\/wp-json\/wp\/v2\/types\/product"}],"replies":[{"embeddable":true,"href":"https:\/\/donaulife-new.ogrisdigital.at\/fi\/wp-json\/wp\/v2\/comments?post=50949"}],"wp:featuredmedia":[{"embeddable":true,"href":"https:\/\/donaulife-new.ogrisdigital.at\/fi\/wp-json\/wp\/v2\/media\/17126"}],"wp:attachment":[{"href":"https:\/\/donaulife-new.ogrisdigital.at\/fi\/wp-json\/wp\/v2\/media?parent=50949"}],"wp:term":[{"taxonomy":"product_cat","embeddable":true,"href":"https:\/\/donaulife-new.ogrisdigital.at\/fi\/wp-json\/wp\/v2\/product_cat?post=50949"},{"taxonomy":"product_tag","embeddable":true,"href":"https:\/\/donaulife-new.ogrisdigital.at\/fi\/wp-json\/wp\/v2\/product_tag?post=50949"}],"curies":[{"name":"wp","href":"https:\/\/api.w.org\/{rel}","templated":true}]}}