{"id":50937,"date":"2018-06-06T10:15:54","date_gmt":"2018-06-06T10:15:54","guid":{"rendered":"https:\/\/donaulife-new.ogrisdigital.at\/produkt\/insomnia-vorkuehler-gruen-188-mm\/"},"modified":"2025-01-15T07:14:53","modified_gmt":"2025-01-15T07:14:53","slug":"insomnia-vorkuehler-gruen-188-mm","status":"publish","type":"product","link":"https:\/\/donaulife-new.ogrisdigital.at\/fi\/insomnia-vorkuehler-gruen-188-mm\/","title":{"rendered":"INSOMNIA Vork\u00fchler gr\u00fcn 45\u00b0 | 18,8>18,8mm"},"content":{"rendered":"<h2>Insomnia Vork\u00fchler mit 45\u00b0 Ansatz<\/h2>\n<p>Insomnia Bubbler Vork\u00fchler mit integriertem Perculator, Schliff 18,8 mm. F\u00fcr schr\u00e4ge Bongs mit 45\u00b0 Aufsatz.<\/p>\n<h3>\u00dcber Insomnia:<\/h3>\n<p>Schalflos? Bestimmt nicht mit den Modellen von Insomnia. Die Glaswaren des Herstellers kommen mit coolen Sandgestrahlten Designs daher, mit oder ohne Eisfach aber garantiert immer g\u00fcnstig und zuverl\u00e4ssig.<\/p>\n","protected":false},"excerpt":{"rendered":"<p>Insomnia Vork\u00fchler mit 45\u00b0 Ansatz Insomnia Bubbler Vork\u00fchler mit integriertem Perculator, Schliff 18,8 mm. F\u00fcr schr\u00e4ge Bongs mit 45\u00b0 Aufsatz.<\/p>\n","protected":false},"featured_media":18472,"comment_status":"open","ping_status":"open","template":"","meta":{"_acf_changed":false},"product_cat":[2591,2459,2467,2463,2582,2460],"product_tag":[2471,2466],"acf":[],"_links":{"self":[{"href":"https:\/\/donaulife-new.ogrisdigital.at\/fi\/wp-json\/wp\/v2\/product\/50937"}],"collection":[{"href":"https:\/\/donaulife-new.ogrisdigital.at\/fi\/wp-json\/wp\/v2\/product"}],"about":[{"href":"https:\/\/donaulife-new.ogrisdigital.at\/fi\/wp-json\/wp\/v2\/types\/product"}],"replies":[{"embeddable":true,"href":"https:\/\/donaulife-new.ogrisdigital.at\/fi\/wp-json\/wp\/v2\/comments?post=50937"}],"wp:featuredmedia":[{"embeddable":true,"href":"https:\/\/donaulife-new.ogrisdigital.at\/fi\/wp-json\/wp\/v2\/media\/18472"}],"wp:attachment":[{"href":"https:\/\/donaulife-new.ogrisdigital.at\/fi\/wp-json\/wp\/v2\/media?parent=50937"}],"wp:term":[{"taxonomy":"product_cat","embeddable":true,"href":"https:\/\/donaulife-new.ogrisdigital.at\/fi\/wp-json\/wp\/v2\/product_cat?post=50937"},{"taxonomy":"product_tag","embeddable":true,"href":"https:\/\/donaulife-new.ogrisdigital.at\/fi\/wp-json\/wp\/v2\/product_tag?post=50937"}],"curies":[{"name":"wp","href":"https:\/\/api.w.org\/{rel}","templated":true}]}}