{"id":50925,"date":"2018-06-03T00:28:58","date_gmt":"2018-06-03T00:28:58","guid":{"rendered":"https:\/\/donaulife-new.ogrisdigital.at\/produkt\/boost-pro-bong-orange-bouncer-5mm-45-cm\/"},"modified":"2025-01-15T07:14:54","modified_gmt":"2025-01-15T07:14:54","slug":"boost-pro-bong-orange-bouncer-5mm-45-cm","status":"publish","type":"product","link":"https:\/\/donaulife-new.ogrisdigital.at\/fi\/boost-pro-bong-orange-bouncer-5mm-45-cm\/","title":{"rendered":"BOOST Pro Eisbong &#8216;Red Bouncer&#8217; | 32 cm"},"content":{"rendered":"<h2>Boost Pro Eisbong mit Rundbauch<\/h2>\n<p>Die Orange\/Rote Bouncer Bong von Boost besticht mit einem fetten roten Boost Schriftzug und einer Kugelform am unteren Ende! Mit 32 cm z\u00e4hlt die Boost zu den mittleren Bongs und weisen neben einem Kick Loch auch Eiszacken auf. Der rote Boost Pro Schriftzug findet sich neben dem Hauptrohr auch auf dem Chillum wieder. Das klare Glash\u00fctchen besitzt einen Griff sowie 14,5 mm Schliff und kann somit auch mit allen Vork\u00fchlern dieses Schliffs erweitert werden.<\/p>\n<p>Der Rauch wird bei dieser Bong durch das Chillum zus\u00e4tzlich verwirbelt und durch den langen Hals gek\u00fchlt. Zus\u00e4tzlich kann diese bis obenhin mit Eis gef\u00fcllt werden um die Hits unglaublich k\u00fchl zu halten.<\/p>\n<h3>\u00dcber Boost:<\/h3>\n<p>Die Bongschmiede von Boost zeigt das gute Qualit\u00e4t nicht immer extrem teuer sein muss. Von einfachen geraden Bongs bis hin zu Percolator Bongs und au\u00dfergew\u00f6hlichen Formen bietet Boost f\u00fcr jeden Geschmack die richtige Glasvase. Auch beim Zubeh\u00f6r bietet der Hersteller hochwertige Bong K\u00f6pfe, Vork\u00fchler sowie Diffusor Chillums die mit vielen Modellen kompatibel sind. Wer noch stabilere Glaswaren sucht sollte auf den Zusatz Boost PRO achten. Diese sind dicker und meist mit weiteren Gimmicks wie zum Beispiel einem Eisfach ausgestattet.<\/p>\n","protected":false},"excerpt":{"rendered":"<p>Boost Pro Eisbong mit Rundbauch Die Orange\/Rote Bouncer Bong von Boost besticht mit einem fetten roten Boost Schriftzug und einer<\/p>\n","protected":false},"featured_media":18382,"comment_status":"open","ping_status":"open","template":"","meta":{"_acf_changed":false},"product_cat":[2514,2459,2706,2507,2523,2515,2506,2463],"product_tag":[2707],"acf":[],"_links":{"self":[{"href":"https:\/\/donaulife-new.ogrisdigital.at\/fi\/wp-json\/wp\/v2\/product\/50925"}],"collection":[{"href":"https:\/\/donaulife-new.ogrisdigital.at\/fi\/wp-json\/wp\/v2\/product"}],"about":[{"href":"https:\/\/donaulife-new.ogrisdigital.at\/fi\/wp-json\/wp\/v2\/types\/product"}],"replies":[{"embeddable":true,"href":"https:\/\/donaulife-new.ogrisdigital.at\/fi\/wp-json\/wp\/v2\/comments?post=50925"}],"wp:featuredmedia":[{"embeddable":true,"href":"https:\/\/donaulife-new.ogrisdigital.at\/fi\/wp-json\/wp\/v2\/media\/18382"}],"wp:attachment":[{"href":"https:\/\/donaulife-new.ogrisdigital.at\/fi\/wp-json\/wp\/v2\/media?parent=50925"}],"wp:term":[{"taxonomy":"product_cat","embeddable":true,"href":"https:\/\/donaulife-new.ogrisdigital.at\/fi\/wp-json\/wp\/v2\/product_cat?post=50925"},{"taxonomy":"product_tag","embeddable":true,"href":"https:\/\/donaulife-new.ogrisdigital.at\/fi\/wp-json\/wp\/v2\/product_tag?post=50925"}],"curies":[{"name":"wp","href":"https:\/\/api.w.org\/{rel}","templated":true}]}}