{"id":50875,"date":"2018-04-28T10:28:31","date_gmt":"2018-04-28T10:28:31","guid":{"rendered":"https:\/\/donaulife-new.ogrisdigital.at\/produkt\/blaze-glass-steckbongmittelteil-double-comb\/"},"modified":"2025-01-15T07:15:07","modified_gmt":"2025-01-15T07:15:07","slug":"blaze-glass-steckbongmittelteil-double-comb","status":"publish","type":"product","link":"https:\/\/donaulife-new.ogrisdigital.at\/fi\/blaze-glass-steckbongmittelteil-double-comb\/","title":{"rendered":"BLAZE GLASS Steckbongmittelteil &#8216;Double COMB&#8217;"},"content":{"rendered":"<h2>Blaze Glass Steckbongmittelteil mit Honeycomb Scheiben<\/h2>\n<p>Bau dir deine Traumbong! Hier ein weiterer Teil der Blaze Steckbong Serie.<\/p>\n<div class=\"std\">&#8216;Blaze Glass&#8217;-Zwischenst\u00fcck mit zwei HoneyComb-Diffusern aus der Steckbong-Serie. Der handgefertigte Adapter ist aus hochwertigstem, 5mm starkem Borosilikatglas und passt auf alle NS 45.<\/div>\n<div><\/div>\n<div>\n<div><span style=\"font-size: 20.16px;\">\u00dcber Blaze Glass:<\/span><\/div>\n<div>\n<div>\n<p>Blaze-Glass-Bongs sind aus spannungsfreiem 3.1-Borosilikatglas (vergleichbar mit Duranglas) h\u00f6chster G\u00fcteklasse gefertigt. Mindestens 5 mm Wandst\u00e4rke machen eine Wasserpfeife robust.<br \/>\nWir verwenden extrem passgenaue Normschliffe in 14,5 bzw. 18,8 mm. Je nach Bong-Geometrie kommen normale Schliffe, verst\u00e4rkte Schliffe und bi-stabile Schliffe (doppelte Wand) in unseren Produkten zum Einsatz.<\/p>\n<\/div>\n<\/div>\n<\/div>\n","protected":false},"excerpt":{"rendered":"<p>Blaze Glass Steckbongmittelteil mit Honeycomb Scheiben Bau dir deine Traumbong! Hier ein weiterer Teil der Blaze Steckbong Serie. &#8216;Blaze Glass&#8217;-Zwischenst\u00fcck<\/p>\n","protected":false},"featured_media":18060,"comment_status":"open","ping_status":"open","template":"","meta":{"_acf_changed":false},"product_cat":[2514,2545,2459,2737,2506,2463,2817],"product_tag":[2547],"acf":[],"_links":{"self":[{"href":"https:\/\/donaulife-new.ogrisdigital.at\/fi\/wp-json\/wp\/v2\/product\/50875"}],"collection":[{"href":"https:\/\/donaulife-new.ogrisdigital.at\/fi\/wp-json\/wp\/v2\/product"}],"about":[{"href":"https:\/\/donaulife-new.ogrisdigital.at\/fi\/wp-json\/wp\/v2\/types\/product"}],"replies":[{"embeddable":true,"href":"https:\/\/donaulife-new.ogrisdigital.at\/fi\/wp-json\/wp\/v2\/comments?post=50875"}],"wp:featuredmedia":[{"embeddable":true,"href":"https:\/\/donaulife-new.ogrisdigital.at\/fi\/wp-json\/wp\/v2\/media\/18060"}],"wp:attachment":[{"href":"https:\/\/donaulife-new.ogrisdigital.at\/fi\/wp-json\/wp\/v2\/media?parent=50875"}],"wp:term":[{"taxonomy":"product_cat","embeddable":true,"href":"https:\/\/donaulife-new.ogrisdigital.at\/fi\/wp-json\/wp\/v2\/product_cat?post=50875"},{"taxonomy":"product_tag","embeddable":true,"href":"https:\/\/donaulife-new.ogrisdigital.at\/fi\/wp-json\/wp\/v2\/product_tag?post=50875"}],"curies":[{"name":"wp","href":"https:\/\/api.w.org\/{rel}","templated":true}]}}