{"id":50825,"date":"2018-02-23T11:43:53","date_gmt":"2018-02-23T11:43:53","guid":{"rendered":"https:\/\/donaulife-new.ogrisdigital.at\/produkt\/black-leaf-nautilus-mit-inline-diffusor-32-cm\/"},"modified":"2025-01-15T07:15:14","modified_gmt":"2025-01-15T07:15:14","slug":"black-leaf-nautilus-mit-inline-diffusor-32-cm","status":"publish","type":"product","link":"https:\/\/donaulife-new.ogrisdigital.at\/fi\/black-leaf-nautilus-mit-inline-diffusor-32-cm\/","title":{"rendered":"BLACK LEAF Eisbong &#8216;Nautilus&#8217; mit Inline-Diffusor | 32 cm"},"content":{"rendered":"<h2>Black Leaf Nautilus Bong mit Inline Diffusor<\/h2>\n<p>Die &#8216;Nautilus&#8217; von Black Leaf ist dank ihrem Inlinediffusor \u00e4u\u00dferst beliebt in der Smoker-Community. Durch diesen wird der Rauch optimal verwirbelt und f\u00e4ngt au\u00dferdem einen gro\u00dfen Teil der gr\u00f6beren Schadstoffe ab. Eine weitere Besonderheit der &#8216;Nautilus&#8217; ist, dass diese keine Chillum ben\u00f6tigt. Das K\u00f6pfchen wird direkt in die Bong gesteckt. Der Bongkopf \u00fcberzeugt durch simples Design und verf\u00fcgt \u00fcber einen integrierten Roll-Stop. Direkt \u00fcber dem Inline-Diffusor befinden sich die Eiszapfen, die das gro\u00dfe Eisfach dieser au\u00dfergew\u00f6hnlichen Glasbong abgrenzen.<\/p>\n<p>Der Schliffeinsatz der &#8216;Nautilus&#8217; ist dreifach verst\u00e4rkt, was besonderen Schutz gegen Ersch\u00fctterungen bietet. Der Standfu\u00df besteht aus einem simplen Rundfu\u00df der dieser Bong einen stabilen Stand verleiht. Das Mundst\u00fcck ist ringf\u00f6rmig und passt sich optimal deinem Mund an.<\/p>\n","protected":false},"excerpt":{"rendered":"<p>Black Leaf Nautilus Bong mit Inline Diffusor Die &#8216;Nautilus&#8217; von Black Leaf ist dank ihrem Inlinediffusor \u00e4u\u00dferst beliebt in der<\/p>\n","protected":false},"featured_media":17605,"comment_status":"open","ping_status":"open","template":"","meta":{"_acf_changed":false},"product_cat":[2514,2548,2459,2566,2507,2523,2577,2506,2463],"product_tag":[2521],"acf":[],"_links":{"self":[{"href":"https:\/\/donaulife-new.ogrisdigital.at\/fi\/wp-json\/wp\/v2\/product\/50825"}],"collection":[{"href":"https:\/\/donaulife-new.ogrisdigital.at\/fi\/wp-json\/wp\/v2\/product"}],"about":[{"href":"https:\/\/donaulife-new.ogrisdigital.at\/fi\/wp-json\/wp\/v2\/types\/product"}],"replies":[{"embeddable":true,"href":"https:\/\/donaulife-new.ogrisdigital.at\/fi\/wp-json\/wp\/v2\/comments?post=50825"}],"wp:featuredmedia":[{"embeddable":true,"href":"https:\/\/donaulife-new.ogrisdigital.at\/fi\/wp-json\/wp\/v2\/media\/17605"}],"wp:attachment":[{"href":"https:\/\/donaulife-new.ogrisdigital.at\/fi\/wp-json\/wp\/v2\/media?parent=50825"}],"wp:term":[{"taxonomy":"product_cat","embeddable":true,"href":"https:\/\/donaulife-new.ogrisdigital.at\/fi\/wp-json\/wp\/v2\/product_cat?post=50825"},{"taxonomy":"product_tag","embeddable":true,"href":"https:\/\/donaulife-new.ogrisdigital.at\/fi\/wp-json\/wp\/v2\/product_tag?post=50825"}],"curies":[{"name":"wp","href":"https:\/\/api.w.org\/{rel}","templated":true}]}}