{"id":50790,"date":"2018-02-17T11:32:08","date_gmt":"2018-02-17T11:32:08","guid":{"rendered":"https:\/\/donaulife-new.ogrisdigital.at\/produkt\/oil-black-leaf-dose-mit-silikoneinsatz-versch-farben\/"},"modified":"2024-07-01T00:25:26","modified_gmt":"2024-07-01T00:25:26","slug":"oil-black-leaf-dose-mit-silikoneinsatz-versch-farben","status":"publish","type":"product","link":"https:\/\/donaulife-new.ogrisdigital.at\/fi\/oil-black-leaf-dose-mit-silikoneinsatz-versch-farben\/","title":{"rendered":"OIL Black Leaf Dose mit Silikoneinsatz versch. Farben"},"content":{"rendered":"<p>Die &#8216;OIL Black Leaf&#8217; Kunststoffdose mit separierbaren Einsatz bestehend aus zwei Kammern aus lebensmittelechtem Silikon sind perfekt geeignet um deine wertvollen Extrakte oder \u00d6le aufzubewahren. Silikon bietet dem Extrakt keinen Halt, somit lassen sich diese leicht mit einem Dabber entnehmen. Erh\u00e4ltlich in den Farben Blau, Grau, Gr\u00fcn, Pink und T\u00fcrkis.<\/p>\n","protected":false},"excerpt":{"rendered":"<p>Die &#8216;OIL Black Leaf&#8217; Kunststoffdose mit separierbaren Einsatz bestehend aus zwei Kammern aus lebensmittelechtem Silikon sind perfekt geeignet um deine<\/p>\n","protected":false},"featured_media":17293,"comment_status":"open","ping_status":"open","template":"","meta":{"_acf_changed":false},"product_cat":[2607,2549,2451,2608],"product_tag":[2521],"acf":[],"_links":{"self":[{"href":"https:\/\/donaulife-new.ogrisdigital.at\/fi\/wp-json\/wp\/v2\/product\/50790"}],"collection":[{"href":"https:\/\/donaulife-new.ogrisdigital.at\/fi\/wp-json\/wp\/v2\/product"}],"about":[{"href":"https:\/\/donaulife-new.ogrisdigital.at\/fi\/wp-json\/wp\/v2\/types\/product"}],"replies":[{"embeddable":true,"href":"https:\/\/donaulife-new.ogrisdigital.at\/fi\/wp-json\/wp\/v2\/comments?post=50790"}],"wp:featuredmedia":[{"embeddable":true,"href":"https:\/\/donaulife-new.ogrisdigital.at\/fi\/wp-json\/wp\/v2\/media\/17293"}],"wp:attachment":[{"href":"https:\/\/donaulife-new.ogrisdigital.at\/fi\/wp-json\/wp\/v2\/media?parent=50790"}],"wp:term":[{"taxonomy":"product_cat","embeddable":true,"href":"https:\/\/donaulife-new.ogrisdigital.at\/fi\/wp-json\/wp\/v2\/product_cat?post=50790"},{"taxonomy":"product_tag","embeddable":true,"href":"https:\/\/donaulife-new.ogrisdigital.at\/fi\/wp-json\/wp\/v2\/product_tag?post=50790"}],"curies":[{"name":"wp","href":"https:\/\/api.w.org\/{rel}","templated":true}]}}