{"id":50786,"date":"2018-02-17T09:55:51","date_gmt":"2018-02-17T09:55:51","guid":{"rendered":"https:\/\/donaulife-new.ogrisdigital.at\/produkt\/black-leaf-oel-kopf-shatterking-gruen-145-mm\/"},"modified":"2025-01-15T07:15:21","modified_gmt":"2025-01-15T07:15:21","slug":"black-leaf-oel-kopf-shatterking-gruen-145-mm","status":"publish","type":"product","link":"https:\/\/donaulife-new.ogrisdigital.at\/fi\/black-leaf-oel-kopf-shatterking-gruen-145-mm\/","title":{"rendered":"BLACK LEAF \u00d6l-Kopf &#8216;Shatterking&#8217; gr\u00fcn | 14,5 mm"},"content":{"rendered":"<h2>Black Leaf \u00d6l Nagel aus Quartz Glas<\/h2>\n<p>Dieser &#8216;Shatterking&#8217; Dab Nagel eignet sich bestens um deine Extrakte oder \u00d6le zu verdampfen. Der Dampfeinsatz ist in einem giftigen gr\u00fcn gehalten und dient mit seinen L\u00f6chern als Durchlass f\u00fcr die Verdampfen Substanzen. Dieser Nagel wird in einer eigenen Verpackung geliefert wodurch sich dieses sch\u00f6ne Teil perfekt als Geschenk eignet. Der Schliff dieses Dab-Nails betr\u00e4gt 14,5 mm und kann je nach Bedarf mit zus\u00e4tzlichem Adapter in einen 18,8 mm Schliff befestigt werden.<\/p>\n<p><em>Vorsicht: Der Nagel darf nur oben an der Pfanne erhitzt werden, da sonst die Gefahr besteht, dass der Schliff sich ausdehnt und bricht.<\/em><\/p>\n<h3><span style=\"font-size: 20.16px;\">\u00dcber Black Leaf:<\/span><\/h3>\n<div>\n<p>In Weed We Trust ? Smoking\u00a0<em>Paraphernalia<\/em> seit 1988: Bongs, Pfeifen, Vaporizer, Grinder, Dabbing Zubeh\u00f6r, Paper &amp; Filter, Lifestyle Produkte. Es gibt viele Innovative Produkte der Marke die auch die ein oder andere Weltneuheit erschaffen haben. Im Shop bieten wir von allen Produkten die beste Auswahl.<\/p>\n<\/div>\n","protected":false},"excerpt":{"rendered":"<p>Black Leaf \u00d6l Nagel aus Quartz Glas Dieser &#8216;Shatterking&#8217; Dab Nagel eignet sich bestens um deine Extrakte oder \u00d6le zu<\/p>\n","protected":false},"featured_media":17257,"comment_status":"open","ping_status":"closed","template":"","meta":{"_acf_changed":false},"product_cat":[2459,2552,2549,2578,2460],"product_tag":[2521],"acf":[],"_links":{"self":[{"href":"https:\/\/donaulife-new.ogrisdigital.at\/fi\/wp-json\/wp\/v2\/product\/50786"}],"collection":[{"href":"https:\/\/donaulife-new.ogrisdigital.at\/fi\/wp-json\/wp\/v2\/product"}],"about":[{"href":"https:\/\/donaulife-new.ogrisdigital.at\/fi\/wp-json\/wp\/v2\/types\/product"}],"replies":[{"embeddable":true,"href":"https:\/\/donaulife-new.ogrisdigital.at\/fi\/wp-json\/wp\/v2\/comments?post=50786"}],"wp:featuredmedia":[{"embeddable":true,"href":"https:\/\/donaulife-new.ogrisdigital.at\/fi\/wp-json\/wp\/v2\/media\/17257"}],"wp:attachment":[{"href":"https:\/\/donaulife-new.ogrisdigital.at\/fi\/wp-json\/wp\/v2\/media?parent=50786"}],"wp:term":[{"taxonomy":"product_cat","embeddable":true,"href":"https:\/\/donaulife-new.ogrisdigital.at\/fi\/wp-json\/wp\/v2\/product_cat?post=50786"},{"taxonomy":"product_tag","embeddable":true,"href":"https:\/\/donaulife-new.ogrisdigital.at\/fi\/wp-json\/wp\/v2\/product_tag?post=50786"}],"curies":[{"name":"wp","href":"https:\/\/api.w.org\/{rel}","templated":true}]}}