{"id":50771,"date":"2018-02-16T17:10:13","date_gmt":"2018-02-16T17:10:13","guid":{"rendered":"https:\/\/donaulife-new.ogrisdigital.at\/produkt\/greengo-papers-the-natural-ungebleicht\/"},"modified":"2024-02-04T18:12:28","modified_gmt":"2024-02-04T18:12:28","slug":"greengo-papers-the-natural-ungebleicht","status":"publish","type":"product","link":"https:\/\/donaulife-new.ogrisdigital.at\/fi\/greengo-papers-the-natural-ungebleicht\/","title":{"rendered":"GREENGO Kingsize Papers &#8216;The Natural&#8217; ungebleicht | 33 Blatt"},"content":{"rendered":"<h2>Greengo Kingsize Papers 33 Blatt<\/h2>\n<p>Die Tabakpapiere von &#8216;Greengo&#8217; stammen von Holz aus nachhaltigem Fortwirtschaftlichen Anbau. Durch das weglassen von Bleichmitteln usw., k\u00f6nnen sich die Aromen voll entfalten und werden nicht verf\u00e4lscht. Die Verpackungen von &#8216;Greengo&#8217; Papers sind aus recyceltem Karton hergestellt.<\/p>\n<h3>\u00dcber Greengo:<\/h3>\n<p>Als wir Greengo gr\u00fcndeten, wollten wir eine reine, nat\u00fcrliche und nachhaltige Alternative zu gebleichten Bl\u00e4ttchen. Greengo entspringt der Vision von echten Idealisten. Liebhaber des Gr\u00fcns, die gerne einen aufrollen und anz\u00fcnden, aber keine Lust auf die unn\u00f6tigen Zusatzstoffe haben sind bei uns richtig. Seit der Markteinf\u00fchrung von Greengo im Jahr 2010 erfreuen sich unsere Produkte einer gro\u00dfen Nachfrage und darauf sind wir nat\u00fcrlich sehr stolz.<\/p>\n","protected":false},"excerpt":{"rendered":"<p>Greengo Kingsize Papers 33 Blatt Die Tabakpapiere von &#8216;Greengo&#8217; stammen von Holz aus nachhaltigem Fortwirtschaftlichen Anbau. Durch das weglassen von<\/p>\n","protected":false},"featured_media":17154,"comment_status":"open","ping_status":"open","template":"","meta":{"_acf_changed":false},"product_cat":[2451,2453,2452,2492],"product_tag":[2760],"acf":[],"_links":{"self":[{"href":"https:\/\/donaulife-new.ogrisdigital.at\/fi\/wp-json\/wp\/v2\/product\/50771"}],"collection":[{"href":"https:\/\/donaulife-new.ogrisdigital.at\/fi\/wp-json\/wp\/v2\/product"}],"about":[{"href":"https:\/\/donaulife-new.ogrisdigital.at\/fi\/wp-json\/wp\/v2\/types\/product"}],"replies":[{"embeddable":true,"href":"https:\/\/donaulife-new.ogrisdigital.at\/fi\/wp-json\/wp\/v2\/comments?post=50771"}],"wp:featuredmedia":[{"embeddable":true,"href":"https:\/\/donaulife-new.ogrisdigital.at\/fi\/wp-json\/wp\/v2\/media\/17154"}],"wp:attachment":[{"href":"https:\/\/donaulife-new.ogrisdigital.at\/fi\/wp-json\/wp\/v2\/media?parent=50771"}],"wp:term":[{"taxonomy":"product_cat","embeddable":true,"href":"https:\/\/donaulife-new.ogrisdigital.at\/fi\/wp-json\/wp\/v2\/product_cat?post=50771"},{"taxonomy":"product_tag","embeddable":true,"href":"https:\/\/donaulife-new.ogrisdigital.at\/fi\/wp-json\/wp\/v2\/product_tag?post=50771"}],"curies":[{"name":"wp","href":"https:\/\/api.w.org\/{rel}","templated":true}]}}