{"id":50743,"date":"2018-02-04T08:56:41","date_gmt":"2018-02-04T08:56:41","guid":{"rendered":"https:\/\/donaulife-new.ogrisdigital.at\/produkt\/black-leaf-dome-dabber-12-cm\/"},"modified":"2024-07-01T00:24:39","modified_gmt":"2024-07-01T00:24:39","slug":"black-leaf-dome-dabber-12-cm","status":"publish","type":"product","link":"https:\/\/donaulife-new.ogrisdigital.at\/fi\/black-leaf-dome-dabber-12-cm\/","title":{"rendered":"BLACK LEAF &#8216;Dome Dabber&#8217; 12 cm"},"content":{"rendered":"<h2>Black Leaf Glasdabber mit Carb Cap<\/h2>\n<p>Der Dome Dabber von Black Leaf besteht aus hitzebest\u00e4ndigen Borosilikatglas und besitzt eine besondere Kombination. Die spitze Seite eignet sich perfekt zum Auftragen des Extraktes auf die hei\u00dfe Verdampfungstelle. Die andere Seite besitzt einen Rachf\u00e4nger und Spritzschutz und verhindert dass der entstehende Rauch sich verfl\u00fcchtigt.<\/p>\n<h3><span style=\"font-size: 20.16px;\">\u00dcber Black Leaf:<\/span><\/h3>\n<div>\n<p>In Weed We Trust ? Smoking\u00a0<em>Paraphernalia<\/em> seit 1988: Bongs, Pfeifen, Vaporizer, Grinder, Dabbing Zubeh\u00f6r, Paper &amp; Filter, Lifestyle Produkte. Es gibt viele Innovative Produkte der Marke die auch die ein oder andere Weltneuheit erschaffen haben. Im Shop bieten wir von allen Produkten die beste Auswahl.<\/p>\n<\/div>\n","protected":false},"excerpt":{"rendered":"<p>Black Leaf Glasdabber mit Carb Cap Der Dome Dabber von Black Leaf besteht aus hitzebest\u00e4ndigen Borosilikatglas und besitzt eine besondere<\/p>\n","protected":false},"featured_media":16958,"comment_status":"open","ping_status":"open","template":"","meta":{"_acf_changed":false},"product_cat":[2579,2549],"product_tag":[2521],"acf":[],"_links":{"self":[{"href":"https:\/\/donaulife-new.ogrisdigital.at\/fi\/wp-json\/wp\/v2\/product\/50743"}],"collection":[{"href":"https:\/\/donaulife-new.ogrisdigital.at\/fi\/wp-json\/wp\/v2\/product"}],"about":[{"href":"https:\/\/donaulife-new.ogrisdigital.at\/fi\/wp-json\/wp\/v2\/types\/product"}],"replies":[{"embeddable":true,"href":"https:\/\/donaulife-new.ogrisdigital.at\/fi\/wp-json\/wp\/v2\/comments?post=50743"}],"wp:featuredmedia":[{"embeddable":true,"href":"https:\/\/donaulife-new.ogrisdigital.at\/fi\/wp-json\/wp\/v2\/media\/16958"}],"wp:attachment":[{"href":"https:\/\/donaulife-new.ogrisdigital.at\/fi\/wp-json\/wp\/v2\/media?parent=50743"}],"wp:term":[{"taxonomy":"product_cat","embeddable":true,"href":"https:\/\/donaulife-new.ogrisdigital.at\/fi\/wp-json\/wp\/v2\/product_cat?post=50743"},{"taxonomy":"product_tag","embeddable":true,"href":"https:\/\/donaulife-new.ogrisdigital.at\/fi\/wp-json\/wp\/v2\/product_tag?post=50743"}],"curies":[{"name":"wp","href":"https:\/\/api.w.org\/{rel}","templated":true}]}}