{"id":50680,"date":"2017-11-08T00:29:35","date_gmt":"2017-11-08T00:29:35","guid":{"rendered":"https:\/\/donaulife-new.ogrisdigital.at\/produkt\/gleichdick-grinder-4-teilig-aluminium\/"},"modified":"2024-07-01T00:23:41","modified_gmt":"2024-07-01T00:23:41","slug":"gleichdick-grinder-4-teilig-aluminium","status":"publish","type":"product","link":"https:\/\/donaulife-new.ogrisdigital.at\/fi\/gleichdick-grinder-4-teilig-aluminium\/","title":{"rendered":"GLEICHDICK Premium Grinder 4-teilig Aluminium | \u00d8 42 mm"},"content":{"rendered":"<h1>Der Gleichdickgrinder<\/h1>\n<h3>ein in \u00d6sterreich hergestellter und bis ins Detail durchdachter Grinder, der sich durch seine au\u00dfergew\u00f6hnliche Form und sein \u00fcberzeugendes Schnittergebnis auszeichnet.<\/h3>\n<ul>\n<li>Die Gleichdick-Form bietet neben der \u00e4sthetischen Komponente auch den gro\u00dfen Vorteil der besseren Kraft\u00fcbertragung.<\/li>\n<li>Dank der hohen Pr\u00e4zision des Grinders und der hochentwickelten Form der Klingen ist es m\u00f6glich, auch feuchteste Kr\u00e4uter, welche in konventionellen Grindern nur mehr verschmiert werden, fachgerecht zu zerkleinern.<\/li>\n<li>Bei den mehrteiligen Gleichdickgrindern fallen die zerschnittenen Kr\u00e4uter, sobald sie klein genug sind, durch \u00d6ffnungen im Schneidwerk in einen Auffangbeh\u00e4lter, aus dem die Kr\u00e4uter bequem entnommen werden k\u00f6nnen.<\/li>\n<li>Bei den 4-teiligen Gleichdickgrindern ist im Auffangbeh\u00e4lter noch ein zus\u00e4tzliches Pollensieb integriert, durch welches die feinsten Partikel der Kr\u00e4uter in einem gesonderten Staubfach gesammelt werden.<\/li>\n<li>Das Schneidwerk und die Auffangbeh\u00e4lter werden durch ein Stecksystem mit drei kleinen Magneten an den Ecken fest zusammengehalten. Dadurch haben wir keine Probleme mit Gewinden die verschmutzen k\u00f6nnten.<\/li>\n<li>Alle Gleichdickgrinder werden farbig eloxiert. Durch das Eloxieren erhalten alle Fl\u00e4chen eine Oberfl\u00e4chenh\u00e4rte von ca. 300HV, dies sorgt f\u00fcr eine langanhaltende Sch\u00e4rfe der Klingen.<\/li>\n<li>Verpackt werden die Gleichdickgrinder in einer umweltfreundlichen und regional produzierten Kartonschachtel.<\/li>\n<li>Alle Grinder werden per Lasergravur mit unserem Gleichdick-Logo versehen.<\/li>\n<\/ul>\n<p>Gr\u00f6\u00dfe:<br \/>\n\u2013 Gleichdick: \u00d875mm<br \/>\n\u2013 Schneidwerk: \u00d850mm<br \/>\n\u2013 Maschenweite Pollensieb: 200\u00b5m<\/p>\n","protected":false},"excerpt":{"rendered":"<p>Der Gleichdickgrinder ein in \u00d6sterreich hergestellter und bis ins Detail durchdachter Grinder, der sich durch seine au\u00dfergew\u00f6hnliche Form und sein<\/p>\n","protected":false},"featured_media":16339,"comment_status":"open","ping_status":"open","template":"","meta":{"_acf_changed":false},"product_cat":[2481,2482,2489,2700,2480,2451,2483],"product_tag":[2701],"acf":[],"_links":{"self":[{"href":"https:\/\/donaulife-new.ogrisdigital.at\/fi\/wp-json\/wp\/v2\/product\/50680"}],"collection":[{"href":"https:\/\/donaulife-new.ogrisdigital.at\/fi\/wp-json\/wp\/v2\/product"}],"about":[{"href":"https:\/\/donaulife-new.ogrisdigital.at\/fi\/wp-json\/wp\/v2\/types\/product"}],"replies":[{"embeddable":true,"href":"https:\/\/donaulife-new.ogrisdigital.at\/fi\/wp-json\/wp\/v2\/comments?post=50680"}],"wp:featuredmedia":[{"embeddable":true,"href":"https:\/\/donaulife-new.ogrisdigital.at\/fi\/wp-json\/wp\/v2\/media\/16339"}],"wp:attachment":[{"href":"https:\/\/donaulife-new.ogrisdigital.at\/fi\/wp-json\/wp\/v2\/media?parent=50680"}],"wp:term":[{"taxonomy":"product_cat","embeddable":true,"href":"https:\/\/donaulife-new.ogrisdigital.at\/fi\/wp-json\/wp\/v2\/product_cat?post=50680"},{"taxonomy":"product_tag","embeddable":true,"href":"https:\/\/donaulife-new.ogrisdigital.at\/fi\/wp-json\/wp\/v2\/product_tag?post=50680"}],"curies":[{"name":"wp","href":"https:\/\/api.w.org\/{rel}","templated":true}]}}