{"id":50651,"date":"2017-10-08T10:42:39","date_gmt":"2017-10-08T10:42:39","guid":{"rendered":"https:\/\/donaulife-new.ogrisdigital.at\/produkt\/grace-glass-bong-spiralpercolator-gruen\/"},"modified":"2025-01-15T07:15:45","modified_gmt":"2025-01-15T07:15:45","slug":"grace-glass-bong-spiralpercolator-gruen","status":"publish","type":"product","link":"https:\/\/donaulife-new.ogrisdigital.at\/fi\/grace-glass-bong-spiralpercolator-gruen\/","title":{"rendered":"GRACE GLASS OG Series &#8216;Green Wonder&#8217; | 35 cm"},"content":{"rendered":"<p>Diese Beaker Bong von Grace Glass ist nicht nur was f\u00fcrs Auge. Sie kommt mit gr\u00fcnen Akzenten auf dem hitzebest\u00e4ndigen Borosilikatglas. Die Bong besitzt einen gr\u00fcnen Spiralpercolator und einen Kolbenpercolator der ihren Rauch zus\u00e4tzlich k\u00fchlt. Dar\u00fcber hinaus verf\u00fcgt sie \u00fcber ein Eisfach und einen Schliff von 18,8 mm.<\/p>\n","protected":false},"excerpt":{"rendered":"<p>Diese Beaker Bong von Grace Glass ist nicht nur was f\u00fcrs Auge. Sie kommt mit gr\u00fcnen Akzenten auf dem hitzebest\u00e4ndigen<\/p>\n","protected":false},"featured_media":16062,"comment_status":"open","ping_status":"open","template":"","meta":{"_acf_changed":false},"product_cat":[2514,2459,2613,2523,2635,2577,2506,2463],"product_tag":[],"acf":[],"_links":{"self":[{"href":"https:\/\/donaulife-new.ogrisdigital.at\/fi\/wp-json\/wp\/v2\/product\/50651"}],"collection":[{"href":"https:\/\/donaulife-new.ogrisdigital.at\/fi\/wp-json\/wp\/v2\/product"}],"about":[{"href":"https:\/\/donaulife-new.ogrisdigital.at\/fi\/wp-json\/wp\/v2\/types\/product"}],"replies":[{"embeddable":true,"href":"https:\/\/donaulife-new.ogrisdigital.at\/fi\/wp-json\/wp\/v2\/comments?post=50651"}],"wp:featuredmedia":[{"embeddable":true,"href":"https:\/\/donaulife-new.ogrisdigital.at\/fi\/wp-json\/wp\/v2\/media\/16062"}],"wp:attachment":[{"href":"https:\/\/donaulife-new.ogrisdigital.at\/fi\/wp-json\/wp\/v2\/media?parent=50651"}],"wp:term":[{"taxonomy":"product_cat","embeddable":true,"href":"https:\/\/donaulife-new.ogrisdigital.at\/fi\/wp-json\/wp\/v2\/product_cat?post=50651"},{"taxonomy":"product_tag","embeddable":true,"href":"https:\/\/donaulife-new.ogrisdigital.at\/fi\/wp-json\/wp\/v2\/product_tag?post=50651"}],"curies":[{"name":"wp","href":"https:\/\/api.w.org\/{rel}","templated":true}]}}