{"id":50632,"date":"2017-09-09T16:37:31","date_gmt":"2017-09-09T16:37:31","guid":{"rendered":"https:\/\/donaulife-new.ogrisdigital.at\/produkt\/blaze-glass-bong-spiral-percolator-clipper-halter\/"},"modified":"2025-01-15T07:15:45","modified_gmt":"2025-01-15T07:15:45","slug":"blaze-glass-bong-spiral-percolator-clipper-halter","status":"publish","type":"product","link":"https:\/\/donaulife-new.ogrisdigital.at\/fi\/blaze-glass-bong-spiral-percolator-clipper-halter\/","title":{"rendered":"BLAZE GLASS Beakerbong &#8216;blue cheese&#8217;  6-Arm Percolator + Clipper Halterung | 45 cm"},"content":{"rendered":"<h2>Blaze Glass Kolbenbong mit 6-Arm Perc<\/h2>\n<div>Formstarke, hochwertige Glasbong von &#8216;Blaze Glass&#8217; mit stabilem Standfu\u00df, 6-Arm Perkolator und dar\u00fcber einer Ablagefl\u00e4che f\u00fcr Ice zur optimalen Abk\u00fchlung des Rauchs.<\/div>\n<div><\/div>\n<div>Am Rauchrohr ist au\u00dfen ein Magnet, um ein Feuerzeug oder Rauchzubeh\u00f6r griffbereit anbringen zu k\u00f6nnen. Das Aschef\u00e4ngerk\u00f6pfchen mit Rollstopp sitzt in einem Diffusorschlitzadapter, der mithilfe einer Kunststoffschliffklemme an die Bong fixiert werden kann.<\/div>\n<div><\/div>\n<div>\n<div><span style=\"font-size: 20.16px;\">\u00dcber Blaze Glass:<\/span><\/div>\n<div>\n<div>\n<p>Blaze-Glass-Bongs sind aus spannungsfreiem 3.1-Borosilikatglas (vergleichbar mit Duranglas) h\u00f6chster G\u00fcteklasse gefertigt. Mindestens 5 mm Wandst\u00e4rke machen eine Wasserpfeife robust.<br \/>\nWir verwenden extrem passgenaue Normschliffe in 14,5 bzw. 18,8 mm. Je nach Bong-Geometrie kommen normale Schliffe, verst\u00e4rkte Schliffe und bi-stabile Schliffe (doppelte Wand) in unseren Produkten zum Einsatz.<\/p>\n<\/div>\n<\/div>\n<\/div>\n","protected":false},"excerpt":{"rendered":"<p>Blaze Glass Kolbenbong mit 6-Arm Perc Formstarke, hochwertige Glasbong von &#8216;Blaze Glass&#8217; mit stabilem Standfu\u00df, 6-Arm Perkolator und dar\u00fcber einer<\/p>\n","protected":false},"featured_media":15900,"comment_status":"open","ping_status":"closed","template":"","meta":{"_acf_changed":false},"product_cat":[2514,2545,2459,2523,2515,2635,2577,2506,2463],"product_tag":[2547],"acf":[],"_links":{"self":[{"href":"https:\/\/donaulife-new.ogrisdigital.at\/fi\/wp-json\/wp\/v2\/product\/50632"}],"collection":[{"href":"https:\/\/donaulife-new.ogrisdigital.at\/fi\/wp-json\/wp\/v2\/product"}],"about":[{"href":"https:\/\/donaulife-new.ogrisdigital.at\/fi\/wp-json\/wp\/v2\/types\/product"}],"replies":[{"embeddable":true,"href":"https:\/\/donaulife-new.ogrisdigital.at\/fi\/wp-json\/wp\/v2\/comments?post=50632"}],"wp:featuredmedia":[{"embeddable":true,"href":"https:\/\/donaulife-new.ogrisdigital.at\/fi\/wp-json\/wp\/v2\/media\/15900"}],"wp:attachment":[{"href":"https:\/\/donaulife-new.ogrisdigital.at\/fi\/wp-json\/wp\/v2\/media?parent=50632"}],"wp:term":[{"taxonomy":"product_cat","embeddable":true,"href":"https:\/\/donaulife-new.ogrisdigital.at\/fi\/wp-json\/wp\/v2\/product_cat?post=50632"},{"taxonomy":"product_tag","embeddable":true,"href":"https:\/\/donaulife-new.ogrisdigital.at\/fi\/wp-json\/wp\/v2\/product_tag?post=50632"}],"curies":[{"name":"wp","href":"https:\/\/api.w.org\/{rel}","templated":true}]}}