{"id":50618,"date":"2017-07-26T07:58:07","date_gmt":"2017-07-26T07:58:07","guid":{"rendered":"https:\/\/donaulife-new.ogrisdigital.at\/produkt\/donaulife-bong-adapter-18mm-maennlich-14mm-weiblich-kurz\/"},"modified":"2025-01-15T07:15:47","modified_gmt":"2025-01-15T07:15:47","slug":"donaulife-bong-adapter-18mm-maennlich-14mm-weiblich-kurz","status":"publish","type":"product","link":"https:\/\/donaulife-new.ogrisdigital.at\/fi\/donaulife-bong-adapter-18mm-maennlich-14mm-weiblich-kurz\/","title":{"rendered":"Bong Adapter 18,8 > 14,5 mm"},"content":{"rendered":"<h2>Black Leaf Adapter<\/h2>\n<p>Ein kurzer Bong Adapter um euren Vork\u00fchler oder euren Lieblingshut kompatibel mit einem 18 mm Schliff zu machen! Einfach drauf stecken und los gehts.<br \/>\nInsider f\u00fcr \u00d6l Raucher: Reinigt den Adapter am besten mit, R\u00fcckst\u00e4nde k\u00f6nnen den Adapter mit deiner Bong &#8216;verschmelzen&#8217; lassen \ud83d\ude09<\/p>\n","protected":false},"excerpt":{"rendered":"<p>Black Leaf Adapter Ein kurzer Bong Adapter um euren Vork\u00fchler oder euren Lieblingshut kompatibel mit einem 18 mm Schliff zu<\/p>\n","protected":false},"featured_media":15819,"comment_status":"open","ping_status":"open","template":"","meta":{"_acf_changed":false},"product_cat":[2565,2459,2460],"product_tag":[2521],"acf":[],"_links":{"self":[{"href":"https:\/\/donaulife-new.ogrisdigital.at\/fi\/wp-json\/wp\/v2\/product\/50618"}],"collection":[{"href":"https:\/\/donaulife-new.ogrisdigital.at\/fi\/wp-json\/wp\/v2\/product"}],"about":[{"href":"https:\/\/donaulife-new.ogrisdigital.at\/fi\/wp-json\/wp\/v2\/types\/product"}],"replies":[{"embeddable":true,"href":"https:\/\/donaulife-new.ogrisdigital.at\/fi\/wp-json\/wp\/v2\/comments?post=50618"}],"wp:featuredmedia":[{"embeddable":true,"href":"https:\/\/donaulife-new.ogrisdigital.at\/fi\/wp-json\/wp\/v2\/media\/15819"}],"wp:attachment":[{"href":"https:\/\/donaulife-new.ogrisdigital.at\/fi\/wp-json\/wp\/v2\/media?parent=50618"}],"wp:term":[{"taxonomy":"product_cat","embeddable":true,"href":"https:\/\/donaulife-new.ogrisdigital.at\/fi\/wp-json\/wp\/v2\/product_cat?post=50618"},{"taxonomy":"product_tag","embeddable":true,"href":"https:\/\/donaulife-new.ogrisdigital.at\/fi\/wp-json\/wp\/v2\/product_tag?post=50618"}],"curies":[{"name":"wp","href":"https:\/\/api.w.org\/{rel}","templated":true}]}}