{"id":50581,"date":"2016-10-26T16:11:57","date_gmt":"2016-10-26T16:11:57","guid":{"rendered":"https:\/\/donaulife-new.ogrisdigital.at\/produkt\/poke-ball-grinder\/"},"modified":"2024-07-01T00:22:32","modified_gmt":"2024-07-01T00:22:32","slug":"poke-ball-grinder","status":"publish","type":"product","link":"https:\/\/donaulife-new.ogrisdigital.at\/fi\/poke-ball-grinder\/","title":{"rendered":"Poke Ball &#8211; Poke(t) Grinder 3-teilig | \u00d8 52 mm"},"content":{"rendered":"<h2>Poke Ball Grinder<\/h2>\n<p>Catch all the Strains mit dem perfekt getarnten Pok\u00e9 Grinder. Er f\u00e4ngt nicht nur all deine Kr\u00e4uter ein und zerkleinert Sie bis zur Perfektion sondern bietet auch ein Top Versteck. Der Grinder ist mit einem magnetischen Verschluss ausgestattet und garantiert einige \u00fcberraschte Blicke.<\/p>\n","protected":false},"excerpt":{"rendered":"<p>Poke Ball Grinder Catch all the Strains mit dem perfekt getarnten Pok\u00e9 Grinder. Er f\u00e4ngt nicht nur all deine Kr\u00e4uter<\/p>\n","protected":false},"featured_media":15411,"comment_status":"open","ping_status":"open","template":"","meta":{"_acf_changed":false},"product_cat":[2619,2480,2451,2483],"product_tag":[],"acf":[],"_links":{"self":[{"href":"https:\/\/donaulife-new.ogrisdigital.at\/fi\/wp-json\/wp\/v2\/product\/50581"}],"collection":[{"href":"https:\/\/donaulife-new.ogrisdigital.at\/fi\/wp-json\/wp\/v2\/product"}],"about":[{"href":"https:\/\/donaulife-new.ogrisdigital.at\/fi\/wp-json\/wp\/v2\/types\/product"}],"replies":[{"embeddable":true,"href":"https:\/\/donaulife-new.ogrisdigital.at\/fi\/wp-json\/wp\/v2\/comments?post=50581"}],"wp:featuredmedia":[{"embeddable":true,"href":"https:\/\/donaulife-new.ogrisdigital.at\/fi\/wp-json\/wp\/v2\/media\/15411"}],"wp:attachment":[{"href":"https:\/\/donaulife-new.ogrisdigital.at\/fi\/wp-json\/wp\/v2\/media?parent=50581"}],"wp:term":[{"taxonomy":"product_cat","embeddable":true,"href":"https:\/\/donaulife-new.ogrisdigital.at\/fi\/wp-json\/wp\/v2\/product_cat?post=50581"},{"taxonomy":"product_tag","embeddable":true,"href":"https:\/\/donaulife-new.ogrisdigital.at\/fi\/wp-json\/wp\/v2\/product_tag?post=50581"}],"curies":[{"name":"wp","href":"https:\/\/api.w.org\/{rel}","templated":true}]}}