{"id":50461,"date":"2016-09-24T08:05:08","date_gmt":"2016-09-24T08:05:08","guid":{"rendered":"https:\/\/donaulife-new.ogrisdigital.at\/produkt\/black-leaf-handpfeife-alien\/"},"modified":"2025-01-15T07:15:47","modified_gmt":"2025-01-15T07:15:47","slug":"black-leaf-handpfeife-alien","status":"publish","type":"product","link":"https:\/\/donaulife-new.ogrisdigital.at\/fi\/black-leaf-handpfeife-alien\/","title":{"rendered":"Glaspfeife &#8216;Alien&#8217; | 15 cm"},"content":{"rendered":"<h2>Alien Glaspfeife<\/h2>\n<p>Die Handpfeife Alien ist f\u00fcr alle die an Au\u00dferirdische glauben oder einfach nur ET m\u00f6gen. Das 2-K\u00f6pfe System dieser Glaspfeife erm\u00f6glicht das Rauchen von besonderen Alienkr\u00e4utern und bietet garantiert ein Erlebnis der 3ten Art.<\/p>\n","protected":false},"excerpt":{"rendered":"<p>Alien Glaspfeife Die Handpfeife Alien ist f\u00fcr alle die an Au\u00dferirdische glauben oder einfach nur ET m\u00f6gen. Das 2-K\u00f6pfe System<\/p>\n","protected":false},"featured_media":44540,"comment_status":"open","ping_status":"open","template":"","meta":{"_acf_changed":false},"product_cat":[2502,2451,2501],"product_tag":[],"acf":[],"_links":{"self":[{"href":"https:\/\/donaulife-new.ogrisdigital.at\/fi\/wp-json\/wp\/v2\/product\/50461"}],"collection":[{"href":"https:\/\/donaulife-new.ogrisdigital.at\/fi\/wp-json\/wp\/v2\/product"}],"about":[{"href":"https:\/\/donaulife-new.ogrisdigital.at\/fi\/wp-json\/wp\/v2\/types\/product"}],"replies":[{"embeddable":true,"href":"https:\/\/donaulife-new.ogrisdigital.at\/fi\/wp-json\/wp\/v2\/comments?post=50461"}],"wp:featuredmedia":[{"embeddable":true,"href":"https:\/\/donaulife-new.ogrisdigital.at\/fi\/wp-json\/wp\/v2\/media\/44540"}],"wp:attachment":[{"href":"https:\/\/donaulife-new.ogrisdigital.at\/fi\/wp-json\/wp\/v2\/media?parent=50461"}],"wp:term":[{"taxonomy":"product_cat","embeddable":true,"href":"https:\/\/donaulife-new.ogrisdigital.at\/fi\/wp-json\/wp\/v2\/product_cat?post=50461"},{"taxonomy":"product_tag","embeddable":true,"href":"https:\/\/donaulife-new.ogrisdigital.at\/fi\/wp-json\/wp\/v2\/product_tag?post=50461"}],"curies":[{"name":"wp","href":"https:\/\/api.w.org\/{rel}","templated":true}]}}