{"id":50364,"date":"2016-09-12T20:01:37","date_gmt":"2016-09-12T20:01:37","guid":{"rendered":"https:\/\/donaulife-new.ogrisdigital.at\/produkt\/illex-glasbong-coil-sandgestrahlt\/"},"modified":"2024-07-01T00:20:15","modified_gmt":"2024-07-01T00:20:15","slug":"illex-glasbong-coil-sandgestrahlt","status":"publish","type":"product","link":"https:\/\/donaulife-new.ogrisdigital.at\/fi\/illex-glasbong-coil-sandgestrahlt\/","title":{"rendered":"ILLEX Glasbong &#8216;Coil\u2018 sandgestrahlt  | 46 cm"},"content":{"rendered":"<h2>Illex Glasbong mit 46 cm<\/h2>\n<p>Die Glasbong &#8216;Coil&#8217; von Illex hebt sich von herk\u00f6mmlichen Bongs durch seine sandgestrahlten Streifen ab. Der Fu\u00df und das H\u00fctchen mit Roll-Stop sind durchgehend sandgestrahlt und zus\u00e4tzlich bietet diese Bong einen 18,8 mm Schliff und ein Kickloch.<\/p>\n<h3>\u00dcber Illex:<\/h3>\n<p>Langweilig? Bestimmt nicht mit den Modellen von Illex. Die Glaswaren des Herstellers kommen mit coolen klaren Designs daher, mit oder ohne Eisfach oder in Farbe aber garantiert immer g\u00fcnstig und zuverl\u00e4ssig. Nat\u00fcrlich gibts auch geiles Zubeh\u00f6r zum Spitzenpreis.<\/p>\n","protected":false},"excerpt":{"rendered":"<p>Illex Glasbong mit 46 cm Die Glasbong &#8216;Coil&#8217; von Illex hebt sich von herk\u00f6mmlichen Bongs durch seine sandgestrahlten Streifen ab.<\/p>\n","protected":false},"featured_media":14114,"comment_status":"open","ping_status":"open","template":"","meta":{"_acf_changed":false},"product_cat":[2514,2459,2510,2507,2464,2515,2506,2463],"product_tag":[2466],"acf":[],"_links":{"self":[{"href":"https:\/\/donaulife-new.ogrisdigital.at\/fi\/wp-json\/wp\/v2\/product\/50364"}],"collection":[{"href":"https:\/\/donaulife-new.ogrisdigital.at\/fi\/wp-json\/wp\/v2\/product"}],"about":[{"href":"https:\/\/donaulife-new.ogrisdigital.at\/fi\/wp-json\/wp\/v2\/types\/product"}],"replies":[{"embeddable":true,"href":"https:\/\/donaulife-new.ogrisdigital.at\/fi\/wp-json\/wp\/v2\/comments?post=50364"}],"wp:featuredmedia":[{"embeddable":true,"href":"https:\/\/donaulife-new.ogrisdigital.at\/fi\/wp-json\/wp\/v2\/media\/14114"}],"wp:attachment":[{"href":"https:\/\/donaulife-new.ogrisdigital.at\/fi\/wp-json\/wp\/v2\/media?parent=50364"}],"wp:term":[{"taxonomy":"product_cat","embeddable":true,"href":"https:\/\/donaulife-new.ogrisdigital.at\/fi\/wp-json\/wp\/v2\/product_cat?post=50364"},{"taxonomy":"product_tag","embeddable":true,"href":"https:\/\/donaulife-new.ogrisdigital.at\/fi\/wp-json\/wp\/v2\/product_tag?post=50364"}],"curies":[{"name":"wp","href":"https:\/\/api.w.org\/{rel}","templated":true}]}}