{"id":50340,"date":"2016-09-12T19:41:49","date_gmt":"2016-09-12T19:41:49","guid":{"rendered":"https:\/\/donaulife-new.ogrisdigital.at\/produkt\/illex-bongkopf-konisch\/"},"modified":"2025-01-15T07:16:11","modified_gmt":"2025-01-15T07:16:11","slug":"illex-bongkopf-konisch","status":"publish","type":"product","link":"https:\/\/donaulife-new.ogrisdigital.at\/fi\/illex-bongkopf-konisch\/","title":{"rendered":"ILLEX Flutschkopf &#8216;Tube&#8217; konisch | 18,8 mm"},"content":{"rendered":"<h2>Illex Flutschkopf mit 18,8 mm Schliff<\/h2>\n<p>Der Klassiker! Dieses H\u00fctchen aus dem Hause Illex kommt mit einem 18,8 mm Schliff und in konischer Form.<\/p>\n<h3>\u00dcber Illex:<\/h3>\n<p>Langweilig? Bestimmt nicht mit den Modellen von Illex. Die Glaswaren des Herstellers kommen mit coolen klaren Designs daher, mit oder ohne Eisfach oder in Farbe aber garantiert immer g\u00fcnstig und zuverl\u00e4ssig. Nat\u00fcrlich gibts auch geiles Zubeh\u00f6r zum Spitzenpreis.<\/p>\n","protected":false},"excerpt":{"rendered":"<p>Illex Flutschkopf mit 18,8 mm Schliff Der Klassiker! Dieses H\u00fctchen aus dem Hause Illex kommt mit einem 18,8 mm Schliff<\/p>\n","protected":false},"featured_media":13904,"comment_status":"open","ping_status":"open","template":"","meta":{"_acf_changed":false},"product_cat":[2462,2459,2461,2464,2463,2460],"product_tag":[2465,2466],"acf":[],"_links":{"self":[{"href":"https:\/\/donaulife-new.ogrisdigital.at\/fi\/wp-json\/wp\/v2\/product\/50340"}],"collection":[{"href":"https:\/\/donaulife-new.ogrisdigital.at\/fi\/wp-json\/wp\/v2\/product"}],"about":[{"href":"https:\/\/donaulife-new.ogrisdigital.at\/fi\/wp-json\/wp\/v2\/types\/product"}],"replies":[{"embeddable":true,"href":"https:\/\/donaulife-new.ogrisdigital.at\/fi\/wp-json\/wp\/v2\/comments?post=50340"}],"wp:featuredmedia":[{"embeddable":true,"href":"https:\/\/donaulife-new.ogrisdigital.at\/fi\/wp-json\/wp\/v2\/media\/13904"}],"wp:attachment":[{"href":"https:\/\/donaulife-new.ogrisdigital.at\/fi\/wp-json\/wp\/v2\/media?parent=50340"}],"wp:term":[{"taxonomy":"product_cat","embeddable":true,"href":"https:\/\/donaulife-new.ogrisdigital.at\/fi\/wp-json\/wp\/v2\/product_cat?post=50340"},{"taxonomy":"product_tag","embeddable":true,"href":"https:\/\/donaulife-new.ogrisdigital.at\/fi\/wp-json\/wp\/v2\/product_tag?post=50340"}],"curies":[{"name":"wp","href":"https:\/\/api.w.org\/{rel}","templated":true}]}}