{"id":55242,"date":"2023-12-12T14:17:35","date_gmt":"2023-12-12T14:17:35","guid":{"rendered":"https:\/\/donaulife-new.ogrisdigital.at\/produkt\/hoj-hamp-mini-ham-p-40-blatt\/"},"modified":"2025-01-15T07:05:59","modified_gmt":"2025-01-15T07:05:59","slug":"hoj-hamp-mini-ham-p-40-blatt","status":"publish","type":"product","link":"https:\/\/donaulife-new.ogrisdigital.at\/en\/hoj-hamp-mini-ham-p-40-blatt\/","title":{"rendered":"H\u00d8J Hamp Mini + Tips | [ham-p] 40 Blatt"},"content":{"rendered":"<h1 class=\"title\">H\u00d8J Hamp Mini + Tips<\/h1>\n<h3>The gold standard for rolling<\/h3>\n<div>\n<p>40 Hemp papers, 40 Airflow filter tips &amp; Tray<\/p>\n<h3>Erleben Sie unvergleichlichen Komfort<\/h3>\n<\/div>\n<p>Beginnen Sie ein neues Kapitel im Hanfzubeh\u00f6r mit unserem neuen HAMP, deiner All-in-One-L\u00f6sung f\u00fcr ein raffiniertes Erlebnis. Unsere sorgf\u00e4ltig gefertigten Hanf-Rolling-Papiere brennen langsamer, haben einen unaufdringlichen Geschmack beim Anz\u00fcnden und sind widerstandsf\u00e4hig gegen Rei\u00dfen und Ausbrennen, was einen neuen Standard f\u00fcr Rolling-Erlebnisse setzt. Mit dem integrierten Rolling Tray und den verbesserten Filtern von HAMP ist Raffinesse jetzt zum Greifen nah.<\/p>\n<p><img fetchpriority=\"high\" decoding=\"async\" class=\"alignnone wp-image-52561\" src=\"https:\/\/www.donaulife.com\/wp-content\/uploads\/2023\/12\/1_3-300x211.webp\" alt=\"\" width=\"604\" height=\"425\" \/><\/p>\n<h2>Revolution\u00e4re Airflow Filters<\/h2>\n<p>Die charakteristischen roten Filter von HAMP, die jetzt noch dicker sind, optimieren den Luftstrom f\u00fcr einen gleichm\u00e4\u00dfigen Abbrand und verhindern, dass unerw\u00fcnschte Kr\u00e4uter eingeatmet werden. Diese erstklassigen Filter ver\u00e4ndern die Art und Weise, wie Du rollst und bieten eine nahtlose und angenehme Erfahrung.<\/p>\n<p><img decoding=\"async\" class=\"alignnone wp-image-52563\" src=\"https:\/\/www.donaulife.com\/wp-content\/uploads\/2023\/12\/2_2-300x211.webp\" alt=\"\" width=\"604\" height=\"425\" \/><\/p>\n<h3>Sowohl gr\u00fcn als auch gold<\/h3>\n<p>Jede 200. Packung HAMP ist ein Symbol f\u00fcr unser Engagement, dein Rolling-Erlebnis in ein aufregendes Vergn\u00fcgen zu verwandeln. Wenn du ein Gold Leaf in deiner Packung findest kannst du es gegen ein kostenloses HOJ Produkt einl\u00f6sen \ud83d\ude42<\/p>\n<p>HAMP verbindet Luxus mit gr\u00fcner Innovation. Hergestellt aus 100 % T\u00dcV S\u00dcD-gepr\u00fcftem, ungebleichtem Hanf und gef\u00e4rbt mit Bio-Sojatinte, erm\u00f6glicht HAMP dir, deinen Joint zu genie\u00dfen und gleichzeitig deinen \u00f6kologischen Fu\u00dfabdruck zu verringern. Unser Ziel? Die Kluft zwischen Raffinesse und Nachhaltigkeit zu \u00fcberbr\u00fccken &#8211; so wird jedes HAMP-Papier nicht nur zu einem Symbol f\u00fcr gr\u00fcnes Engagement, sondern auch zu einer potenziellen goldenen Entdeckung!<\/p>\n<p><img decoding=\"async\" class=\"alignnone wp-image-52568\" src=\"https:\/\/www.donaulife.com\/wp-content\/uploads\/2023\/12\/3_2-300x211.webp\" alt=\"\" width=\"604\" height=\"425\" \/><\/p>\n<h3>Anspruchsvolles Design<\/h3>\n<p>Das magnetische Verschlusssystem von HAMP sorgt f\u00fcr einen einfachen Zugriff und sch\u00fctzt deine Papiere vor Feuchtigkeit und Knicken, w\u00e4hrend die verst\u00e4rkte H\u00fclle daf\u00fcr sorgt, dass deine Papiere w\u00e4hrend des Transports nicht geknickt werden.<\/p>\n<p><img loading=\"lazy\" decoding=\"async\" class=\"alignnone wp-image-52570\" src=\"https:\/\/www.donaulife.com\/wp-content\/uploads\/2023\/12\/4_2-300x211.webp\" alt=\"\" width=\"604\" height=\"425\" \/><\/p>\n<div>\n<p><span style=\"font-size: 20.16px; color: #333333;\">Lieferumfang<\/span><\/p>\n<\/div>\n<p>1x Papers (kurz)<\/p>\n<p>&nbsp;<\/p>\n<p><strong style=\"color: #555555; font-size: 14.4px;\">Material<\/strong><\/p>\n<ul>\n<li>ungebleichter Hanf<\/li>\n<\/ul>\n<p><img loading=\"lazy\" decoding=\"async\" class=\"alignnone wp-image-52571\" src=\"https:\/\/www.donaulife.com\/wp-content\/uploads\/2023\/12\/HAMP_2.0_exploded_tech_sheet_2_1-300x255.webp\" alt=\"\" width=\"604\" height=\"513\" \/><\/p>\n<p><strong>Was passiert, wenn ich das Goldene Blatt finde?<\/strong><br \/>\nScanne den QR-Code, der sich in der Rolling Tray von HAMP befindet, und folge den Anweisungen, um dein kostenloses H\u00d8J-Produkt zu erhalten.<\/p>\n<div>\n<div>\n<div>\n<div>\n<h3><span style=\"font-size: 20.16px;\">\u00dcber H\u00d8J:<\/span><\/h3>\n<\/div>\n<\/div>\n<\/div>\n<\/div>\n<div>\n<p>H\u00d8J hat sich zum Ziel gesetzt, die Art und Weise zu ver\u00e4ndern, wie wir Cannabis erleben, indem Sie magische Produkte schaffen, die die Erfahrung des Nutzers in jeder Phase perfektionieren. Im Laufe unserer Geschichte werden sich zweifelsohne viele Dinge \u00e4ndern. Was sich jedoch niemals \u00e4ndern wird, sind unsere Werte.<\/p>\n<p>Diese wirst du sp\u00fcren, wenn du unsere Produkte verwendest.<\/p>\n<\/div>\n","protected":false},"excerpt":{"rendered":"<p>H\u00d8J Hamp Mini + Tips The gold standard for rolling 40 Hemp papers, 40 Airflow filter tips &amp; Tray Erleben<\/p>\n","protected":false},"featured_media":42985,"comment_status":"open","ping_status":"open","template":"","meta":{"_acf_changed":false},"product_cat":[2456,2451,2452,2754,2492],"product_tag":[3635],"acf":[],"_links":{"self":[{"href":"https:\/\/donaulife-new.ogrisdigital.at\/en\/wp-json\/wp\/v2\/product\/55242"}],"collection":[{"href":"https:\/\/donaulife-new.ogrisdigital.at\/en\/wp-json\/wp\/v2\/product"}],"about":[{"href":"https:\/\/donaulife-new.ogrisdigital.at\/en\/wp-json\/wp\/v2\/types\/product"}],"replies":[{"embeddable":true,"href":"https:\/\/donaulife-new.ogrisdigital.at\/en\/wp-json\/wp\/v2\/comments?post=55242"}],"wp:featuredmedia":[{"embeddable":true,"href":"https:\/\/donaulife-new.ogrisdigital.at\/en\/wp-json\/wp\/v2\/media\/42985"}],"wp:attachment":[{"href":"https:\/\/donaulife-new.ogrisdigital.at\/en\/wp-json\/wp\/v2\/media?parent=55242"}],"wp:term":[{"taxonomy":"product_cat","embeddable":true,"href":"https:\/\/donaulife-new.ogrisdigital.at\/en\/wp-json\/wp\/v2\/product_cat?post=55242"},{"taxonomy":"product_tag","embeddable":true,"href":"https:\/\/donaulife-new.ogrisdigital.at\/en\/wp-json\/wp\/v2\/product_tag?post=55242"}],"curies":[{"name":"wp","href":"https:\/\/api.w.org\/{rel}","templated":true}]}}