{"id":55241,"date":"2023-12-12T14:03:02","date_gmt":"2023-12-12T14:03:02","guid":{"rendered":"https:\/\/donaulife-new.ogrisdigital.at\/produkt\/love-mary-like-juana-humidor-mary-n-420-violett\/"},"modified":"2024-07-01T01:13:55","modified_gmt":"2024-07-01T01:13:55","slug":"love-mary-like-juana-humidor-mary-n-420-violett","status":"publish","type":"product","link":"https:\/\/donaulife-new.ogrisdigital.at\/en\/love-mary-like-juana-humidor-mary-n-420-violett\/","title":{"rendered":"LOVE MARY LIKE JUANA Humidor | Mary N\u00b0 420 (violett)"},"content":{"rendered":"<h3>Love Mary Like Juana Humidorglas<\/h3>\n<p><strong>Optimale Konservierung &amp; Kontrolle<\/strong><\/p>\n<p>&#8216;Mary N\u00b0420&#8217; bietet dank des Violettglases von allen bekannten Glasarten (z.B. Braunglas, Blauglas, Gr\u00fcnglas, Klarglas) den h\u00f6chsten Schutz vor UV-Licht. Dank des integrierten Hygrometers und des Boveda Hygro-Packs hast du auch die Luftfeuchtigkeit immer im Griff. So wird nicht nur die Potenz und der Geschmack deines Grases konserviert, du kannst auch Bl\u00fcten in schlechtem Zustand wieder auffrischen.<\/p>\n<p><strong>Humidor mit Kindersicherung<\/strong><\/p>\n<p>Wir sind stolz, den ersten Cannabis Humidor mit Kindersicherung im Verschluss pr\u00e4sentieren zu k\u00f6nnen. So bleibt der Inhalt vor kleinen neugierigen Fingern verborgen und der Humidor kann ohne Bedenken \u00fcberall abgestellt werden.<\/p>\n<p><strong>Metall-Label aus Zinn<\/strong><\/p>\n<p>Auch in Sachen Optik wollten wir einen neuen Meilenstein setzen. Das Gewand der \u201aMary N\u00b0420\u2018 besteht aus einem hochwertigen Metall-Label gefertigt aus Zinn,\u00a0welches sich dennoch optimal an die Form des Glas anschmiegt. Der edle 3D-Look ist merkbar zu sp\u00fcren.<\/p>\n<p><strong>Boveda-Pack\u00a0Vorrichtung\u00a0&amp; Violettfolie<\/strong><\/p>\n<p>Im Inneren der \u201aMary N\u00b0420\u2018 befindet sich eine Vorrichtung f\u00fcr das Boveda Hygro Pack, so herrscht Ordnung im Glas und kein Platz geht verloren. Der violette Energieverschluss beinhaltet eine zus\u00e4tzliche 2 mm dicke violette Energieschutzeinlage, um einen optimalen UV-Schutz zu garantieren.<\/p>\n<p><strong>Start-Up Unterst\u00fctzen<\/strong><\/p>\n<p>Innovative Produkte kaufen und ein junges Start-Up unterst\u00fctzen? Dann bist du bei uns an der richtigen Adresse, denn wir sind ein in 2019 am 420-Day gestartetes Jungunternehmen aus K\u00f6ln.<\/p>\n<h3>100% Glas \u2013 100% Geschmack<\/h3>\n<p>Dank des reinen Glases gibts immer nur puren perfekten Geschmack.<\/p>\n<p><strong>Eigenschaften:<\/strong><\/p>\n<ul>\n<li>Cannabis Humidor \u201aMary N\u00b0420\u2018 mit Hygrometer zur Luftfeuchtigkeitskontrolle<\/li>\n<li>Energieverschluss mit Kindersicherung<\/li>\n<li>Praktische Boveda Pack Klammervorrichtung<\/li>\n<li>Hochwertiges Metall-Label mit Pr\u00e4gung<\/li>\n<li>Spezielle Violettfolie im Deckelinneren zum UV-Lichtschutz<\/li>\n<li>Extra gro\u00dfe \u00d6ffnung: 7,5 cm<\/li>\n<li>Inklusive Boveda Hygro-Pack 62% 4g<\/li>\n<li>Apothekenqualit\u00e4t, Glasart III, gefertigt nach dem Europ\u00e4ischen Arzneibuch.<\/li>\n<\/ul>\n<h2>\u00dcber Love Mary like Juana:<\/h2>\n<p><strong>Wo bewahrst du dein Gras auf ?!<br \/>\n<\/strong><br \/>\nMit dieser Frage hat alles begonnen.<\/p>\n<p>W\u00e4hrend Marc, einer der beiden Gr\u00fcnder, vorher eine Blechdose zur Aufbewahrung genutzt hatte, griff Marcus, der Co.-Gr\u00fcnder, auf Opa&#8217;s alte Pfeifenbox zur\u00fcck.<br \/>\nDoch was f\u00fcr Alternativen gab es vor der &#8216;Mary in a Bottle&#8217; ?<br \/>\nWer kennt nicht die Anf\u00e4nge von Alufolie, Plastikt\u00fcte und Co. ?!<br \/>\nAuch alte Einmachgl\u00e4ser, Tupperdosen oder Versteckdosen aus Aluminium werden dieser heiligen Pflanze nicht gerecht.<br \/>\nWarum nicht also ein hochwertiges, auf die Eigenschaften von Cannabisbl\u00fcten angepasstes Aufbewahrungsgef\u00e4\u00df kreieren ?!<br \/>\nDoch das Auge isst bekanntlich mit: Also muss es auch mit einem speziellen Look bestechen. Einem, der an die medizinische Vergangenheit dieser Heilpflanze erinnert &#8211; Funktionalit\u00e4t und Design vereint.<br \/>\nSo entstand die Idee der &#8216;Mary in a Bottle&#8217; im Sommer 2018 und wird bis heute fort gelebt.<\/p>\n","protected":false},"excerpt":{"rendered":"<p>Love Mary Like Juana Humidorglas Optimale Konservierung &amp; Kontrolle &#8216;Mary N\u00b0420&#8217; bietet dank des Violettglases von allen bekannten Glasarten (z.B.<\/p>\n","protected":false},"featured_media":42977,"comment_status":"open","ping_status":"open","template":"","meta":{"_acf_changed":false},"product_cat":[2607,2566,3142,2451],"product_tag":[3271],"acf":[],"_links":{"self":[{"href":"https:\/\/donaulife-new.ogrisdigital.at\/en\/wp-json\/wp\/v2\/product\/55241"}],"collection":[{"href":"https:\/\/donaulife-new.ogrisdigital.at\/en\/wp-json\/wp\/v2\/product"}],"about":[{"href":"https:\/\/donaulife-new.ogrisdigital.at\/en\/wp-json\/wp\/v2\/types\/product"}],"replies":[{"embeddable":true,"href":"https:\/\/donaulife-new.ogrisdigital.at\/en\/wp-json\/wp\/v2\/comments?post=55241"}],"wp:featuredmedia":[{"embeddable":true,"href":"https:\/\/donaulife-new.ogrisdigital.at\/en\/wp-json\/wp\/v2\/media\/42977"}],"wp:attachment":[{"href":"https:\/\/donaulife-new.ogrisdigital.at\/en\/wp-json\/wp\/v2\/media?parent=55241"}],"wp:term":[{"taxonomy":"product_cat","embeddable":true,"href":"https:\/\/donaulife-new.ogrisdigital.at\/en\/wp-json\/wp\/v2\/product_cat?post=55241"},{"taxonomy":"product_tag","embeddable":true,"href":"https:\/\/donaulife-new.ogrisdigital.at\/en\/wp-json\/wp\/v2\/product_tag?post=55241"}],"curies":[{"name":"wp","href":"https:\/\/api.w.org\/{rel}","templated":true}]}}