{"id":55234,"date":"2023-12-12T11:40:00","date_gmt":"2023-12-12T11:40:00","guid":{"rendered":"https:\/\/donaulife-new.ogrisdigital.at\/produkt\/blaze-glass-percolatorbong-mush-mit-baumperc\/"},"modified":"2024-07-01T01:13:52","modified_gmt":"2024-07-01T01:13:52","slug":"blaze-glass-percolatorbong-mush-mit-baumperc","status":"publish","type":"product","link":"https:\/\/donaulife-new.ogrisdigital.at\/en\/blaze-glass-percolatorbong-mush-mit-baumperc\/","title":{"rendered":"BLAZE GLASS Percolatorbong &#8216;Mush&#8217; mit Baumperc | 30\/40\/50 cm"},"content":{"rendered":"<h2>Blaze Glass Bong mit Pilz Spritzschutz und einem 10-Arm Baumpercolator<\/h2>\n<div>Der dekorative schwarz-wei\u00dfe Mushroom im Zugrohr fasziniert die handgefertigte Wasserpfeife Mushroom unserer Premiummarke BLAZE. Gleichzeitig fungiert er als Schutz f\u00fcr deinem Mund vor dem ungeniesbarem Bongwasser. Die elegante und kompakte Bong aus hochwertigem Borosilikatglas verf\u00fcgt \u00fcber eine Wandst\u00e4rke von 5 mm und \u00fcber ein K\u00f6pfchen mit einem 8 mm Durchlass.<\/div>\n<div><\/div>\n<div>Der mitgelieferte Steckadapter verf\u00fcgt \u00fcber L\u00fcftungs- und Rauchfilterschlitze. Ein kr\u00e4ftiger Rundfu\u00df gew\u00e4hrleistet die notwendige Stabilit\u00e4t beim Stand und Eisdornen halten die Eisw\u00fcrfel sicher \u00fcber dem Pilz. Auf der Vorderseite ist das silberne BLAZE-Logo dezent angebracht. Die au\u00dfergew\u00f6hnliche Glasbong wird durch ein Kickloch vervollst\u00e4ndigt, das Durchzug mit Volldampf garantiert.<\/div>\n","protected":false},"excerpt":{"rendered":"<p>Blaze Glass Bong mit Pilz Spritzschutz und einem 10-Arm Baumpercolator Der dekorative schwarz-wei\u00dfe Mushroom im Zugrohr fasziniert die handgefertigte Wasserpfeife<\/p>\n","protected":false},"featured_media":42937,"comment_status":"open","ping_status":"open","template":"","meta":{"_acf_changed":false},"product_cat":[2514,2545,2459,2510,2523,2515,2577,2506,2463],"product_tag":[2547],"acf":[],"_links":{"self":[{"href":"https:\/\/donaulife-new.ogrisdigital.at\/en\/wp-json\/wp\/v2\/product\/55234"}],"collection":[{"href":"https:\/\/donaulife-new.ogrisdigital.at\/en\/wp-json\/wp\/v2\/product"}],"about":[{"href":"https:\/\/donaulife-new.ogrisdigital.at\/en\/wp-json\/wp\/v2\/types\/product"}],"replies":[{"embeddable":true,"href":"https:\/\/donaulife-new.ogrisdigital.at\/en\/wp-json\/wp\/v2\/comments?post=55234"}],"wp:featuredmedia":[{"embeddable":true,"href":"https:\/\/donaulife-new.ogrisdigital.at\/en\/wp-json\/wp\/v2\/media\/42937"}],"wp:attachment":[{"href":"https:\/\/donaulife-new.ogrisdigital.at\/en\/wp-json\/wp\/v2\/media?parent=55234"}],"wp:term":[{"taxonomy":"product_cat","embeddable":true,"href":"https:\/\/donaulife-new.ogrisdigital.at\/en\/wp-json\/wp\/v2\/product_cat?post=55234"},{"taxonomy":"product_tag","embeddable":true,"href":"https:\/\/donaulife-new.ogrisdigital.at\/en\/wp-json\/wp\/v2\/product_tag?post=55234"}],"curies":[{"name":"wp","href":"https:\/\/api.w.org\/{rel}","templated":true}]}}