{"id":55233,"date":"2023-12-12T11:15:18","date_gmt":"2023-12-12T11:15:18","guid":{"rendered":"https:\/\/donaulife-new.ogrisdigital.at\/produkt\/woodzl-joint-case-bambus\/"},"modified":"2025-01-15T07:06:00","modified_gmt":"2025-01-15T07:06:00","slug":"woodzl-joint-case-bambus","status":"publish","type":"product","link":"https:\/\/donaulife-new.ogrisdigital.at\/en\/woodzl-joint-case-bambus\/","title":{"rendered":"Woodzl Joint Case | Bambus"},"content":{"rendered":"<h2>Woodzl Joint Case aus Bambus<\/h2>\n<p><em>Joint Case aus Bambus mit Extrafach<\/em><\/p>\n<p>Der elegante\u00a0<strong>Woodzl Bamboo Guard<\/strong>\u00a0sch\u00fctzt deine liebevoll gerollten Joints und h\u00e4lt deine Knospe mit seinem geruchs- und wasserfesten Design frisch.<\/p>\n<p>Das Extrafach kann als mini Aschenbecher f\u00fcr unterwegs genutzt werden.<br \/>\nAlternativ lassen sich in dem geruchsdichten Fach auch deine feinsten Kr\u00e4uter aufbewahren.<\/p>\n<p>Das nat\u00fcrliche Joint Case aus Bambus ist deine umweltfreundliche Alternative zu der weitverbreiteten Joint Tube aus Metall oder Kunststoff.<\/p>\n<h5>Weshalb du den Bamboo Guard\u00a0aus Bambus lieben wirst:<\/h5>\n<ul>\n<li>extra geruchsdichtes\u00a0<strong>Premium-Bambusmaterial<\/strong><\/li>\n<li><strong>Joint H\u00fclle<\/strong>\u00a0f\u00fcr bis zu 3 Brokkoli-Zigaretten \u2013 je nach Baustil<\/li>\n<li>Extrafach als\u00a0<strong>mobiler Aschenbecher<\/strong>\u00a0oder zur\u00a0<strong>Aufbewahrung deiner Kr\u00e4uter<\/strong><\/li>\n<li><strong>elegantes und diskretes<\/strong>\u00a0Bambus Joint Tube<\/li>\n<li>passt perfekt in deine Tasche oder Rucksack.\u00a0<strong>Ideal f\u00fcr unterwegs<\/strong><\/li>\n<li>L\u00e4nge 160 mm, Durchmesser 23 mm<\/li>\n<\/ul>\n<p>Kombiniert mit den\u00a0<a href=\"https:\/\/woodzl.de\/shop\/longpapers-brown-und-tips-mit-drehunterlage\/\" target=\"_blank\" rel=\"noopener\">Woodzl Longpapes<\/a>\u00a0und der\u00a0<a href=\"https:\/\/woodzl.de\/shop\/edelstahl-grinderkarte-kaufen\/\" target=\"_blank\" rel=\"noopener\">Grinderkarte<\/a>\u00a0ist die Joint H\u00fclle aus Bambus dein idealer Reisebegleiter, egal wohin dich dein Abenteuer f\u00fchrt.<\/p>\n<h5>Warum ist das Joint Case aus Bambus?<\/h5>\n<p>Bambus ist ein unglaublich schnell wachsender Rohstoff. Bis zu einem Meter am Tag w\u00e4chst das au\u00dfergew\u00f6hnliche Gras in die H\u00f6he. Somit k\u00f6nnen j\u00e4hrlich gro\u00dfe Mengen davon problemlos geschlagen werden.<\/p>\n<p>Neben vielen weiteren Vorteilen bindet Bambus bis zu\u00a0<a href=\"https:\/\/www.nachhaltiger-warenkorb.de\/ist-bambus-ein-nachhaltiger-rohstoff\/#:~:text=In%20Sachen%20Nachhaltigkeit%20hat%20Bambus,Bambusprodukte%20verkaufte%20Waren%20wirklich%20nachhaltig\" target=\"_blank\" rel=\"noopener\">viermal mehr CO2<\/a>\u00a0als andere Baumarten und ist somit extrem klimafreundlich.<\/p>\n<p>Auch die antibakteriellen Eigenschaften eignen sich hervorragend f\u00fcr die Aufbewahrung und den Schutz deiner Brokkoli-Zigaretten.<\/p>\n<p><img fetchpriority=\"high\" decoding=\"async\" class=\"alignnone wp-image-52524\" src=\"https:\/\/www.donaulife.com\/wp-content\/uploads\/2023\/12\/Bamboo-Guard_03-poster-1920-300x200.jpg\" alt=\"\" width=\"731\" height=\"487\" \/><\/p>\n<h3>\u00dcber Woodzl:<\/h3>\n<p>Wir, das Woodzl-Team, sind ein kleines Start-up aus Regensburg, dem Herzen des Bayerischen Waldes.<\/p>\n<p>Wir leben mit und in unserer Umwelt und wollen nachhaltig und bewusst damit umgehen. Wir lieben es, drau\u00dfen unterwegs zu sein und mit guten Freunden das Leben zu genie\u00dfen.<\/p>\n<p>Mit Woodzl hast du immer alles dabei \u2013 kompakt und stilvoll verpackt.<\/p>\n","protected":false},"excerpt":{"rendered":"<p>Woodzl Joint Case aus Bambus Joint Case aus Bambus mit Extrafach Der elegante\u00a0Woodzl Bamboo Guard\u00a0sch\u00fctzt deine liebevoll gerollten Joints und<\/p>\n","protected":false},"featured_media":42929,"comment_status":"open","ping_status":"open","template":"","meta":{"_acf_changed":false},"product_cat":[2607,2451,3244],"product_tag":[],"acf":[],"_links":{"self":[{"href":"https:\/\/donaulife-new.ogrisdigital.at\/en\/wp-json\/wp\/v2\/product\/55233"}],"collection":[{"href":"https:\/\/donaulife-new.ogrisdigital.at\/en\/wp-json\/wp\/v2\/product"}],"about":[{"href":"https:\/\/donaulife-new.ogrisdigital.at\/en\/wp-json\/wp\/v2\/types\/product"}],"replies":[{"embeddable":true,"href":"https:\/\/donaulife-new.ogrisdigital.at\/en\/wp-json\/wp\/v2\/comments?post=55233"}],"wp:featuredmedia":[{"embeddable":true,"href":"https:\/\/donaulife-new.ogrisdigital.at\/en\/wp-json\/wp\/v2\/media\/42929"}],"wp:attachment":[{"href":"https:\/\/donaulife-new.ogrisdigital.at\/en\/wp-json\/wp\/v2\/media?parent=55233"}],"wp:term":[{"taxonomy":"product_cat","embeddable":true,"href":"https:\/\/donaulife-new.ogrisdigital.at\/en\/wp-json\/wp\/v2\/product_cat?post=55233"},{"taxonomy":"product_tag","embeddable":true,"href":"https:\/\/donaulife-new.ogrisdigital.at\/en\/wp-json\/wp\/v2\/product_tag?post=55233"}],"curies":[{"name":"wp","href":"https:\/\/api.w.org\/{rel}","templated":true}]}}