{"id":55217,"date":"2023-12-06T18:08:45","date_gmt":"2023-12-06T18:08:45","guid":{"rendered":"https:\/\/donaulife-new.ogrisdigital.at\/produkt\/winnie-blunts-bananenblatt-ks-cones-3-stueck\/"},"modified":"2024-07-01T01:13:38","modified_gmt":"2024-07-01T01:13:38","slug":"winnie-blunts-bananenblatt-ks-cones-3-stueck","status":"publish","type":"product","link":"https:\/\/donaulife-new.ogrisdigital.at\/en\/winnie-blunts-bananenblatt-ks-cones-3-stueck\/","title":{"rendered":"WINNIE BLUNTS &#8216;Bananenblatt&#8217; KS Cones | 3 St\u00fcck"},"content":{"rendered":"<h2>Winnie Blunts Bananenblatt Kingsize Cones im 3er Pack<\/h2>\n<p>Unsere Bananenblatt Blunts sind nicht nur einzigartig, sondern auch besonders geschmeidig beim Rauchen.<\/p>\n<p>Die Bl\u00e4tter werden im Lehmofen bei schonender Hitze angetrocknet und anschlie\u00dfend in die Sonne gelegt bis sie perfekt sind. Danach werden die Bl\u00e4tter unter UV-Licht schonend gelagert.<\/p>\n<p>Die Bl\u00e4tter sind komplett unbehandelt und k\u00f6nnen bedenkenlos geraucht werden. Die Blunts kommen mit unserem beliebten Maisschalenfilter.<\/p>\n<p>Smoke The Most Natural Way!!<\/p>\n<h3>\u00dcber Winnie Blunts:<\/h3>\n<p>Unsere Blunts, die Tabakfrei kommen, sind ma\u00dfgeschneidert f\u00fcr alle die ein hochwertiges und nat\u00fcrliches Raucherlebnis suchen.<br \/>\nDie Blunts entwickeln ein geschmeidiges Raucherlebnis und sind au\u00dferdem ein absoluter Hingucker. Nat\u00fcrlich biologisch abbaubar und ohne jegliche Zusatzstoffe.<\/p>\n<p>&nbsp;<\/p>\n","protected":false},"excerpt":{"rendered":"<p>Winnie Blunts Bananenblatt Kingsize Cones im 3er Pack Unsere Bananenblatt Blunts sind nicht nur einzigartig, sondern auch besonders geschmeidig beim<\/p>\n","protected":false},"featured_media":42772,"comment_status":"open","ping_status":"open","template":"","meta":{"_acf_changed":false},"product_cat":[2489,2451,2452,2724],"product_tag":[],"acf":[],"_links":{"self":[{"href":"https:\/\/donaulife-new.ogrisdigital.at\/en\/wp-json\/wp\/v2\/product\/55217"}],"collection":[{"href":"https:\/\/donaulife-new.ogrisdigital.at\/en\/wp-json\/wp\/v2\/product"}],"about":[{"href":"https:\/\/donaulife-new.ogrisdigital.at\/en\/wp-json\/wp\/v2\/types\/product"}],"replies":[{"embeddable":true,"href":"https:\/\/donaulife-new.ogrisdigital.at\/en\/wp-json\/wp\/v2\/comments?post=55217"}],"wp:featuredmedia":[{"embeddable":true,"href":"https:\/\/donaulife-new.ogrisdigital.at\/en\/wp-json\/wp\/v2\/media\/42772"}],"wp:attachment":[{"href":"https:\/\/donaulife-new.ogrisdigital.at\/en\/wp-json\/wp\/v2\/media?parent=55217"}],"wp:term":[{"taxonomy":"product_cat","embeddable":true,"href":"https:\/\/donaulife-new.ogrisdigital.at\/en\/wp-json\/wp\/v2\/product_cat?post=55217"},{"taxonomy":"product_tag","embeddable":true,"href":"https:\/\/donaulife-new.ogrisdigital.at\/en\/wp-json\/wp\/v2\/product_tag?post=55217"}],"curies":[{"name":"wp","href":"https:\/\/api.w.org\/{rel}","templated":true}]}}