{"id":55216,"date":"2023-12-06T17:55:05","date_gmt":"2023-12-06T17:55:05","guid":{"rendered":"https:\/\/donaulife-new.ogrisdigital.at\/produkt\/winnie-blunts-tendu-natur-ks-cones-3-stueck\/"},"modified":"2024-07-01T01:13:37","modified_gmt":"2024-07-01T01:13:37","slug":"winnie-blunts-tendu-natur-ks-cones-3-stueck","status":"publish","type":"product","link":"https:\/\/donaulife-new.ogrisdigital.at\/en\/winnie-blunts-tendu-natur-ks-cones-3-stueck\/","title":{"rendered":"WINNIE BLUNTS &#8216;Tendu Natur&#8217; KS Cones | 3 St\u00fcck"},"content":{"rendered":"<h2>Winnie Blunts Tendu Kingsize Cones im 3er Pack<\/h2>\n<p>Unsere Tendu Blunts sind die perfekte Wahl f\u00fcr alle, die ein nat\u00fcrliches und hochwertiges Raucherlebnis suchen. Anders als herk\u00f6mmliche Blunts, die oft mit Tabak gef\u00fcllt sind, sind unsere Blunts komplett tabakfrei und somit eine ges\u00fcndere Alternative.<\/p>\n<p>Die langsam brennenden Blattrollen sind ma\u00dfgeschneidert, um den Geschmack deiner Kr\u00e4uter zu verst\u00e4rken, ohne dabei die Terpene zu beeinflussen. Das Ergebnis ist ein angenehmes Raucherlebnis, das deine Sinne auf eine neue Ebene bringt. Unsere Blunts haben au\u00dferdem ein schlankeres Profil und sind flexibel, was das Rauchen noch angenehmer macht.<\/p>\n<p>Das Beste daran ist, dass unsere Blunts biologisch abbaubar sind und keine sch\u00e4dlichen Zusatzstoffe enthalten. Du kannst also bedenkenlos rauchen und dabei die Natur schonen. In jeder Packung sind drei leckere Blunts enthalten, die mit einem Stock zum Stopfen geliefert werden.<\/p>\n<p>Also, worauf wartest du noch? Probier unsere Tendu Blunts aus und erlebe das nat\u00fcrliche Raucherlebnis auf die beste Art und Weise.<\/p>\n<p>SMOKE THE MOST NATURAL WAY with Tendu Leaf Cones!<\/p>\n<h3>\u00dcber Winnie Blunts:<\/h3>\n<p>Unsere Blunts, die Tabakfrei kommen, sind ma\u00dfgeschneidert f\u00fcr alle die ein hochwertiges und nat\u00fcrliches Raucherlebnis suchen.<br \/>\nDie Blunts entwickeln ein geschmeidiges Raucherlebnis und sind au\u00dferdem ein absoluter Hingucker. Nat\u00fcrlich biologisch abbaubar und ohne jegliche Zusatzstoffe.<\/p>\n<p>&nbsp;<\/p>\n","protected":false},"excerpt":{"rendered":"<p>Winnie Blunts Tendu Kingsize Cones im 3er Pack Unsere Tendu Blunts sind die perfekte Wahl f\u00fcr alle, die ein nat\u00fcrliches<\/p>\n","protected":false},"featured_media":42783,"comment_status":"open","ping_status":"open","template":"","meta":{"_acf_changed":false},"product_cat":[2489,2451,2452,2724],"product_tag":[],"acf":[],"_links":{"self":[{"href":"https:\/\/donaulife-new.ogrisdigital.at\/en\/wp-json\/wp\/v2\/product\/55216"}],"collection":[{"href":"https:\/\/donaulife-new.ogrisdigital.at\/en\/wp-json\/wp\/v2\/product"}],"about":[{"href":"https:\/\/donaulife-new.ogrisdigital.at\/en\/wp-json\/wp\/v2\/types\/product"}],"replies":[{"embeddable":true,"href":"https:\/\/donaulife-new.ogrisdigital.at\/en\/wp-json\/wp\/v2\/comments?post=55216"}],"wp:featuredmedia":[{"embeddable":true,"href":"https:\/\/donaulife-new.ogrisdigital.at\/en\/wp-json\/wp\/v2\/media\/42783"}],"wp:attachment":[{"href":"https:\/\/donaulife-new.ogrisdigital.at\/en\/wp-json\/wp\/v2\/media?parent=55216"}],"wp:term":[{"taxonomy":"product_cat","embeddable":true,"href":"https:\/\/donaulife-new.ogrisdigital.at\/en\/wp-json\/wp\/v2\/product_cat?post=55216"},{"taxonomy":"product_tag","embeddable":true,"href":"https:\/\/donaulife-new.ogrisdigital.at\/en\/wp-json\/wp\/v2\/product_tag?post=55216"}],"curies":[{"name":"wp","href":"https:\/\/api.w.org\/{rel}","templated":true}]}}