{"id":55197,"date":"2023-11-22T09:46:44","date_gmt":"2023-11-22T09:46:44","guid":{"rendered":"https:\/\/donaulife-new.ogrisdigital.at\/produkt\/bio-glass-dab-rig-wine-glass-23-cm\/"},"modified":"2025-01-15T07:06:06","modified_gmt":"2025-01-15T07:06:06","slug":"bio-glass-dab-rig-wine-glass-23-cm","status":"publish","type":"product","link":"https:\/\/donaulife-new.ogrisdigital.at\/en\/bio-glass-dab-rig-wine-glass-23-cm\/","title":{"rendered":"Bio Glass Dab Rig &#8216;Wine Glass&#8217; | 23 cm"},"content":{"rendered":"<h2>Bio Glass Dab Rig Wine Glass<\/h2>\n<p>Diese Bio Glass Wasserpfeife ist 23 cm hoch und verf\u00fcgt \u00fcber einen Glas Dome mit Quarz Nagel. Hergestellt aus hochwertigem Borosilikatglas, bietet es eine robuste Konstruktion und eine einfache Reinigung. Seine kompakte Gr\u00f6\u00dfe von 23 cm macht die Rig tragbar und ideal f\u00fcr unterwegs. Die bunten Farbakzente verleihen jedem St\u00fcck eine individuelle Note und sehen verdammt gut aus.<\/p>\n<p>Bio Glass Glasprodukte sind aus hochwertigem Borosilikatglas gefertigt und werden mit einem Glas-Dome und Quarz Nagel geliefert.<\/p>\n<h3>\u00dcber Bio Glass:<\/h3>\n<div>Bei Bio Glass sind wir stolz auf die Arbeit, die wir leisten. Unsere erfahrenen Glasbl\u00e4ser nutzen ihre jahrelange Erfahrung, um innovative und stilvolle St\u00fccke zu kreieren, die mit Sicherheit auffallen. Wir garantieren, dass alle unsere Produkte alles andere als gew\u00f6hnlich sind. In diesem Markt haben wir einen Mangel an neuen Ideen festgestellt und Bio produziert mit dem Ziel, der beste in der Branche zu sein.<\/div>\n","protected":false},"excerpt":{"rendered":"<p>Bio Glass Dab Rig Wine Glass Diese Bio Glass Wasserpfeife ist 23 cm hoch und verf\u00fcgt \u00fcber einen Glas Dome<\/p>\n","protected":false},"featured_media":42690,"comment_status":"open","ping_status":"closed","template":"","meta":{"_acf_changed":false},"product_cat":[2514,2963,2459,2513,2546,2506,2463,2520,2551],"product_tag":[],"acf":[],"_links":{"self":[{"href":"https:\/\/donaulife-new.ogrisdigital.at\/en\/wp-json\/wp\/v2\/product\/55197"}],"collection":[{"href":"https:\/\/donaulife-new.ogrisdigital.at\/en\/wp-json\/wp\/v2\/product"}],"about":[{"href":"https:\/\/donaulife-new.ogrisdigital.at\/en\/wp-json\/wp\/v2\/types\/product"}],"replies":[{"embeddable":true,"href":"https:\/\/donaulife-new.ogrisdigital.at\/en\/wp-json\/wp\/v2\/comments?post=55197"}],"wp:featuredmedia":[{"embeddable":true,"href":"https:\/\/donaulife-new.ogrisdigital.at\/en\/wp-json\/wp\/v2\/media\/42690"}],"wp:attachment":[{"href":"https:\/\/donaulife-new.ogrisdigital.at\/en\/wp-json\/wp\/v2\/media?parent=55197"}],"wp:term":[{"taxonomy":"product_cat","embeddable":true,"href":"https:\/\/donaulife-new.ogrisdigital.at\/en\/wp-json\/wp\/v2\/product_cat?post=55197"},{"taxonomy":"product_tag","embeddable":true,"href":"https:\/\/donaulife-new.ogrisdigital.at\/en\/wp-json\/wp\/v2\/product_tag?post=55197"}],"curies":[{"name":"wp","href":"https:\/\/api.w.org\/{rel}","templated":true}]}}